{"id":128,"date":"2023-06-25T11:42:18","date_gmt":"2023-06-25T09:42:18","guid":{"rendered":"https:\/\/www.allmogegeten.se\/?page_id=128"},"modified":"2023-06-25T12:18:48","modified_gmt":"2023-06-25T10:18:48","slug":"fodertips-vid-torka","status":"publish","type":"page","link":"https:\/\/www.allmogegeten.se\/index.php\/fodertips-vid-torka\/","title":{"rendered":"Fodertips vid torka"},"content":{"rendered":"\n<p>Artiklar ur \u00e4ldre nummer av medlemstidningen Heidrun som ber\u00f6r foderhantering, torka och &#8221;n\u00f6dfoder&#8221; till getter. L\u00f6vt\u00e4kt, \u00e4ngssl\u00e5tter och mycket mera. <\/p>\n\n\n\n<ul class=\"wp-block-list\">\n<li><strong>Tips n\u00e4r fodret tryter.<\/strong> Om bete, tjudring, vinterfoder, l\u00f6vfoder, djurantal mm. <br>PDF: <a href=\"https:\/\/www.allmogegeten.se\/wp-content\/uploads\/2023\/06\/heidrun_18-2_Tips_nar_fodret_tryter.pdf\" data-type=\"attachment\" data-id=\"135\">heidrun_18-2_Tips_nar_fodret_tryter<\/a><\/li>\n\n\n\n<li><strong>I torkans Sverige &#8211; N\u00f6dfoder och l\u00f6vfoder.<\/strong> Debattinslag fr\u00e5n CBM om l\u00f6vt\u00e4kt, utmarksbete och sl\u00e5ttermarker. M\u00e5nga l\u00e4stips. <br>PDF: <a href=\"https:\/\/www.allmogegeten.se\/wp-content\/uploads\/2023\/06\/heidrun_18-2_CBM_Nodfoder_och_lovfoder.pdf\" data-type=\"attachment\" data-id=\"133\">heidrun_18-2_CBM_Nodfoder_och_lovfoder<\/a><\/li>\n\n\n\n<li><strong>Klovar &#8211; nyttigt vinterfoder.<\/strong> Tips fr\u00e5n Forsn\u00e4s Hemman om att l\u00e5ta getterna gnaga bark av tall som ska bli ved.<br>PDF: <a href=\"https:\/\/www.allmogegeten.se\/wp-content\/uploads\/2023\/06\/heidrun_15_4_Klovar_nyttigt_vinterfoder.pdf\" data-type=\"attachment\" data-id=\"131\">heidrun_15_4_Klovar_nyttigt_vinterfoder<\/a><\/li>\n\n\n\n<li><strong>Forntida foder. <\/strong>Om djurh\u00e5llning och foderf\u00f6rs\u00f6rjning i H\u00e4rjedalen p\u00e5 vikingatid, fr\u00e5n Institutet f\u00f6r forntida teknik.<br>PDF: <a href=\"https:\/\/www.allmogegeten.se\/wp-content\/uploads\/2023\/06\/heidrun_2015-2_Forntida_foder.pdf\" data-type=\"attachment\" data-id=\"137\">heidrun_2015-2_Forntida_foder<\/a><\/li>\n\n\n\n<li><strong>Vi har utlyst katastroftillst\u00e5nd.<\/strong> AnnJessica p\u00e5 Forsn\u00e4s Hemman i norrlands inland ber\u00e4ttar hur dom f\u00f6rbereder f\u00f6r foderbrist 2018. Om l\u00f6vt\u00e4kt, alternativa sl\u00e5ttermarker mm<br> PDF: <a href=\"https:\/\/www.allmogegeten.se\/wp-content\/uploads\/2023\/06\/heidrun_18-2_Forsnas_Katastroftillstand.pdf\" data-type=\"attachment\" data-id=\"134\">heidrun_18-2_Forsnas_Katastroftillstand<\/a><\/li>\n\n\n\n<li><strong>Fodrets roll i bevarandet.<\/strong> Fr\u00e4mst om \u00e4ngssl\u00e5tter och skillnad p\u00e5 h\u00f6 och h\u00f6. <br>PDF: <a href=\"https:\/\/www.allmogegeten.se\/wp-content\/uploads\/2023\/06\/heidrun_2015-2_Fodrets_roll_i_bevarandet.pdf\" data-type=\"attachment\" data-id=\"136\">heidrun_2015-2_Fodrets_roll_i_bevarandet<\/a><\/li>\n\n\n\n<li><strong>Ta l\u00f6v.<\/strong> Forsn\u00e4s Hemman om att samla och torka l\u00f6v till getter. <br>PDF: <a href=\"https:\/\/www.allmogegeten.se\/wp-content\/uploads\/2023\/06\/heidrun_2015-2_Ta_lov.pdf\" data-type=\"attachment\" data-id=\"138\">heidrun_2015-2_Ta_lov<\/a><\/li>\n\n\n\n<li><strong>Giftiga v\u00e4xter.<\/strong> N\u00e4r betet blir s\u00e4mre \u00f6kar risken f\u00f6r att djuren \u00e4ter s\u00e5dant dom normalt undviker. Lista \u00f6ver v\u00e4xter som \u00e4r giftiga f\u00f6r getter. <br>PDF: <a href=\"https:\/\/www.allmogegeten.se\/wp-content\/uploads\/2023\/06\/heidrun_2016-2_Giftiga_vaxter.pdf\" data-type=\"attachment\" data-id=\"130\">heidrun_2016-2_Giftiga_vaxter<\/a><br><br><\/li>\n<\/ul>\n\n\n\n<h2 class=\"wp-block-heading\">L\u00e4nkar och l\u00e4stips om foder<\/h2>\n\n\n\n<p><strong>\u00c4ngar <\/strong>Ing\u00e5r i Jordbruksverkets serie \u201cBiologisk m\u00e5ngfald<br>och variation i odlingslandskapet\u201d. 48 sidor. Kan l\u00e4sas gratis<br>p\u00e5 <a href=\"http:\/\/www.sjv.se\">www.sjv.se<\/a> eller best\u00e4llas fr\u00e5n Jordbruksverket f\u00f6r 45 kr.<br><br><strong>Faktablad &#8211; \u00c4ngar och \u00e4ngsv\u00e5rd<\/strong> av M\u00e5rten Aronsson.<br>Utgiven av Naturskyddsf\u00f6reningen. 16 sidor. Kan<br>best\u00e4llas p\u00e5 tel 08-702 65 50 eller h\u00e4mtas gratis p\u00e5<br><a href=\"https:\/\/skane.naturskyddsforeningen.se\/wp-content\/uploads\/sites\/106\/2018\/04\/Faktablad-%C3%84ngar-och-%C3%A4ngsv%C3%A5rd.pdf\">www.naturskyddsforeningen.se<\/a><\/p>\n\n\n\n<p><strong>Liehandboken <\/strong>av Rune Stenholm Jakobsen. 110 sidor.<br>Kan h\u00e4mtas gratis p\u00e5 <a href=\"https:\/\/www.gu.se\/hantverkslaboratoriet\/liehandboken\">https:\/\/www.gu.se\/hantverkslaboratoriet\/liehandboken<\/a><\/p>\n\n\n\n<p><strong>Hamla l\u00f6vtr\u00e4d<\/strong> &#8211; en manual av Rune Stenholm<br>Jakobsen. 106 sidor. Kan h\u00e4mtas gratis p\u00e5<br><a href=\"http:\/\/hdl.handle.net\/2077\/33384\">http:\/\/hdl.handle.net\/2077\/33384<\/a><\/p>\n\n\n\n<p><strong>Hitta en \u00e4ng n\u00e4ra dig<\/strong><br>Naturskyddsf\u00f6reningens lokalavdelningar<br><a href=\"http:\/\/www.naturskyddsforeningen.se\/om\/kretsar\">www.naturskyddsforeningen.se\/om\/kretsar<\/a><br>Sveriges Hembygdsf\u00f6rbund<br><a href=\"http:\/\/www.hembygd.se\">www.hembygd.se<\/a><\/p>\n","protected":false},"excerpt":{"rendered":"<p>Artiklar ur \u00e4ldre nummer av medlemstidningen Heidrun som ber\u00f6r foderhantering, torka och &#8221;n\u00f6dfoder&#8221; till getter. L\u00f6vt\u00e4kt, \u00e4ngssl\u00e5tter och mycket mera. L\u00e4nkar och l\u00e4stips om foder<\/p>\n","protected":false},"author":1,"featured_media":0,"parent":0,"menu_order":0,"comment_status":"closed","ping_status":"closed","template":"","meta":{"footnotes":""},"class_list":["post-128","page","type-page","status-publish","hentry"],"_links":{"self":[{"href":"https:\/\/www.allmogegeten.se\/index.php\/wp-json\/wp\/v2\/pages\/128","targetHints":{"allow":["GET"]}}],"collection":[{"href":"https:\/\/www.allmogegeten.se\/index.php\/wp-json\/wp\/v2\/pages"}],"about":[{"href":"https:\/\/www.allmogegeten.se\/index.php\/wp-json\/wp\/v2\/types\/page"}],"author":[{"embeddable":true,"href":"https:\/\/www.allmogegeten.se\/index.php\/wp-json\/wp\/v2\/users\/1"}],"replies":[{"embeddable":true,"href":"https:\/\/www.allmogegeten.se\/index.php\/wp-json\/wp\/v2\/comments?post=128"}],"version-history":[{"count":13,"href":"https:\/\/www.allmogegeten.se\/index.php\/wp-json\/wp\/v2\/pages\/128\/revisions"}],"predecessor-version":[{"id":153,"href":"https:\/\/www.allmogegeten.se\/index.php\/wp-json\/wp\/v2\/pages\/128\/revisions\/153"}],"wp:attachment":[{"href":"https:\/\/www.allmogegeten.se\/index.php\/wp-json\/wp\/v2\/media?parent=128"}],"curies":[{"name":"wp","href":"https:\/\/api.w.org\/{rel}","templated":true}]}}