{"id":2,"date":"2021-09-19T12:59:06","date_gmt":"2021-09-19T10:59:06","guid":{"rendered":"https:\/\/www.allmogegeten.se\/?page_id=2"},"modified":"2026-04-27T13:23:36","modified_gmt":"2026-04-27T11:23:36","slug":"exempelsida","status":"publish","type":"page","link":"https:\/\/www.allmogegeten.se\/","title":{"rendered":"F\u00f6reningen Allmogegeten"},"content":{"rendered":"\n<p class=\"has-text-align-center\">Vi arbetar f\u00f6r att bevara v\u00e5ra sista rester av lokala allmogegetter och uppr\u00e4tth\u00e5ller genbanker f\u00f6r lappgetter, g\u00f6ingegetter och j\u00e4mtgetter.<\/p>\n\n\n\n<p class=\"has-text-align-center\">**********<\/p>\n\n\n\n<p class=\"has-text-align-center has-large-font-size\" style=\"font-style:normal;font-weight:600\"><strong>Aktuellt: <\/strong><\/p>\n\n\n\n<p class=\"has-text-align-center\" style=\"font-size:18px\"><strong>Nu n\u00e4r v\u00e5ren kommit \u00e4r det dags f\u00f6r att kolla upp djurens magparasiter! <\/strong><\/p>\n\n\n\n<p class=\"has-text-align-center\" style=\"font-size:16px\"><strong>Varf\u00f6r ska man ta tr\u00e4ckprov?<\/strong><\/p>\n\n\n\n<p class=\"has-text-align-center\" style=\"font-size:16px\">Tr\u00e4ckprov tar man f\u00f6r att f\u00e5 en uppfattning om man har tarmparasiter p\u00e5 sina getter och man f\u00e5r d\u00e5 dessa identifierad och kan d\u00e5 bed\u00f6ma smittl\u00e4get och f\u00e5 reda p\u00e5 om man b\u00f6r avmaska sina djur eller inte.<\/p>\n\n\n\n<p class=\"has-text-align-center\" style=\"font-size:16px\">Man b\u00f6r INTE avmaska djuren utan att ha tagit ett tr\u00e4ckprov f\u00f6rst! Man b\u00f6r konsultera en veterin\u00e4r och f\u00e5 r\u00e4tt avmaskningsmedel utskrivet f\u00f6r att undvika att resistens uppst\u00e5r i flocken.<\/p>\n\n\n\n<p class=\"has-text-align-center\" style=\"font-size:16px\"><strong>Hur tar man tr\u00e4ckprov?<\/strong><\/p>\n\n\n\n<p class=\"has-text-align-center\" style=\"font-size:16px\">Man samlar f\u00e4rskt tr\u00e4ck direkt fr\u00e5n djuret eller fr\u00e5n marken. Viktigt att det \u00e4r f\u00e4rskt! Man b\u00f6r provta flera individer samtidigt, minst 6 djur. Har man f\u00e4rre djur \u00e4n s\u00e5 s\u00e5 tar man p\u00e5 alla djur. Man kan best\u00e4lla provtagningskit via b\u00e5de ex v Vidilab och SVA och d\u00e5 medf\u00f6ljer tydliga instruktioner.<\/p>\n\n\n\n<p class=\"has-text-align-center\" style=\"font-size:16px\"><strong>N\u00e4r b\u00f6r man ta tr\u00e4ckprov?<\/strong><\/p>\n\n\n\n<p class=\"has-text-align-center\" style=\"font-size:16px\">Man tar tr\u00e4ckprov p\u00e5 v\u00e5ren p\u00e5 de vuxna djuren, efter killningen och f\u00f6re betessl\u00e4pp. Killingarna kan sedan provtas innan byte av bete eller avv\u00e4njning. &nbsp;Vid ink\u00f6p av nya djur s\u00e5 kan man h\u00f6ra med s\u00e4ljaren om tr\u00e4ckprov tagits och be om att f\u00e5 se det. Men n\u00e4r man tar in nya djur \u00e4r det viktigt att ha dem i karant\u00e4n f\u00f6rsta tiden och d\u00e5 kan man sj\u00e4lv ta ett tr\u00e4ckprov och skicka in f\u00f6r att f\u00e5r svar.<\/p>\n\n\n\n<p class=\"has-text-align-center\" style=\"font-size:16px\"><strong>Hur och n\u00e4r ska man behandla?<\/strong><\/p>\n\n\n\n<p class=\"has-text-align-center\" style=\"font-size:16px\">N\u00e4r man sedan f\u00e5r svaret fr\u00e5n tr\u00e4ckproven och det visar p\u00e5 att det finns magparasiter i bes\u00e4ttningen tar man kontakt med en veterin\u00e4r som d\u00e5 avg\u00f6r om det finns behov av avmaskning.<\/p>\n\n\n\n<p class=\"has-text-align-center\" style=\"font-size:16px\">Har man f\u00e5tt in stora magmasken, Haemonchus Contortus, i sin bes\u00e4ttning s\u00e5 \u00e4r det rekommenderbart att man efter ca 14 dagar efter avmaskning tar ett nytt tr\u00e4ckprov p\u00e5 sina djur och beg\u00e4r d\u00e5 ett s\u00e5 kallat PCR-analys som visar DNA-f\u00f6rekomst fr\u00e5n stora magmasken. D\u00e5 f\u00e5r man ett svar p\u00e5 om avmaskningen har tagit eller inte. Viktigt \u00e4r att man har en dialog med veterin\u00e4r.<\/p>\n\n\n\n<p class=\"has-text-align-center\" style=\"font-size:16px\">Under h\u00f6sten 2025 bj\u00f6d f\u00f6reningen in Bitte Ljungstr\u00f6m, seniorexpert och parasitolog fr\u00e5n Vidilab, som h\u00f6ll en digital f\u00f6rel\u00e4sning i \u00e4mnet \u201dParasitologi-ett skitviktigt \u00e4mne\u201d f\u00f6r f\u00f6reningens medlemmar.<\/p>\n\n\n\n<p class=\"has-text-align-center\" style=\"font-size:16px\">Denna f\u00f6rel\u00e4sning finns att se i efterhand h\u00e4r p\u00e5 hemsidan f\u00f6r alla medlemmar men det kr\u00e4vs ett l\u00f6senord och har ni inte det s\u00e5 maila till&nbsp;<a href=\"mailto:lappget@allmogegeten.se\">lappget@allmogegeten.se<\/a>&nbsp;och uppge ert medlemsnummer s\u00e5 skickar vi ut det.<\/p>\n\n\n\n<p class=\"has-text-align-center\" style=\"font-size:16px\">**********<\/p>\n\n\n\n<p class=\"has-text-align-center\"><strong> &#8221;Lappgeten &#8211; Sveriges mest hotade getras&#8221;<\/strong><\/p>\n\n\n\n<p class=\"has-text-align-center\" style=\"font-size:16px\">Under h\u00f6sten 2025 h\u00f6ll Sara Str\u00f6mgren, en av tv\u00e5 genbanksansvariga f\u00f6r lappgeten, en f\u00f6rel\u00e4sning om lappgetens historia p\u00e5 Silvermuseet i Arjeplog. Denna f\u00f6rel\u00e4sning kan ni se<a href=\"https:\/\/www.allmogegeten.se\/index.php\/lappgeten-sveriges-mest-hotade-getras\/\" data-type=\"page\" data-id=\"881\"> h\u00e4r<\/a><\/p>\n\n\n\n<p class=\"has-text-align-center\">**********<\/p>\n\n\n\n<p class=\"has-text-align-center\"><strong>Uppdatering p\u00e5 hemsidan!<\/strong><\/p>\n\n\n\n<p class=\"has-text-align-center\" style=\"font-size:16px\">Nu ligger avelsprogrammen ute f\u00f6r respektive ras &#8211; g\u00e5 in p\u00e5 den ras det g\u00e4ller!<\/p>\n\n\n\n<p class=\"has-text-align-center\" style=\"font-size:16px\">Fristadsdeklarationen och FAO:s hotkategorier finns under fliken &#8221;F\u00f6reningen Allmogegeten&#8221;<\/p>\n\n\n\n<p class=\"has-text-align-center\">**********<\/p>\n\n\n\n<p class=\"has-text-align-center\"><strong>Killingstider! <\/strong><\/p>\n\n\n\n<p class=\"has-text-align-center\" style=\"font-size:16px\">Nu g\u00e5r vi in i killingstider och funderar man lite \u00f6ver n\u00e4r det kan vara dags s\u00e5 kommer tipset om att titta i <a href=\"https:\/\/www.allmogegeten.se\/index.php\/killningskalender\/\">killningskalender<\/a>! <\/p>\n\n\n\n<p class=\"has-text-align-center\">**********<\/p>\n\n\n\n<p class=\"has-text-align-center\">Ny annonssida! <\/p>\n\n\n\n<p class=\"has-text-align-center\" style=\"font-size:16px\">Annonssidan \u00e4r uppdaterad! V\u00e4lkommen att skicka in annonser!<\/p>\n\n\n\n<p class=\"has-text-align-center\" style=\"font-size:16px\">Ni finner den under fliken &#8221;<strong>Marknaden<\/strong>&#8221;<\/p>\n\n\n\n<p class=\"has-text-align-center\">**********<\/p>\n\n\n\n<p class=\"has-text-align-center\">Vi forts\u00e4tter det nya \u00e5ret med fler nyheter!!<\/p>\n\n\n\n<p class=\"has-text-align-center\" style=\"font-size:16px\">Nu kan ni best\u00e4lla en t-shirt med f\u00f6reningens logga, vi har tv\u00e5 olika modeller och mer om detta och hur ni best\u00e4ller l\u00e4ser ni om p\u00e5 v\u00e5r nya sida &#8221;<a href=\"https:\/\/www.allmogegeten.se\/index.php\/marknaden\/\" data-type=\"page\" data-id=\"695\">Marknaden<\/a>&#8221;&gt;Klubbartiklar!<\/p>\n\n\n<div class=\"wp-block-image is-style-rounded\">\n<figure class=\"aligncenter size-large is-resized\"><img loading=\"lazy\" decoding=\"async\" width=\"768\" height=\"1024\" src=\"https:\/\/www.allmogegeten.se\/wp-content\/uploads\/2026\/01\/loggapatshirt-768x1024.jpg\" alt=\"\" class=\"wp-image-704\" style=\"aspect-ratio:0.7500251483754149;width:212px;height:auto\" srcset=\"https:\/\/www.allmogegeten.se\/wp-content\/uploads\/2026\/01\/loggapatshirt-768x1024.jpg 768w, https:\/\/www.allmogegeten.se\/wp-content\/uploads\/2026\/01\/loggapatshirt-225x300.jpg 225w, https:\/\/www.allmogegeten.se\/wp-content\/uploads\/2026\/01\/loggapatshirt-1152x1536.jpg 1152w, https:\/\/www.allmogegeten.se\/wp-content\/uploads\/2026\/01\/loggapatshirt-1536x2048.jpg 1536w, https:\/\/www.allmogegeten.se\/wp-content\/uploads\/2026\/01\/loggapatshirt-scaled.jpg 1920w\" sizes=\"auto, (max-width: 768px) 100vw, 768px\" \/><\/figure>\n<\/div>\n\n\n<p class=\"has-text-align-center\">**********<\/p>\n\n\n\n<p class=\"has-text-align-center\" style=\"font-size:16px\">&#8221;Tr\u00e4ckprov &amp; parasiter, skitviktigt eller&#8230;?&#8221; L\u00e4s mer om varf\u00f6r man b\u00f6r ta ett tr\u00e4ckprov och hur man g\u00f6r. Finns under fliken &#8221;Getsk\u00f6tsel&#8221; eller g\u00e5 in direkt <a href=\"https:\/\/www.allmogegeten.se\/index.php\/trackprov-och-parasiter-skitviktigt-eller\/\" data-type=\"page\" data-id=\"667\">h\u00e4r<\/a><\/p>\n\n\n\n<p class=\"has-text-align-center has-medium-font-size\">**********<\/p>\n\n\n\n<p class=\"has-text-align-center\"><strong>Som en liten Ny\u00e5rskaramell s\u00e5 meddelar vi att F\u00f6reningen Allmogegeten numera har SWISH !<\/strong><\/p>\n\n\n\n<p class=\"has-text-align-center\" style=\"font-size:16px\">Det g\u00e5r nu att betala b\u00e5de medlemskap och h\u00e4rstamningsintygen via swishnummer: <strong>123 079 12 77<\/strong> <\/p>\n\n\n\n<p class=\"has-text-align-center\" style=\"font-size:16px\">Kom ih\u00e5g att uppge ert medlemsnummer vid betalning.<\/p>\n\n\n<div class=\"wp-block-image\">\n<figure class=\"aligncenter size-large is-resized\"><img loading=\"lazy\" decoding=\"async\" width=\"736\" height=\"1024\" src=\"https:\/\/www.allmogegeten.se\/wp-content\/uploads\/2025\/12\/Foreningen-swish-736x1024.jpg\" alt=\"\" class=\"wp-image-650\" style=\"aspect-ratio:0.7187665235506864;width:274px;height:auto\" srcset=\"https:\/\/www.allmogegeten.se\/wp-content\/uploads\/2025\/12\/Foreningen-swish-736x1024.jpg 736w, https:\/\/www.allmogegeten.se\/wp-content\/uploads\/2025\/12\/Foreningen-swish-216x300.jpg 216w, https:\/\/www.allmogegeten.se\/wp-content\/uploads\/2025\/12\/Foreningen-swish-768x1068.jpg 768w, https:\/\/www.allmogegeten.se\/wp-content\/uploads\/2025\/12\/Foreningen-swish.jpg 1080w\" sizes=\"auto, (max-width: 736px) 100vw, 736px\" \/><\/figure>\n<\/div>\n\n\n<p><\/p>\n\n\n\n<p><\/p>\n\n\n\n<p class=\"has-text-align-center\">***********<\/p>\n\n\n\n<p class=\"has-text-align-center\"><strong>Vi \u00f6nskar er alla en riktigt God Jul och ett Gott Nytt \u00c5r! <\/strong><\/p>\n\n\n\n<p class=\"has-text-align-center\" style=\"font-size:14px\"><strong>\/\/ Styrelsen<\/strong><\/p>\n\n\n\n<figure class=\"wp-block-image size-large\"><img loading=\"lazy\" decoding=\"async\" width=\"1017\" height=\"1024\" src=\"https:\/\/www.allmogegeten.se\/wp-content\/uploads\/2025\/12\/God-jul-1017x1024.jpg\" alt=\"\" class=\"wp-image-643\" srcset=\"https:\/\/www.allmogegeten.se\/wp-content\/uploads\/2025\/12\/God-jul-1017x1024.jpg 1017w, https:\/\/www.allmogegeten.se\/wp-content\/uploads\/2025\/12\/God-jul-298x300.jpg 298w, https:\/\/www.allmogegeten.se\/wp-content\/uploads\/2025\/12\/God-jul-150x150.jpg 150w, https:\/\/www.allmogegeten.se\/wp-content\/uploads\/2025\/12\/God-jul-768x773.jpg 768w, https:\/\/www.allmogegeten.se\/wp-content\/uploads\/2025\/12\/God-jul.jpg 1080w\" sizes=\"auto, (max-width: 1017px) 100vw, 1017px\" \/><\/figure>\n\n\n\n<p class=\"has-text-align-center\" style=\"font-size:16px\">                                                          Lappgeten L\u00f6nnbergs Ylet                         Foto: Mia Mosesson<\/p>\n\n\n\n<p class=\"has-text-align-center\">************<\/p>\n\n\n\n<p class=\"has-text-align-center\"><strong>Linn Kangas, genbanksansvarig lappget, har ordet:<\/strong><\/p>\n\n\n\n<p style=\"font-size:16px\">Som genbanksansvarig f\u00e5r jag en del fr\u00e5gor ang\u00e5ende f\u00f6reningens inst\u00e4llning till cae-programmet och vi jobbar med en mer omfattande artikel kring de olika auspekter som ligger till grund f\u00f6r hur f\u00f6reningen v\u00e4ljer att arbeta idag, dvs ur ett bevarandeperspektiv. Men jag t\u00e4nkte skriva ett kort svar p\u00e5 fr\u00e5gan som ett litet steg i att bringa klarhet.<\/p>\n\n\n\n<p style=\"font-size:16px\">Det korta svaret till varf\u00f6r f\u00f6reningen inte ansluter sig till cae-programmet \u00e4r att viruset inte bed\u00f6ms vara en risk f\u00f6r rasens bevarande, d\u00e4remot inneb\u00e4r programmets strategi en risk f\u00f6r rasens bevarande. Och v\u00e5rt uppdrag \u00e4r bevarande.<\/p>\n\n\n\n<p style=\"font-size:16px\">Programmet \u00e4r inte utformat f\u00f6r att viruset \u00e4r ett hot mot \u00f6verlevaden f\u00f6r n\u00e5gon ras eller djurslag, det \u00e4r utformat f\u00f6r att sjukdomen har en negativ effekt p\u00e5 livsmedelsproduktionen i v\u00e5ra produktionsbes\u00e4ttningar &#8211; och d\u00e5 ffa i f\u00e5rbes\u00e4ttningar. Det har allts\u00e5 ingenting med \u00f6verlevnad eller bevarande att g\u00f6ra. Programmet i sig fyller en viktig funktion men bara i r\u00e4tt bes\u00e4ttningar. I genbanksbes\u00e4ttningar skulle en s\u00e5n h\u00e4r strategi kunna g\u00f6ra stor skada och i geng\u00e4lld liten eller ingen nytta som l\u00e4get ser ut just nu.<\/p>\n\n\n\n<p style=\"font-size:16px\">N\u00e4r man implementerar en strategi m\u00e5ste man f\u00f6rst\u00e5 vilka behoven \u00e4r och vilken inverkan strategin kommer att f\u00e5 i just den bes\u00e4ttningen.<\/p>\n\n\n\n<p style=\"font-size:16px\">V\u00e5rt uppdrag som f\u00f6rening \u00e4r att analysera och arbeta fram strategier som \u00e4r till gagn f\u00f6r v\u00e5rt avelsarbete ur ett bevarandeperspektiv. Vi arbetar inte utifr\u00e5n intressen som tex. ekonomi, produktivitet, f\u00f6r\u00e4dling, utveckling, tillg\u00e5ng, efterfr\u00e5gan, tillv\u00e4xt, mm.<\/p>\n\n\n\n<p style=\"font-size:16px\">V\u00e5rt uppdrag som avelsf\u00f6rening \u00e4r att bevara ett kulturarv med s\u00e5 stor del av dess ursprungliga variationer och genetiska bredd som m\u00f6jligt. Och d\u00e4rf\u00f6r kommer v\u00e5ra stratgier inte att vara desamma som f\u00f6r svensk lantras. Det g\u00e4ller cae, vaccinering, utfodring, levnadsmilj\u00f6, val av avelsmaterial, inavelskvoter, med mera.<\/p>\n\n\n\n<p style=\"font-size:16px\">F\u00f6r att bevara en lantras kr\u00e4vs helt andra strategier \u00e4n vad som kr\u00e4vs f\u00f6r att bygga en stark livsmedelsproduktion.<\/p>\n\n\n\n<p style=\"font-size:16px\">Det \u00e4r viktigt att f\u00f6rst\u00e5 att olika f\u00f6reningar arbetar utifr\u00e5n olika intressen. Och inte \u00e4r det v\u00e4l n\u00e5gon \u00f6verraskning att det \u00e4r just allmogegeten som sticker ut. F\u00f6r det vet ju alla som haft att g\u00f6ra med getter, dom kommer alltid att g\u00e5 sin egen v\u00e4g.<\/p>\n\n\n\n<p style=\"font-size:16px\">\/\/ Linn Kangas, genbanksansvarig lappget<\/p>\n\n\n<div class=\"wp-block-image\">\n<figure class=\"aligncenter size-full is-resized\"><img loading=\"lazy\" decoding=\"async\" width=\"618\" height=\"618\" src=\"https:\/\/www.allmogegeten.se\/wp-content\/uploads\/2025\/10\/gettryck.jpg\" alt=\"\" class=\"wp-image-633\" style=\"width:464px;height:auto\" srcset=\"https:\/\/www.allmogegeten.se\/wp-content\/uploads\/2025\/10\/gettryck.jpg 618w, https:\/\/www.allmogegeten.se\/wp-content\/uploads\/2025\/10\/gettryck-300x300.jpg 300w, https:\/\/www.allmogegeten.se\/wp-content\/uploads\/2025\/10\/gettryck-150x150.jpg 150w\" sizes=\"auto, (max-width: 618px) 100vw, 618px\" \/><\/figure>\n<\/div>\n\n\n<p class=\"has-text-align-center\">**********<\/p>\n\n\n\n<p class=\"has-text-align-center\" style=\"font-size:28px\"><strong>Lappget:<\/strong> <strong>Henry &amp; Aina Fj\u00e4llstr\u00f6m, Fatmomakkelinjes grundare<\/strong><\/p>\n\n\n\n<p class=\"has-text-align-center\">F\u00f6r 25 \u00e5r sedan i denna m\u00e5nad, september, lades det sista fj\u00e4lljordbruket ner och detta var starten till att bevarandet av Lappgetterna b\u00f6rjade. <a href=\"https:\/\/www.allmogegeten.se\/index.php\/__trashed\/\" data-type=\"page\" data-id=\"577\"><strong>L\u00e4s mer om beslutet som Henry &amp; Aina Fj\u00e4llstr\u00f6m i Fatmomakke tog f\u00f6r 25 \u00e5r sedan<\/strong><\/a>, ber\u00e4ttat av Henrys brorson Kenneth Fj\u00e4llstr\u00f6m, Fatmomakke. Vi tackar Kenneth f\u00f6r att han delar med sig av denna viktiga del i lappgetens historia.<\/p>\n\n\n<div class=\"wp-block-image\">\n<figure class=\"aligncenter size-full is-resized\"><img loading=\"lazy\" decoding=\"async\" width=\"450\" height=\"452\" src=\"https:\/\/www.allmogegeten.se\/wp-content\/uploads\/2025\/09\/83f3fbfce43029d2bfe9552ee0499ef5.jpg\" alt=\"\" class=\"wp-image-592\" style=\"width:450px;height:auto\" srcset=\"https:\/\/www.allmogegeten.se\/wp-content\/uploads\/2025\/09\/83f3fbfce43029d2bfe9552ee0499ef5.jpg 450w, https:\/\/www.allmogegeten.se\/wp-content\/uploads\/2025\/09\/83f3fbfce43029d2bfe9552ee0499ef5-300x300.jpg 300w, https:\/\/www.allmogegeten.se\/wp-content\/uploads\/2025\/09\/83f3fbfce43029d2bfe9552ee0499ef5-150x150.jpg 150w\" sizes=\"auto, (max-width: 450px) 100vw, 450px\" \/><figcaption class=\"wp-element-caption\">Getter i Fatmomakke, 1968.    <br>Foto: Lennart Sehlin, Vilhelmina kommuns fotoarkiv.<\/figcaption><\/figure>\n<\/div>\n\n\n<p class=\"has-text-align-center\">**********<\/p>\n\n\n\n<p class=\"has-text-align-center\" style=\"font-size:28px\"><strong>Nyheter p\u00e5 hemsidan: <\/strong><\/p>\n\n\n\n<p class=\"has-text-align-center\" style=\"font-size:16px\">Hur ska man t\u00e4nka n\u00e4r det kommer till bockar? \u00c4r det okej att l\u00e5na bockar mellan genbanker eller b\u00f6r man h\u00e5lla egen bock? Genbanksansvariga har kommit med ett f\u00f6rtydligande g\u00e4llande detta, g\u00e5 in och l\u00e4s mer om det <strong><a href=\"https:\/\/www.allmogegeten.se\/index.php\/genbanker-och-bockar-ett-fortydligande\/\" data-type=\"page\" data-id=\"533\">h\u00e4r<\/a><\/strong>! <\/p>\n\n\n\n<p class=\"has-text-align-center\">_____<\/p>\n\n\n\n<p class=\"has-text-align-center\" style=\"font-size:16px\"><strong>S\u00e5 \u00e4r dagen \u00e4ntligen kommen, getter ska h\u00e4mtas hem.<\/strong> <\/p>\n\n\n\n<p class=\"has-text-align-center\" style=\"font-size:16px\">L\u00e4s mer om vad som kan beh\u00f6vas under fliken <a href=\"https:\/\/www.allmogegeten.se\/index.php\/getskotsel\/\" data-type=\"page\" data-id=\"37\"><strong>&#8221;Getsk\u00f6tsel&#8221;<\/strong><\/a> och <a href=\"https:\/\/www.allmogegeten.se\/index.php\/sa-ar-dagen-antligen-kommen-getter-ska-hamtas-hem\/\" data-type=\"page\" data-id=\"517\"><strong>&#8221;S\u00e5 \u00e4r dagen \u00e4ntligen kommen&#8230;&#8221;<\/strong><\/a> Lite sm\u00e5tt och gott om det hela. <\/p>\n\n\n\n<p class=\"has-text-align-center\">_____<\/p>\n\n\n\n<p class=\"has-text-align-center\" style=\"font-size:16px\">Magparasiter, sjukdomar, vilka v\u00e4xter \u00e4r giftiga?? Mycket kan h\u00e4nda under sommaren.. Nu finns en ny sida med lite allm\u00e4n info om getens olika magparasiter, SVA\u00b4s folder om sjukdomar och h\u00e4lsov\u00e5rd m.m. Klicka<strong> <a href=\"https:\/\/www.allmogegeten.se\/index.php\/allman-information-om-sjukdomar-hos-get\/\" data-type=\"page\" data-id=\"438\">h\u00e4r <\/a><\/strong><\/p>\n\n\n\n<p class=\"has-text-align-center\" style=\"font-size:16px\">_____<\/p>\n\n\n\n<p class=\"has-text-align-center\" style=\"font-size:16px\">Best\u00e4ll dina H\u00e4rstamningsintyg direkt h\u00e4r p\u00e5 hemsidan! G\u00e5 in p\u00e5 <a href=\"https:\/\/www.allmogegeten.se\/index.php\/harstamningsbevis\/\" data-type=\"page\" data-id=\"389\"><strong>H\u00e4rstamningsintyg<\/strong><\/a> och f\u00f6lj instruktionerna.<\/p>\n\n\n\n<p class=\"has-text-align-center\" style=\"font-size:16px\">_____<\/p>\n\n\n\n<p class=\"has-text-align-center\" style=\"font-size:16px\">Under fliken &#8221;Allmogegetter&#8221; presenteras var ras f\u00f6r sig.<\/p>\n\n\n\n<p class=\"has-text-align-center\" style=\"font-size:16px\">_____<\/p>\n\n\n\n<p class=\"has-text-align-center\" style=\"font-size:16px\">En <a href=\"https:\/\/www.allmogegeten.se\/index.php\/killningskalender\/\" data-type=\"page\" data-id=\"383\"><strong>killningskalender<\/strong><\/a>, d\u00e4r man enkelt kan r\u00e4kna ut n\u00e4r killning kan ske utifr\u00e5n n\u00e4r geten var i brunst och bocken sl\u00e4pptes in, hittar ni under fliken &#8221;Getsk\u00f6tsel&#8221;.<\/p>\n\n\n\n<p class=\"has-text-align-center\" style=\"font-size:16px\">_____<\/p>\n\n\n\n<p><\/p>\n\n\n\n<figure class=\"wp-block-image size-large is-resized is-style-rounded\"><img loading=\"lazy\" decoding=\"async\" width=\"845\" height=\"1024\" src=\"https:\/\/www.allmogegeten.se\/wp-content\/uploads\/2025\/07\/Svanevit-845x1024.jpg\" alt=\"Antn\u00e4s Svanevit, f\u00f6dd 2011, dotter efter L\u00f6v\u00e5sen Emilia, founder.\n\nFoto: Mia Mosesson \n\" class=\"wp-image-409\" style=\"aspect-ratio:1.3333333333333333;object-fit:cover;width:880px;height:auto\" srcset=\"https:\/\/www.allmogegeten.se\/wp-content\/uploads\/2025\/07\/Svanevit-845x1024.jpg 845w, https:\/\/www.allmogegeten.se\/wp-content\/uploads\/2025\/07\/Svanevit-248x300.jpg 248w, https:\/\/www.allmogegeten.se\/wp-content\/uploads\/2025\/07\/Svanevit-768x931.jpg 768w, https:\/\/www.allmogegeten.se\/wp-content\/uploads\/2025\/07\/Svanevit-1267x1536.jpg 1267w, https:\/\/www.allmogegeten.se\/wp-content\/uploads\/2025\/07\/Svanevit.jpg 1320w\" sizes=\"auto, (max-width: 845px) 100vw, 845px\" \/><figcaption class=\"wp-element-caption\">Lappgeten Antn\u00e4s Svanevit, f\u00f6dd 2011, dotter till L\u00f6v\u00e5sen Emilia, founder.<br>Foto: Mia Mosesson<\/figcaption><\/figure>\n","protected":false},"excerpt":{"rendered":"<p>Vi arbetar f\u00f6r att bevara v\u00e5ra sista rester av lokala allmogegetter och uppr\u00e4tth\u00e5ller genbanker f\u00f6r lappgetter, g\u00f6ingegetter och j\u00e4mtgetter. ********** Aktuellt: Nu n\u00e4r v\u00e5ren kommit<\/p>\n","protected":false},"author":1,"featured_media":0,"parent":0,"menu_order":0,"comment_status":"closed","ping_status":"open","template":"","meta":{"footnotes":""},"class_list":["post-2","page","type-page","status-publish","hentry"],"_links":{"self":[{"href":"https:\/\/www.allmogegeten.se\/index.php\/wp-json\/wp\/v2\/pages\/2","targetHints":{"allow":["GET"]}}],"collection":[{"href":"https:\/\/www.allmogegeten.se\/index.php\/wp-json\/wp\/v2\/pages"}],"about":[{"href":"https:\/\/www.allmogegeten.se\/index.php\/wp-json\/wp\/v2\/types\/page"}],"author":[{"embeddable":true,"href":"https:\/\/www.allmogegeten.se\/index.php\/wp-json\/wp\/v2\/users\/1"}],"replies":[{"embeddable":true,"href":"https:\/\/www.allmogegeten.se\/index.php\/wp-json\/wp\/v2\/comments?post=2"}],"version-history":[{"count":48,"href":"https:\/\/www.allmogegeten.se\/index.php\/wp-json\/wp\/v2\/pages\/2\/revisions"}],"predecessor-version":[{"id":946,"href":"https:\/\/www.allmogegeten.se\/index.php\/wp-json\/wp\/v2\/pages\/2\/revisions\/946"}],"wp:attachment":[{"href":"https:\/\/www.allmogegeten.se\/index.php\/wp-json\/wp\/v2\/media?parent=2"}],"curies":[{"name":"wp","href":"https:\/\/api.w.org\/{rel}","templated":true}]}}