{"id":248,"date":"2025-05-30T15:23:28","date_gmt":"2025-05-30T13:23:28","guid":{"rendered":"https:\/\/www.allmogegeten.se\/?page_id=248"},"modified":"2026-01-29T18:08:10","modified_gmt":"2026-01-29T17:08:10","slug":"goingeget","status":"publish","type":"page","link":"https:\/\/www.allmogegeten.se\/index.php\/getraserna\/goingeget\/","title":{"rendered":"G\u00f6ingeget"},"content":{"rendered":"\n<p style=\"font-size:16px\">Dessa getter \u00e4r en rest av den gamla sydsvenska getpopulationen och namnet g\u00f6ingeget har de f\u00e5tt eftersom de \u00e5terfanns i G\u00f6ingebygden i norra Sk\u00e5ne. Denna typ av getter var f\u00f6rr allm\u00e4nt f\u00f6rekommande i hela Sydsveriges skogsbygd.<br><br><strong>Ursprung<\/strong>: Skogsmilj\u00f6 i s\u00f6dra Sverige.<br><br><strong>Tillvaratagande<\/strong>: Tyringe 1978 och Olofstr\u00f6m 1993.<br><br><strong>K\u00e4nnetecken<\/strong>: Vikt och mankh\u00f6jd varierar.<br><br>Vikt: get ca 35-70 kg, bock ca 50-100 kg.<br>Mankh\u00f6jd: get ca 55-70 cm, bock ca 65-85 cm.<br><br>Hittills dokumenterade grundf\u00e4rger \u00e4r gr\u00e5, viltf\u00e4rg, svart och vit. Enf\u00e4rgade djur f\u00f6rekommer, men olika grad av vitfl\u00e4ckighet \u00e4r vanligast. Viltf\u00e4rgen upptr\u00e4der tillsammans med viltteckning, dvs. svarta markeringar p\u00e5 bl a ben, rygg och vid \u00f6gonen. Samtliga djur \u00e4r behornade.<\/p>\n\n\n\n<p style=\"font-size:16px\"><strong>Antal<\/strong>: Den 31 december 2023 fanns det 474 djur (84 bockar och 390 getter) i 80 bes\u00e4ttningar.<\/p>\n\n\n\n<p class=\"has-text-align-center\" style=\"font-size:18px\">Avelsprogram f\u00f6r g\u00f6ingegeten finner ni<a href=\"https:\/\/www.allmogegeten.se\/index.php\/foreningen-allmogegetens-avelsprogram-for-goingeget\/\"> h\u00e4r<\/a><\/p>\n\n\n\n<p style=\"font-size:18px\"><\/p>\n\n\n\n<p><\/p>\n","protected":false},"excerpt":{"rendered":"<p>Dessa getter \u00e4r en rest av den gamla sydsvenska getpopulationen och namnet g\u00f6ingeget har de f\u00e5tt eftersom de \u00e5terfanns i G\u00f6ingebygden i norra Sk\u00e5ne. Denna<\/p>\n","protected":false},"author":2,"featured_media":80,"parent":52,"menu_order":0,"comment_status":"closed","ping_status":"closed","template":"","meta":{"footnotes":""},"class_list":["post-248","page","type-page","status-publish","has-post-thumbnail","hentry"],"_links":{"self":[{"href":"https:\/\/www.allmogegeten.se\/index.php\/wp-json\/wp\/v2\/pages\/248","targetHints":{"allow":["GET"]}}],"collection":[{"href":"https:\/\/www.allmogegeten.se\/index.php\/wp-json\/wp\/v2\/pages"}],"about":[{"href":"https:\/\/www.allmogegeten.se\/index.php\/wp-json\/wp\/v2\/types\/page"}],"author":[{"embeddable":true,"href":"https:\/\/www.allmogegeten.se\/index.php\/wp-json\/wp\/v2\/users\/2"}],"replies":[{"embeddable":true,"href":"https:\/\/www.allmogegeten.se\/index.php\/wp-json\/wp\/v2\/comments?post=248"}],"version-history":[{"count":9,"href":"https:\/\/www.allmogegeten.se\/index.php\/wp-json\/wp\/v2\/pages\/248\/revisions"}],"predecessor-version":[{"id":871,"href":"https:\/\/www.allmogegeten.se\/index.php\/wp-json\/wp\/v2\/pages\/248\/revisions\/871"}],"up":[{"embeddable":true,"href":"https:\/\/www.allmogegeten.se\/index.php\/wp-json\/wp\/v2\/pages\/52"}],"wp:featuredmedia":[{"embeddable":true,"href":"https:\/\/www.allmogegeten.se\/index.php\/wp-json\/wp\/v2\/media\/80"}],"wp:attachment":[{"href":"https:\/\/www.allmogegeten.se\/index.php\/wp-json\/wp\/v2\/media?parent=248"}],"curies":[{"name":"wp","href":"https:\/\/api.w.org\/{rel}","templated":true}]}}