{"id":250,"date":"2025-05-30T15:24:16","date_gmt":"2025-05-30T13:24:16","guid":{"rendered":"https:\/\/www.allmogegeten.se\/?page_id=250"},"modified":"2026-01-29T18:07:05","modified_gmt":"2026-01-29T17:07:05","slug":"jamtget","status":"publish","type":"page","link":"https:\/\/www.allmogegeten.se\/index.php\/getraserna\/jamtget\/","title":{"rendered":"J\u00e4mtget"},"content":{"rendered":"\n<p style=\"font-size:16px\">J\u00e4mtgeten \u00e4r en of\u00f6r\u00e4dlad lantrasget med anpassning till f\u00e4boddrift. Den var f\u00f6rr vanlig i framf\u00f6rallt J\u00e4mtland och H\u00e4rjedalen. Det som i f\u00f6rsta hand skiljer den fr\u00e5n den sydligare allmogegeten \u00e4r just anpassningen till det nordliga klimatet, bete och foder.<br><br><strong>Ursprung<\/strong>: F\u00e4bodmilj\u00f6 i J\u00e4mtland.<br><br><strong>Tillvaratagande<\/strong>: Oviken 1951, Asp\u00e5s 1991, Fr\u00f6s\u00f6n 1995 och Ringvattnet 2005.<br><br><strong>K\u00e4nnetecken:<\/strong>&nbsp;Vikt och mankh\u00f6jd varierar.<br><br>Vikt: get ca 35-65 kg, bock ca 50-100 kg.<br>Mankh\u00f6jd: get ca 55-70 cm, bock ca 60-80 cm.<br><br>Hittills dokumenterade grundf\u00e4rger \u00e4r olika nyanser av brunt, viltf\u00e4rg, svart, gr\u00e5 och vit. Enf\u00e4rgade djur f\u00f6rekommer, men olika grad av vitfl\u00e4ckighet \u00e4r vanligt. Viltteckning med markeringar p\u00e5 bl a ben, rygg och vid \u00f6gonen \u00e4r vanligt och f\u00f6rekommer i olika f\u00e4rgst\u00e4llningar. Samtliga djur \u00e4r behornade. \u201dKlockor\u201d f\u00f6rekommer hos enstaka djur.<br><br><strong>Antal<\/strong>: Den 31 december 2023 fanns det 507 djur (75 bockar och 432 getter) i 93 bes\u00e4ttningar.<\/p>\n\n\n\n<p class=\"has-text-align-center\" style=\"font-size:18px\">Avelsprogram f\u00f6r j\u00e4mtgeten finner ni <a href=\"https:\/\/www.allmogegeten.se\/index.php\/foreningen-allmogegetens-avelsprogram-jamtget\/\">h\u00e4r<\/a><\/p>\n\n\n\n<p><\/p>\n","protected":false},"excerpt":{"rendered":"<p>J\u00e4mtgeten \u00e4r en of\u00f6r\u00e4dlad lantrasget med anpassning till f\u00e4boddrift. Den var f\u00f6rr vanlig i framf\u00f6rallt J\u00e4mtland och H\u00e4rjedalen. Det som i f\u00f6rsta hand skiljer den<\/p>\n","protected":false},"author":2,"featured_media":67,"parent":52,"menu_order":0,"comment_status":"closed","ping_status":"closed","template":"","meta":{"footnotes":""},"class_list":["post-250","page","type-page","status-publish","has-post-thumbnail","hentry"],"_links":{"self":[{"href":"https:\/\/www.allmogegeten.se\/index.php\/wp-json\/wp\/v2\/pages\/250","targetHints":{"allow":["GET"]}}],"collection":[{"href":"https:\/\/www.allmogegeten.se\/index.php\/wp-json\/wp\/v2\/pages"}],"about":[{"href":"https:\/\/www.allmogegeten.se\/index.php\/wp-json\/wp\/v2\/types\/page"}],"author":[{"embeddable":true,"href":"https:\/\/www.allmogegeten.se\/index.php\/wp-json\/wp\/v2\/users\/2"}],"replies":[{"embeddable":true,"href":"https:\/\/www.allmogegeten.se\/index.php\/wp-json\/wp\/v2\/comments?post=250"}],"version-history":[{"count":5,"href":"https:\/\/www.allmogegeten.se\/index.php\/wp-json\/wp\/v2\/pages\/250\/revisions"}],"predecessor-version":[{"id":870,"href":"https:\/\/www.allmogegeten.se\/index.php\/wp-json\/wp\/v2\/pages\/250\/revisions\/870"}],"up":[{"embeddable":true,"href":"https:\/\/www.allmogegeten.se\/index.php\/wp-json\/wp\/v2\/pages\/52"}],"wp:featuredmedia":[{"embeddable":true,"href":"https:\/\/www.allmogegeten.se\/index.php\/wp-json\/wp\/v2\/media\/67"}],"wp:attachment":[{"href":"https:\/\/www.allmogegeten.se\/index.php\/wp-json\/wp\/v2\/media?parent=250"}],"curies":[{"name":"wp","href":"https:\/\/api.w.org\/{rel}","templated":true}]}}