{"id":318,"date":"2025-06-12T11:48:50","date_gmt":"2025-06-12T09:48:50","guid":{"rendered":"https:\/\/www.allmogegeten.se\/?page_id=318"},"modified":"2026-02-28T14:39:08","modified_gmt":"2026-02-28T13:39:08","slug":"har-soker-du-harstamningsintyg-for-lappgetter","status":"publish","type":"page","link":"https:\/\/www.allmogegeten.se\/index.php\/har-soker-du-harstamningsintyg-for-lappgetter\/","title":{"rendered":"H\u00e4r s\u00f6ker du h\u00e4rstamningsintyg f\u00f6r lappgetter"},"content":{"rendered":"\n<p style=\"font-size:16px\">Fyll noga i nedanst\u00e5ende uppgifter s\u00e5 vi kan utf\u00e4rda ett h\u00e4rstamningsintyg.<\/p>\n\n\n\n<p><strong>OBSERVERA<\/strong> att ni \u00e4ven m\u00e5ste ha betalt in medlemsavgiften f\u00f6r g\u00e4llande \u00e5r innan vi kan skicka h\u00e4rstamningsintygen till er.<\/p>\n\n\n\n<p style=\"font-size:16px\">Kostnaden per intyg \u00e4r 20 kr. Betala in den totala summan f\u00f6r dina best\u00e4llda intyg till PG 236347-1 eller swisha till 1230791277, ange ditt medlemsnummer\/genbanksnummer. Intygen skickas till dig inom 2 veckor efter inkommen betalning.<\/p>\n\n\n\n<p style=\"font-size:16px\">Alla ni som har visningsg\u00e5rd, 4-H g\u00e5rd, djurpark eller annan anl\u00e4ggning som beh\u00f6ver f\u00e5 en faktura, skriv &#8221;Faktura&#8221; i &#8221;\u00d6vriga upplysningar&#8221; n\u00e4r ni fyller h\u00e4rstamningsintygen s\u00e5 kommer det en faktura och intygen skickas inom 2 veckor efter den \u00e4r betald. <\/p>\n\n\n<style id=\"wpforms-css-vars-271-block-3f177bc9-6a7b-4284-8e55-409da423fb50\">\n\t\t\t\t#wpforms-271.wpforms-block-3f177bc9-6a7b-4284-8e55-409da423fb50 {\n\t\t\t\t--wpforms-label-color: rgba(0, 0, 0, 0.85);\n--wpforms-label-sublabel-color: rgba(0, 0, 0, 0.55);\n--wpforms-field-border-color: rgba(0, 0, 0, 0.25);\n--wpforms-field-border-color-spare: rgba(0, 0, 0, 0.25);\n--wpforms-field-text-color: rgba(0, 0, 0, 0.7);\n--wpforms-field-size-input-height: 43px;\n--wpforms-field-size-input-spacing: 15px;\n--wpforms-field-size-font-size: 16px;\n--wpforms-field-size-line-height: 19px;\n--wpforms-field-size-padding-h: 14px;\n--wpforms-field-size-checkbox-size: 16px;\n--wpforms-field-size-sublabel-spacing: 5px;\n--wpforms-field-size-icon-size: 1;\n--wpforms-label-size-font-size: 16px;\n--wpforms-label-size-line-height: 19px;\n--wpforms-label-size-sublabel-font-size: 14px;\n--wpforms-label-size-sublabel-line-height: 17px;\n--wpforms-button-size-font-size: 17px;\n--wpforms-button-size-height: 41px;\n--wpforms-button-size-padding-h: 15px;\n--wpforms-button-size-margin-top: 10px;\n\t\t\t}\n\t\t\t<\/style><div class=\"wpforms-container wpforms-container-full wpforms-block wpforms-block-3f177bc9-6a7b-4284-8e55-409da423fb50 wpforms-render-modern\" id=\"wpforms-271\"><form id=\"wpforms-form-271\" class=\"wpforms-validate wpforms-form wpforms-ajax-form\" data-formid=\"271\" method=\"post\" enctype=\"multipart\/form-data\" action=\"\/index.php\/wp-json\/wp\/v2\/pages\/318\" data-token=\"fbdfc8963c63959c787e304f40d5e67e\" data-token-time=\"1777827408\"><noscript class=\"wpforms-error-noscript\">Aktivera JavaScript i din webbl\u00e4sare f\u00f6r att fylla i formul\u00e4ret.<\/noscript><div id=\"wpforms-error-noscript\" style=\"display: none;\">Aktivera JavaScript i din webbl\u00e4sare f\u00f6r att fylla i formul\u00e4ret.<\/div><div class=\"wpforms-field-container\"><div id=\"wpforms-271-field_1-container\" class=\"wpforms-field wpforms-field-name\" data-field-id=\"1\"><label class=\"wpforms-field-label\" for=\"wpforms-271-field_1\">Uppf\u00f6darens uppgifter: <span class=\"wpforms-required-label\" aria-hidden=\"true\">*<\/span><\/label><input type=\"text\" id=\"wpforms-271-field_1\" class=\"wpforms-field-medium wpforms-field-required\" name=\"wpforms[fields][1]\" aria-errormessage=\"wpforms-271-field_1-error\" aria-describedby=\"wpforms-271-field_1-description\" required><div id=\"wpforms-271-field_1-description\" class=\"wpforms-field-description\">Namn &amp; adress:<\/div><\/div><div id=\"wpforms-271-field_7-container\" class=\"wpforms-field wpforms-field-text\" data-field-id=\"7\"><label class=\"wpforms-field-label\" for=\"wpforms-271-field_7\">Medlemsnr\/Genbanksnr: <span class=\"wpforms-required-label\" aria-hidden=\"true\">*<\/span><\/label><input type=\"text\" id=\"wpforms-271-field_7\" class=\"wpforms-field-medium wpforms-field-required\" name=\"wpforms[fields][7]\" aria-errormessage=\"wpforms-271-field_7-error\" required><\/div><div id=\"wpforms-271-field_2-container\" class=\"wpforms-field wpforms-field-email\" data-field-id=\"2\"><label class=\"wpforms-field-label\" for=\"wpforms-271-field_2\">E-post <span class=\"wpforms-required-label\" aria-hidden=\"true\">*<\/span><\/label><input type=\"email\" id=\"wpforms-271-field_2\" class=\"wpforms-field-medium wpforms-field-required\" name=\"wpforms[fields][2]\" spellcheck=\"false\" aria-errormessage=\"wpforms-271-field_2-error\" required><\/div><div id=\"wpforms-271-field_6-container\" class=\"wpforms-field wpforms-field-text\" data-field-id=\"6\"><label class=\"wpforms-field-label\" for=\"wpforms-271-field_6\">Telefonnummer: <span class=\"wpforms-required-label\" aria-hidden=\"true\">*<\/span><\/label><input type=\"text\" id=\"wpforms-271-field_6\" class=\"wpforms-field-medium wpforms-field-required\" name=\"wpforms[fields][6]\" aria-errormessage=\"wpforms-271-field_6-error\" required><\/div><div id=\"wpforms-271-field_8-container\" class=\"wpforms-field wpforms-field-radio\" data-field-id=\"8\"><fieldset><legend class=\"wpforms-field-label\">Ras: <span class=\"wpforms-required-label\" aria-hidden=\"true\">*<\/span><\/legend><ul id=\"wpforms-271-field_8\" class=\"wpforms-field-required\"><li class=\"choice-1 depth-1\"><input type=\"radio\" id=\"wpforms-271-field_8_1\" name=\"wpforms[fields][8]\" value=\"Lappget\" aria-errormessage=\"wpforms-271-field_8_1-error\" required ><label class=\"wpforms-field-label-inline\" for=\"wpforms-271-field_8_1\">Lappget<\/label><\/li><\/ul><\/fieldset><\/div><div id=\"wpforms-271-field_37-container\" class=\"wpforms-field wpforms-field-text\" data-field-id=\"37\"><label class=\"wpforms-field-label\" for=\"wpforms-271-field_37\">Genbanksnummer: (ex G-1227-25-01) <span class=\"wpforms-required-label\" aria-hidden=\"true\">*<\/span><\/label><input type=\"text\" id=\"wpforms-271-field_37\" class=\"wpforms-field-medium wpforms-field-required\" name=\"wpforms[fields][37]\" aria-errormessage=\"wpforms-271-field_37-error\" required><\/div><div id=\"wpforms-271-field_38-container\" class=\"wpforms-field wpforms-field-text\" data-field-id=\"38\"><label class=\"wpforms-field-label\" for=\"wpforms-271-field_38\">G\u00e5rdsnamn: <span class=\"wpforms-required-label\" aria-hidden=\"true\">*<\/span><\/label><input type=\"text\" id=\"wpforms-271-field_38\" class=\"wpforms-field-medium wpforms-field-required\" name=\"wpforms[fields][38]\" aria-errormessage=\"wpforms-271-field_38-error\" required><\/div><div id=\"wpforms-271-field_9-container\" class=\"wpforms-field wpforms-field-text\" data-field-id=\"9\"><label class=\"wpforms-field-label\" for=\"wpforms-271-field_9\">Djurets namn: <span class=\"wpforms-required-label\" aria-hidden=\"true\">*<\/span><\/label><input type=\"text\" id=\"wpforms-271-field_9\" class=\"wpforms-field-medium wpforms-field-required\" name=\"wpforms[fields][9]\" aria-errormessage=\"wpforms-271-field_9-error\" required><\/div><div id=\"wpforms-271-field_13-container\" class=\"wpforms-field wpforms-field-checkbox\" data-field-id=\"13\"><fieldset><legend class=\"wpforms-field-label\">K\u00f6n: <span class=\"wpforms-required-label\" aria-hidden=\"true\">*<\/span><\/legend><ul id=\"wpforms-271-field_13\" class=\"wpforms-field-required\"><li class=\"choice-1 depth-1\"><input type=\"checkbox\" id=\"wpforms-271-field_13_1\" name=\"wpforms[fields][13][]\" value=\"Bock\" aria-errormessage=\"wpforms-271-field_13_1-error\" required ><label class=\"wpforms-field-label-inline\" for=\"wpforms-271-field_13_1\">Bock<\/label><\/li><li class=\"choice-2 depth-1\"><input type=\"checkbox\" id=\"wpforms-271-field_13_2\" name=\"wpforms[fields][13][]\" value=\"Get\" aria-errormessage=\"wpforms-271-field_13_2-error\" required ><label class=\"wpforms-field-label-inline\" for=\"wpforms-271-field_13_2\">Get<\/label><\/li><\/ul><\/fieldset><\/div><div id=\"wpforms-271-field_16-container\" class=\"wpforms-field wpforms-field-text\" data-field-id=\"16\"><label class=\"wpforms-field-label\" for=\"wpforms-271-field_16\">Fader, namn &amp; genbanksnr:  <span class=\"wpforms-required-label\" aria-hidden=\"true\">*<\/span><\/label><input type=\"text\" id=\"wpforms-271-field_16\" class=\"wpforms-field-medium wpforms-field-required\" name=\"wpforms[fields][16]\" aria-errormessage=\"wpforms-271-field_16-error\" required><\/div><div id=\"wpforms-271-field_18-container\" class=\"wpforms-field wpforms-field-text\" data-field-id=\"18\"><label class=\"wpforms-field-label\" for=\"wpforms-271-field_18\">Moder, namn &amp; genbanksnr: <span class=\"wpforms-required-label\" aria-hidden=\"true\">*<\/span><\/label><input type=\"text\" id=\"wpforms-271-field_18\" class=\"wpforms-field-medium wpforms-field-required\" name=\"wpforms[fields][18]\" aria-errormessage=\"wpforms-271-field_18-error\" required><\/div><div id=\"wpforms-271-field_11-container\" class=\"wpforms-field wpforms-field-text\" data-field-id=\"11\"><label class=\"wpforms-field-label\" for=\"wpforms-271-field_11\">M\u00e4rknr (ex SEnr-25001): <span class=\"wpforms-required-label\" aria-hidden=\"true\">*<\/span><\/label><input type=\"text\" id=\"wpforms-271-field_11\" class=\"wpforms-field-medium wpforms-field-required\" name=\"wpforms[fields][11]\" aria-errormessage=\"wpforms-271-field_11-error\" required><\/div><div id=\"wpforms-271-field_35-container\" class=\"wpforms-field wpforms-field-text\" data-field-id=\"35\"><label class=\"wpforms-field-label\" for=\"wpforms-271-field_35\">F\u00f6delsedatum: <span class=\"wpforms-required-label\" aria-hidden=\"true\">*<\/span><\/label><input type=\"text\" id=\"wpforms-271-field_35\" class=\"wpforms-field-medium wpforms-field-required\" name=\"wpforms[fields][35]\" aria-errormessage=\"wpforms-271-field_35-error\" required><\/div>\t\t<div id=\"wpforms-271-field_3-container\"\n\t\t\tclass=\"wpforms-field wpforms-field-text\"\n\t\t\tdata-field-type=\"text\"\n\t\t\tdata-field-id=\"3\"\n\t\t\t>\n\t\t\t<label class=\"wpforms-field-label\" for=\"wpforms-271-field_3\" >G\u00e5rdsnamn: K\u00f6n: Telefonnummer:<\/label>\n\t\t\t<input type=\"text\" id=\"wpforms-271-field_3\" class=\"wpforms-field-medium\" name=\"wpforms[fields][3]\" >\n\t\t<\/div>\n\t\t<div id=\"wpforms-271-field_14-container\" class=\"wpforms-field wpforms-field-text\" data-field-id=\"14\"><label class=\"wpforms-field-label\" for=\"wpforms-271-field_14\">F\u00e4rg\/K\u00e4nnetecken: <span class=\"wpforms-required-label\" aria-hidden=\"true\">*<\/span><\/label><input type=\"text\" id=\"wpforms-271-field_14\" class=\"wpforms-field-medium wpforms-field-required\" name=\"wpforms[fields][14]\" aria-errormessage=\"wpforms-271-field_14-error\" required><\/div><div id=\"wpforms-271-field_40-container\" class=\"wpforms-field wpforms-field-radio\" data-field-id=\"40\"><fieldset><legend class=\"wpforms-field-label\">Har djuret klockor? (sm\u00e5, p\u00e4lsbekl\u00e4dda hudutskott eller tofsar som h\u00e4nger fr\u00e5n \u00f6vre delen av halsen, strax under k\u00e4ken) <span class=\"wpforms-required-label\" aria-hidden=\"true\">*<\/span><\/legend><ul id=\"wpforms-271-field_40\" class=\"wpforms-field-required\"><li class=\"choice-1 depth-1\"><input type=\"radio\" id=\"wpforms-271-field_40_1\" name=\"wpforms[fields][40]\" value=\"Ja\" aria-errormessage=\"wpforms-271-field_40_1-error\" required ><label class=\"wpforms-field-label-inline\" for=\"wpforms-271-field_40_1\">Ja<\/label><\/li><li class=\"choice-2 depth-1\"><input type=\"radio\" id=\"wpforms-271-field_40_2\" name=\"wpforms[fields][40]\" value=\"Nej\" aria-errormessage=\"wpforms-271-field_40_2-error\" required ><label class=\"wpforms-field-label-inline\" for=\"wpforms-271-field_40_2\">Nej<\/label><\/li><\/ul><\/fieldset><\/div><div id=\"wpforms-271-field_25-container\" class=\"wpforms-field wpforms-field-name\" data-field-id=\"25\"><label class=\"wpforms-field-label\" for=\"wpforms-271-field_25\">K\u00f6parens uppgifter:<\/label><input type=\"text\" id=\"wpforms-271-field_25\" class=\"wpforms-field-medium\" name=\"wpforms[fields][25]\" aria-errormessage=\"wpforms-271-field_25-error\" aria-describedby=\"wpforms-271-field_25-description\" ><div id=\"wpforms-271-field_25-description\" class=\"wpforms-field-description\">K\u00f6parens namn &amp; adress:<\/div><\/div><div id=\"wpforms-271-field_21-container\" class=\"wpforms-field wpforms-field-text\" data-field-id=\"21\"><label class=\"wpforms-field-label\" for=\"wpforms-271-field_21\">Medlemsnr &amp; SE-nummer:<\/label><input type=\"text\" id=\"wpforms-271-field_21\" class=\"wpforms-field-medium\" name=\"wpforms[fields][21]\" aria-errormessage=\"wpforms-271-field_21-error\" ><\/div><div id=\"wpforms-271-field_23-container\" class=\"wpforms-field wpforms-field-text\" data-field-id=\"23\"><label class=\"wpforms-field-label\" for=\"wpforms-271-field_23\">Telefonnummer:<\/label><input type=\"text\" id=\"wpforms-271-field_23\" class=\"wpforms-field-medium\" name=\"wpforms[fields][23]\" aria-errormessage=\"wpforms-271-field_23-error\" ><\/div><div id=\"wpforms-271-field_24-container\" class=\"wpforms-field wpforms-field-email\" data-field-id=\"24\"><label class=\"wpforms-field-label\" for=\"wpforms-271-field_24\">E-post<\/label><input type=\"email\" id=\"wpforms-271-field_24\" class=\"wpforms-field-medium\" name=\"wpforms[fields][24]\" spellcheck=\"false\" aria-errormessage=\"wpforms-271-field_24-error\" ><\/div><div id=\"wpforms-271-field_26-container\" class=\"wpforms-field wpforms-field-textarea\" data-field-id=\"26\"><label class=\"wpforms-field-label\" for=\"wpforms-271-field_26\">\u00d6vriga upplysningar:<\/label><textarea id=\"wpforms-271-field_26\" class=\"wpforms-field-medium\" name=\"wpforms[fields][26]\" aria-errormessage=\"wpforms-271-field_26-error\" ><\/textarea><\/div><script>\n\t\t\t\t( function() {\n\t\t\t\t\tconst style = document.createElement( 'style' );\n\t\t\t\t\tstyle.appendChild( document.createTextNode( '#wpforms-271-field_3-container { position: absolute !important; overflow: hidden !important; display: inline !important; height: 1px !important; width: 1px !important; z-index: -1000 !important; padding: 0 !important; } #wpforms-271-field_3-container input { visibility: hidden; } #wpforms-conversational-form-page #wpforms-271-field_3-container label { counter-increment: none; }' ) );\n\t\t\t\t\tdocument.head.appendChild( style );\n\t\t\t\t\tdocument.currentScript?.remove();\n\t\t\t\t} )();\n\t\t\t<\/script><\/div><!-- .wpforms-field-container --><div class=\"wpforms-submit-container\" ><input type=\"hidden\" name=\"wpforms[id]\" value=\"271\"><input type=\"hidden\" name=\"page_title\" value=\"\"><input type=\"hidden\" name=\"page_url\" value=\"https:\/\/www.allmogegeten.se\/index.php\/wp-json\/wp\/v2\/pages\/318\"><input type=\"hidden\" name=\"url_referer\" value=\"\"><button type=\"submit\" name=\"wpforms[submit]\" id=\"wpforms-submit-271\" class=\"wpforms-submit\" data-alt-text=\"Skickar...\" data-submit-text=\"Skicka\" aria-live=\"assertive\" value=\"wpforms-submit\">Skicka<\/button><img loading=\"lazy\" decoding=\"async\" src=\"https:\/\/www.allmogegeten.se\/wp-content\/plugins\/wpforms-lite\/assets\/images\/submit-spin.svg\" class=\"wpforms-submit-spinner\" style=\"display: none;\" width=\"26\" height=\"26\" alt=\"Laddar\"><\/div><\/form><\/div>  <!-- .wpforms-container -->","protected":false},"excerpt":{"rendered":"<p>Fyll noga i nedanst\u00e5ende uppgifter s\u00e5 vi kan utf\u00e4rda ett h\u00e4rstamningsintyg. OBSERVERA att ni \u00e4ven m\u00e5ste ha betalt in medlemsavgiften f\u00f6r g\u00e4llande \u00e5r innan vi<\/p>\n","protected":false},"author":2,"featured_media":0,"parent":0,"menu_order":0,"comment_status":"closed","ping_status":"closed","template":"","meta":{"footnotes":""},"class_list":["post-318","page","type-page","status-publish","hentry"],"_links":{"self":[{"href":"https:\/\/www.allmogegeten.se\/index.php\/wp-json\/wp\/v2\/pages\/318","targetHints":{"allow":["GET"]}}],"collection":[{"href":"https:\/\/www.allmogegeten.se\/index.php\/wp-json\/wp\/v2\/pages"}],"about":[{"href":"https:\/\/www.allmogegeten.se\/index.php\/wp-json\/wp\/v2\/types\/page"}],"author":[{"embeddable":true,"href":"https:\/\/www.allmogegeten.se\/index.php\/wp-json\/wp\/v2\/users\/2"}],"replies":[{"embeddable":true,"href":"https:\/\/www.allmogegeten.se\/index.php\/wp-json\/wp\/v2\/comments?post=318"}],"version-history":[{"count":7,"href":"https:\/\/www.allmogegeten.se\/index.php\/wp-json\/wp\/v2\/pages\/318\/revisions"}],"predecessor-version":[{"id":917,"href":"https:\/\/www.allmogegeten.se\/index.php\/wp-json\/wp\/v2\/pages\/318\/revisions\/917"}],"wp:attachment":[{"href":"https:\/\/www.allmogegeten.se\/index.php\/wp-json\/wp\/v2\/media?parent=318"}],"curies":[{"name":"wp","href":"https:\/\/api.w.org\/{rel}","templated":true}]}}