{"id":39,"date":"2021-09-20T02:04:33","date_gmt":"2021-09-20T00:04:33","guid":{"rendered":"https:\/\/www.allmogegeten.se\/?page_id=39"},"modified":"2025-07-06T21:48:53","modified_gmt":"2025-07-06T19:48:53","slug":"bevara-i-genbank","status":"publish","type":"page","link":"https:\/\/www.allmogegeten.se\/index.php\/bevara-i-genbank\/","title":{"rendered":"Bevara i genbank"},"content":{"rendered":"\n<h1 class=\"wp-block-heading\" style=\"font-size:30px\">Bevarande<\/h1>\n\n\n\n<p style=\"font-size:16px\">I genbanken bevaras = sparas\/skyddas rasens mest ursprungliga och of\u00f6r\u00e4ndrade del. Med en levande genbank \u00e5syftas att den best\u00e5r av enskilda bes\u00e4ttningar med levande djur. Eventuellt djupfryst genmaterial ses som komplement.<br><br>Lantrasdjuren i genbanken bevaras med stor variation, utan till\u00e5ten inkorsning. Inga ensidiga avelsm\u00e5l i f\u00f6r\u00e4dlingssyfte f\u00f6r speciella produktionsegenskaper eller standardiserat utseende f\u00e5r f\u00f6rekomma inom bevarandearbetet. Krav st\u00e4lls vid avelsurval p\u00e5 inre egenskaper som klimatisk h\u00e4rdighet, motst\u00e5ndskraft mot sjukdomar, f\u00f6r\u00e4ldraegenskaper, lynne och rimlig produktivitet.<br><br>Det kr\u00e4vs inte n\u00e5gra stora f\u00f6rkunskaper eller att man bor i n\u00e5gon s\u00e4rskild del av landet f\u00f6r att vara med i genbanken. Vad som kr\u00e4vs \u00e4r att man skriver under p\u00e5 att man ska h\u00e5lla sina djur fria fr\u00e5n inkorsning och att man f\u00f6rst\u00e5tt vikten av att beh\u00e5lla dem of\u00f6r\u00e4dlade.<br><br>Man beh\u00f6ver inte ha m\u00e5nga djur f\u00f6r att vara med, det viktiga \u00e4r att man h\u00e5ller djur av b\u00e5da k\u00f6nen f\u00f6r att f\u00e5 en s\u00e5 j\u00e4mn f\u00f6rdelning mellan antalet bockar och getter i genbankerna. P\u00e5 s\u00e5 s\u00e4tt blir den effektiva populationen st\u00f6rre och vi f\u00e5r fler genetiska kombinationer. M\u00e5nga sm\u00e5 grupper blir d\u00e4rf\u00f6r som regel effektivare \u00e4n n\u00e5gra f\u00e5 stora bes\u00e4ttningar med m\u00e5nga hondjur.<br><br>F\u00f6r att du skall kunna ansluta din bes\u00e4ttning till rasens genbank kr\u00e4vs att du \u00e4r medlem i F\u00f6reningen Allmogegeten, att djuren \u00e4r rastypiska och att djurens h\u00e4rstamning \u00e4r k\u00e4nd. Endast \u00e4gare till anslutna genbanksbes\u00e4ttningar har r\u00e4tt att best\u00e4lla h\u00e4rstamningsintyg &#8211; beg\u00e4r d\u00e4rf\u00f6r alltid h\u00e4rstamningsintyg (tidigare genbanksintyg) n\u00e4r du k\u00f6per eller byter allmogegetter! Sedan kan ett genbankskontrakt uppr\u00e4ttas mellan dig och f\u00f6reningen.<\/p>\n\n\n\n<blockquote class=\"wp-block-quote has-text-align-center is-layout-flow wp-block-quote-is-layout-flow\">\n<p class=\"has-text-align-center\" style=\"font-style:italic;font-weight:800\"><strong>Man blir inte genbank automatiskt f\u00f6r att man k\u00f6per djur med genbanksintyg, <\/strong><\/p>\n\n\n\n<p class=\"has-text-align-center\" style=\"font-style:italic;font-weight:800\"><strong>man m\u00e5ste ans\u00f6ka om att bli det!<\/strong><\/p>\n<\/blockquote>\n\n\n\n<h2 class=\"wp-block-heading\">Genbankssystemet<\/h2>\n\n\n\n<p style=\"font-size:16px\">Genbankssystemet \u00e4r uppbyggt kring dessa tre viktiga dokument:<br><br><strong>Genbanks-\/H\u00e4rstamningsintyget<\/strong> (som man f\u00e5r med n\u00e4r man k\u00f6per djuren). Det \u00e4r det h\u00e4rstamningsintyg eller &#8221;stamtavla&#8221; som endast f\u00e5r utf\u00e4rdas f\u00f6r djur som \u00e4r f\u00f6dda i genbanksbes\u00e4ttningar. Man kan s\u00e4ga att det \u00e4r k\u00f6parens nyckel till att komma med i genbanken. <br><br><strong>Genbankskontraktet<\/strong> (som man f\u00e5r fr\u00e5n f\u00f6reningens genbanksansvariga), d\u00e4r man g\u00e5r med p\u00e5 att f\u00f6lja g\u00e4llande regler och avelsprogram. Sedan m\u00e5ste f\u00f6reningen godk\u00e4nna ans\u00f6kan. Efter godk\u00e4nnandet \u00e4r bes\u00e4ttningen ansluten till rasens genbank, och d\u00e5 har \u00e4garen r\u00e4tt att i sin tur best\u00e4lla h\u00e4rstamningsintyg till nya k\u00f6pare.<br><br><strong>\u00c5rsrapporten<\/strong> (som djur\u00e4garna skickar in till f\u00f6reningen en g\u00e5ng om \u00e5ret). F\u00f6r att kunna f\u00f6lja upp hur lantraserna bevaras, inte bara till antalet, l\u00e4mnar \u00e4garna till genbanksbes\u00e4ttningarna varje \u00e5r en rapport \u00f6ver t ex f\u00f6dda och d\u00f6da djur, ev. sjukdomar osv. Dessa uppgifter ligger till grund f\u00f6r vidare rapportering till Jordbruksverket och FAO, samt f\u00f6r den statistik f\u00f6reningen varje \u00e5r sammanst\u00e4ller.<\/p>\n\n\n\n<h2 class=\"wp-block-heading\">Mer information<\/h2>\n\n\n\n<p style=\"font-size:16px\">Om du kontaktar f\u00f6reningen kan du f\u00e5 mer information om hur genbankssystemet fungerar. Genbanksansvarig f\u00f6r respektive ras kan hj\u00e4lpa dig med avelsr\u00e5dgivning, ge tips om var du kan k\u00f6pa\/byta genbanksdjur samt hj\u00e4lpa dig med genbanksanslutning av din bes\u00e4ttning.<\/p>\n\n\n\n<p><\/p>\n","protected":false},"excerpt":{"rendered":"<p>Bevarande I genbanken bevaras = sparas\/skyddas rasens mest ursprungliga och of\u00f6r\u00e4ndrade del. Med en levande genbank \u00e5syftas att den best\u00e5r av enskilda bes\u00e4ttningar med levande<\/p>\n","protected":false},"author":1,"featured_media":0,"parent":0,"menu_order":0,"comment_status":"closed","ping_status":"closed","template":"","meta":{"footnotes":""},"class_list":["post-39","page","type-page","status-publish","hentry"],"_links":{"self":[{"href":"https:\/\/www.allmogegeten.se\/index.php\/wp-json\/wp\/v2\/pages\/39","targetHints":{"allow":["GET"]}}],"collection":[{"href":"https:\/\/www.allmogegeten.se\/index.php\/wp-json\/wp\/v2\/pages"}],"about":[{"href":"https:\/\/www.allmogegeten.se\/index.php\/wp-json\/wp\/v2\/types\/page"}],"author":[{"embeddable":true,"href":"https:\/\/www.allmogegeten.se\/index.php\/wp-json\/wp\/v2\/users\/1"}],"replies":[{"embeddable":true,"href":"https:\/\/www.allmogegeten.se\/index.php\/wp-json\/wp\/v2\/comments?post=39"}],"version-history":[{"count":12,"href":"https:\/\/www.allmogegeten.se\/index.php\/wp-json\/wp\/v2\/pages\/39\/revisions"}],"predecessor-version":[{"id":460,"href":"https:\/\/www.allmogegeten.se\/index.php\/wp-json\/wp\/v2\/pages\/39\/revisions\/460"}],"wp:attachment":[{"href":"https:\/\/www.allmogegeten.se\/index.php\/wp-json\/wp\/v2\/media?parent=39"}],"curies":[{"name":"wp","href":"https:\/\/api.w.org\/{rel}","templated":true}]}}