{"id":500,"date":"2026-01-16T20:43:18","date_gmt":"2026-01-16T19:43:18","guid":{"rendered":"https:\/\/www.allmogegeten.se\/?page_id=500"},"modified":"2026-01-21T12:54:32","modified_gmt":"2026-01-21T11:54:32","slug":"annonser","status":"publish","type":"page","link":"https:\/\/www.allmogegeten.se\/index.php\/annonser\/","title":{"rendered":"Annonser &#8211; l\u00e4gg in annons"},"content":{"rendered":"\n<p style=\"font-size:16px\">Observera att det finns f\u00f6r det mesta betydligt fler djur till salu \u00e4n de som annonseras ut h\u00e4r eftersom alla inte annonserar! Det kan finnas djur p\u00e5 n\u00e4rmare h\u00e5ll, linjer som beh\u00f6ver st\u00e4rkas och andra som redan \u00e4r fullt tillr\u00e4ckligt spridda. V\u00e4nd dig d\u00e4rf\u00f6r g\u00e4rna till\u00a0<strong><a href=\"https:\/\/www.allmogegeten.se\/index.php\/kontakt\/\">genbanksansvarig f\u00f6r rasen<\/a><\/strong>\u00a0<strong>INNAN<\/strong>\u00a0du k\u00f6per din f\u00f6rsta get eller bock.<br>\u00a0<br>De genbanksansvariga har aktuella uppgifter om getter till salu \u00f6ver hela landet och hj\u00e4lper dig g\u00e4rna att s\u00e4tta ihop l\u00e4mpliga avelsdjur.<\/p>\n\n\n\n<p class=\"has-text-align-center\"><a href=\"https:\/\/www.allmogegeten.se\/index.php\/till-salu-goingegetter\/\" data-type=\"page\" data-id=\"736\">Annonssida: g\u00f6ingget <\/a><\/p>\n\n\n\n<p class=\"has-text-align-center\"><a href=\"https:\/\/www.allmogegeten.se\/index.php\/till-salu-jamtget\/\" data-type=\"page\" data-id=\"739\">Annonssida: j\u00e4mtget<\/a><\/p>\n\n\n\n<p class=\"has-text-align-center\"><a href=\"https:\/\/www.allmogegeten.se\/index.php\/till-salu-lappget\/\" data-type=\"page\" data-id=\"743\">Annonssida: lappget<\/a><br>&nbsp;<\/p>\n\n\n\n<p class=\"has-text-align-center\">*^*^*^*^*^*^*^*^*^*^*^*^*^*^*^*^*^*^*^*<\/p>\n\n\n\n<p class=\"has-text-align-center\" style=\"font-size:18px\"><strong>V\u00e4lkommen att l\u00e4gga in er Till Salu-annons!<br><\/strong><\/p>\n\n\n\n<p style=\"font-size:16px\"><em>F\u00f6r att annonsera m\u00e5ste du vara medlem i f\u00f6reningen och godk\u00e4nd som genbank f\u00f6r djuren du vill s\u00e4lja. Detta kommer att kontrolleras innan din annons aktiveras. <br><strong>K\u00f6pes-annonser tas inte in<\/strong>. De genbanksansvariga hj\u00e4lper g\u00e4rna dig som vill k\u00f6pa getter.<\/em><\/p>\n\n\n\n<p style=\"font-size:16px\"><em><strong>Ta bort annons:<\/strong>&nbsp;Annonserna ligger kvar p\u00e5 annonssidan i ca tv\u00e5 m\u00e5nader. Vill du ta bort din annons innan dess, maila <a href=\"mailto:annonser@allmogegeten.se\">annonser@allmogegeten.se<\/a><br>Annonser som ligger p\u00e5 hemsidan vid medlemstidningen Heidruns tryckning kommer att publiceras i tidningen.<\/em><\/p>\n\n\n\n<p class=\"has-text-align-center\" style=\"font-size:16px;font-style:italic;font-weight:400\"><strong>Endast genbanksdjur i annonserna!<\/strong><br>&nbsp;<\/p>\n\n\n<style id=\"wpforms-css-vars-719-block-bb6bb292-a799-4d3f-bf1b-14bebfb32282\">\n\t\t\t\t#wpforms-719.wpforms-block-bb6bb292-a799-4d3f-bf1b-14bebfb32282 {\n\t\t\t\t--wpforms-field-size-input-height: 43px;\n--wpforms-field-size-input-spacing: 15px;\n--wpforms-field-size-font-size: 16px;\n--wpforms-field-size-line-height: 19px;\n--wpforms-field-size-padding-h: 14px;\n--wpforms-field-size-checkbox-size: 16px;\n--wpforms-field-size-sublabel-spacing: 5px;\n--wpforms-field-size-icon-size: 1;\n--wpforms-label-size-font-size: 16px;\n--wpforms-label-size-line-height: 19px;\n--wpforms-label-size-sublabel-font-size: 14px;\n--wpforms-label-size-sublabel-line-height: 17px;\n--wpforms-button-size-font-size: 17px;\n--wpforms-button-size-height: 41px;\n--wpforms-button-size-padding-h: 15px;\n--wpforms-button-size-margin-top: 10px;\n\t\t\t}\n\t\t\t<\/style><div class=\"wpforms-container wpforms-container-full wpforms-block wpforms-block-bb6bb292-a799-4d3f-bf1b-14bebfb32282 wpforms-render-modern\" id=\"wpforms-719\"><form id=\"wpforms-form-719\" class=\"wpforms-validate wpforms-form wpforms-ajax-form\" data-formid=\"719\" method=\"post\" enctype=\"multipart\/form-data\" action=\"\/index.php\/wp-json\/wp\/v2\/pages\/500\" data-token=\"2e72a73d36083946fd58eabdac645ad2\" data-token-time=\"1777598955\"><noscript class=\"wpforms-error-noscript\">Aktivera JavaScript i din webbl\u00e4sare f\u00f6r att fylla i formul\u00e4ret.<\/noscript><div id=\"wpforms-error-noscript\" style=\"display: none;\">Aktivera JavaScript i din webbl\u00e4sare f\u00f6r att fylla i formul\u00e4ret.<\/div><div class=\"wpforms-field-container\">\t\t<div id=\"wpforms-719-field_1-container\"\n\t\t\tclass=\"wpforms-field wpforms-field-text\"\n\t\t\tdata-field-type=\"text\"\n\t\t\tdata-field-id=\"1\"\n\t\t\t>\n\t\t\t<label class=\"wpforms-field-label\" for=\"wpforms-719-field_1\" >Annonstext: till ni<\/label>\n\t\t\t<input type=\"text\" id=\"wpforms-719-field_1\" class=\"wpforms-field-medium\" name=\"wpforms[fields][1]\" >\n\t\t<\/div>\n\t\t<div id=\"wpforms-719-field_4-container\" class=\"wpforms-field wpforms-field-text\" data-field-id=\"4\"><label class=\"wpforms-field-label\" for=\"wpforms-719-field_4\">Annonsrubrik (ras): <span class=\"wpforms-required-label\" aria-hidden=\"true\">*<\/span><\/label><input type=\"text\" id=\"wpforms-719-field_4\" class=\"wpforms-field-medium wpforms-field-required\" name=\"wpforms[fields][4]\" aria-errormessage=\"wpforms-719-field_4-error\" required><\/div><div id=\"wpforms-719-field_5-container\" class=\"wpforms-field wpforms-field-text\" data-field-id=\"5\"><label class=\"wpforms-field-label\" for=\"wpforms-719-field_5\">Ditt namn: <span class=\"wpforms-required-label\" aria-hidden=\"true\">*<\/span><\/label><input type=\"text\" id=\"wpforms-719-field_5\" class=\"wpforms-field-medium wpforms-field-required\" name=\"wpforms[fields][5]\" aria-errormessage=\"wpforms-719-field_5-error\" required><\/div><div id=\"wpforms-719-field_6-container\" class=\"wpforms-field wpforms-field-text\" data-field-id=\"6\"><label class=\"wpforms-field-label\" for=\"wpforms-719-field_6\">Medlems-\/ genbanksnummer: <span class=\"wpforms-required-label\" aria-hidden=\"true\">*<\/span><\/label><input type=\"text\" id=\"wpforms-719-field_6\" class=\"wpforms-field-medium wpforms-field-required\" name=\"wpforms[fields][6]\" aria-errormessage=\"wpforms-719-field_6-error\" required><\/div><div id=\"wpforms-719-field_8-container\" class=\"wpforms-field wpforms-field-text\" data-field-id=\"8\"><label class=\"wpforms-field-label\" for=\"wpforms-719-field_8\">Ort: <span class=\"wpforms-required-label\" aria-hidden=\"true\">*<\/span><\/label><input type=\"text\" id=\"wpforms-719-field_8\" class=\"wpforms-field-medium wpforms-field-required\" name=\"wpforms[fields][8]\" aria-errormessage=\"wpforms-719-field_8-error\" required><\/div><div id=\"wpforms-719-field_10-container\" class=\"wpforms-field wpforms-field-select wpforms-field-select-style-classic\" data-field-id=\"10\"><label class=\"wpforms-field-label\" for=\"wpforms-719-field_10\">L\u00e4n:  <span class=\"wpforms-required-label\" aria-hidden=\"true\">*<\/span><\/label><select id=\"wpforms-719-field_10\" class=\"wpforms-field-medium wpforms-field-required\" name=\"wpforms[fields][10]\" required=\"required\"><option value=\"\" class=\"placeholder\" disabled  selected='selected'>&#8212; V\u00e4lj val &#8212;<\/option><option value=\"Blekinge\"  class=\"choice-1 depth-1\"  >Blekinge<\/option><option value=\"Bohusl\u00e4n\"  class=\"choice-2 depth-1\"  >Bohusl\u00e4n<\/option><option value=\"Dalarna\"  class=\"choice-3 depth-1\"  >Dalarna<\/option><option value=\"Dalsland\"  class=\"choice-10 depth-1\"  >Dalsland<\/option><option value=\"Gotland\"  class=\"choice-9 depth-1\"  >Gotland<\/option><option value=\"G\u00e4strikland\"  class=\"choice-8 depth-1\"  >G\u00e4strikland<\/option><option value=\"Halland\"  class=\"choice-7 depth-1\"  >Halland<\/option><option value=\"H\u00e4lsingland\"  class=\"choice-6 depth-1\"  >H\u00e4lsingland<\/option><option value=\"H\u00e4rjedalen\"  class=\"choice-5 depth-1\"  >H\u00e4rjedalen<\/option><option value=\"J\u00e4mtland\"  class=\"choice-4 depth-1\"  >J\u00e4mtland<\/option><option value=\"Lappland\"  class=\"choice-12 depth-1\"  >Lappland<\/option><option value=\"Medelpad\"  class=\"choice-11 depth-1\"  >Medelpad<\/option><option value=\"Norrbotten\"  class=\"choice-15 depth-1\"  >Norrbotten<\/option><option value=\"N\u00e4rke\"  class=\"choice-14 depth-1\"  >N\u00e4rke<\/option><option value=\"Sk\u00e5ne\"  class=\"choice-13 depth-1\"  >Sk\u00e5ne<\/option><option value=\"Sm\u00e5land\"  class=\"choice-18 depth-1\"  >Sm\u00e5land<\/option><option value=\"S\u00f6dermanland\"  class=\"choice-17 depth-1\"  >S\u00f6dermanland<\/option><option value=\"Uppland\"  class=\"choice-16 depth-1\"  >Uppland<\/option><option value=\"V\u00e4rmland\"  class=\"choice-19 depth-1\"  >V\u00e4rmland<\/option><option value=\"V\u00e4sterbotten\"  class=\"choice-21 depth-1\"  >V\u00e4sterbotten<\/option><option value=\"V\u00e4sterg\u00f6tland\"  class=\"choice-20 depth-1\"  >V\u00e4sterg\u00f6tland<\/option><option value=\"V\u00e4stmanland\"  class=\"choice-23 depth-1\"  >V\u00e4stmanland<\/option><option value=\"\u00c5ngermanland\"  class=\"choice-22 depth-1\"  >\u00c5ngermanland<\/option><option value=\"\u00d6land\"  class=\"choice-25 depth-1\"  >\u00d6land<\/option><option value=\"\u00d6sterg\u00f6tland\"  class=\"choice-24 depth-1\"  >\u00d6sterg\u00f6tland<\/option><\/select><\/div><div id=\"wpforms-719-field_7-container\" class=\"wpforms-field wpforms-field-text\" data-field-id=\"7\"><label class=\"wpforms-field-label\" for=\"wpforms-719-field_7\">Telefon: <span class=\"wpforms-required-label\" aria-hidden=\"true\">*<\/span><\/label><input type=\"text\" id=\"wpforms-719-field_7\" class=\"wpforms-field-medium wpforms-field-required\" name=\"wpforms[fields][7]\" aria-errormessage=\"wpforms-719-field_7-error\" required><\/div><div id=\"wpforms-719-field_9-container\" class=\"wpforms-field wpforms-field-text\" data-field-id=\"9\"><label class=\"wpforms-field-label\" for=\"wpforms-719-field_9\">E-post: <span class=\"wpforms-required-label\" aria-hidden=\"true\">*<\/span><\/label><input type=\"text\" id=\"wpforms-719-field_9\" class=\"wpforms-field-medium wpforms-field-required\" name=\"wpforms[fields][9]\" aria-errormessage=\"wpforms-719-field_9-error\" required><\/div><div id=\"wpforms-719-field_12-container\" class=\"wpforms-field wpforms-field-textarea\" data-field-id=\"12\"><label class=\"wpforms-field-label\" for=\"wpforms-719-field_12\">Annonstext: (Kort, saklig beskrivning. Ange g\u00e4rna vilka f\u00f6r\u00e4ldrarna \u00e4r till djuren ni annonserar ut.) <span class=\"wpforms-required-label\" aria-hidden=\"true\">*<\/span><\/label><textarea id=\"wpforms-719-field_12\" class=\"wpforms-field-medium wpforms-field-required\" name=\"wpforms[fields][12]\" aria-errormessage=\"wpforms-719-field_12-error\" required><\/textarea><\/div><script>\n\t\t\t\t( function() {\n\t\t\t\t\tconst style = document.createElement( 'style' );\n\t\t\t\t\tstyle.appendChild( document.createTextNode( '#wpforms-719-field_1-container { position: absolute !important; overflow: hidden !important; display: inline !important; height: 1px !important; width: 1px !important; z-index: -1000 !important; padding: 0 !important; } #wpforms-719-field_1-container input { visibility: hidden; } #wpforms-conversational-form-page #wpforms-719-field_1-container label { counter-increment: none; }' ) );\n\t\t\t\t\tdocument.head.appendChild( style );\n\t\t\t\t\tdocument.currentScript?.remove();\n\t\t\t\t} )();\n\t\t\t<\/script><\/div><!-- .wpforms-field-container --><div class=\"wpforms-submit-container\" ><input type=\"hidden\" name=\"wpforms[id]\" value=\"719\"><input type=\"hidden\" name=\"page_title\" value=\"\"><input type=\"hidden\" name=\"page_url\" value=\"https:\/\/www.allmogegeten.se\/index.php\/wp-json\/wp\/v2\/pages\/500\"><input type=\"hidden\" name=\"url_referer\" value=\"\"><button type=\"submit\" name=\"wpforms[submit]\" id=\"wpforms-submit-719\" class=\"wpforms-submit\" data-alt-text=\"Skickar \u2026\" data-submit-text=\"Skicka\" aria-live=\"assertive\" value=\"wpforms-submit\">Skicka<\/button><img loading=\"lazy\" decoding=\"async\" src=\"https:\/\/www.allmogegeten.se\/wp-content\/plugins\/wpforms-lite\/assets\/images\/submit-spin.svg\" class=\"wpforms-submit-spinner\" style=\"display: none;\" width=\"26\" height=\"26\" alt=\"Laddar\"><\/div><\/form><\/div>  <!-- .wpforms-container -->","protected":false},"excerpt":{"rendered":"<p>Observera att det finns f\u00f6r det mesta betydligt fler djur till salu \u00e4n de som annonseras ut h\u00e4r eftersom alla inte annonserar! Det kan finnas<\/p>\n","protected":false},"author":2,"featured_media":0,"parent":0,"menu_order":0,"comment_status":"closed","ping_status":"closed","template":"","meta":{"footnotes":""},"class_list":["post-500","page","type-page","status-publish","hentry"],"_links":{"self":[{"href":"https:\/\/www.allmogegeten.se\/index.php\/wp-json\/wp\/v2\/pages\/500","targetHints":{"allow":["GET"]}}],"collection":[{"href":"https:\/\/www.allmogegeten.se\/index.php\/wp-json\/wp\/v2\/pages"}],"about":[{"href":"https:\/\/www.allmogegeten.se\/index.php\/wp-json\/wp\/v2\/types\/page"}],"author":[{"embeddable":true,"href":"https:\/\/www.allmogegeten.se\/index.php\/wp-json\/wp\/v2\/users\/2"}],"replies":[{"embeddable":true,"href":"https:\/\/www.allmogegeten.se\/index.php\/wp-json\/wp\/v2\/comments?post=500"}],"version-history":[{"count":14,"href":"https:\/\/www.allmogegeten.se\/index.php\/wp-json\/wp\/v2\/pages\/500\/revisions"}],"predecessor-version":[{"id":816,"href":"https:\/\/www.allmogegeten.se\/index.php\/wp-json\/wp\/v2\/pages\/500\/revisions\/816"}],"wp:attachment":[{"href":"https:\/\/www.allmogegeten.se\/index.php\/wp-json\/wp\/v2\/media?parent=500"}],"curies":[{"name":"wp","href":"https:\/\/api.w.org\/{rel}","templated":true}]}}