{"id":517,"date":"2025-07-18T19:42:31","date_gmt":"2025-07-18T17:42:31","guid":{"rendered":"https:\/\/www.allmogegeten.se\/?page_id=517"},"modified":"2025-07-18T19:42:31","modified_gmt":"2025-07-18T17:42:31","slug":"sa-ar-dagen-antligen-kommen-getter-ska-hamtas-hem","status":"publish","type":"page","link":"https:\/\/www.allmogegeten.se\/index.php\/sa-ar-dagen-antligen-kommen-getter-ska-hamtas-hem\/","title":{"rendered":"S\u00e5 \u00e4r dagen \u00e4ntligen kommen, getter ska h\u00e4mtas hem."},"content":{"rendered":"\n<p>Vad ska man d\u00e5 t\u00e4nka p\u00e5, vad beh\u00f6ver de, hur ska de bo? Fr\u00e5gorna kan vara m\u00e5nga eller f\u00e5. Vi hade ett webinar i maj d\u00e4r vi tog upp lite utav detta och h\u00e4r nedan kommer en liten sammanfattning:<\/p>\n\n\n\n<p><strong>Gethuset<\/strong><\/p>\n\n\n\n<p>Getter vill kunna g\u00e5 in \u00e5ret runt, dom vilar inomhus nattetid och vid d\u00e5ligt v\u00e4der.<br>Getter beh\u00f6ver mycket utrymme, har stor integritet och dominant beteende mellan varandra. De beh\u00f6ver ha liggplatser i olika h\u00f6jd och\/eller avdelade viloplatser.<\/p>\n\n\n\n<p>Det beh\u00f6ver inte vara ett hus, ett stabilt vindskydd r\u00e4cker, allt \u00e4r ju lite beroende p\u00e5 vart i landet man bor. Det b\u00f6r finnas flera ing\u00e5ngar\/utg\u00e5ngar s\u00e5 att alla har m\u00f6jlighet att komma in eller ut.<\/p>\n\n\n\n<p><strong>St\u00e4ngsel\/hagar<\/strong><\/p>\n\n\n\n<p>Sommarhage: Det \u00e4r mest l\u00e4mpligt att st\u00e4ngsla med tr\u00e5d, v\u00e4lj en High Tensile tr\u00e5d eller en tr\u00e5d med m\u00e5nga ledare.<\/p>\n\n\n\n<p>St\u00e4ngsla egentligen aldrig med n\u00e4t som m\u00f6jligg\u00f6r att getterna kan stoppa huvudena genom maskorna. Eln\u00e4t \u00e4r helt ol\u00e4mpligt f\u00f6r behornade djur. Fastnar getter i dessa eln\u00e4t s\u00e5 \u00e4r risken stor att de kan avlida.<\/p>\n\n\n\n<p>V\u00e4xla g\u00e4rna hagar f\u00f6r att h\u00e5lla nere parasittrycket.<\/p>\n\n\n\n<p>Getter har en stark dragning till sitt stall och vill g\u00e4rna g\u00e5 hem p\u00e5 kv\u00e4llen \u00e4ven sommartid och d\u00e4rf\u00f6r \u00f6kar risken att de g\u00e5r igenom i samband med flytt till nya hagar.<\/p>\n\n\n\n<p>Vinterhage: N\u00e4r det kommer till vinterhage s\u00e5 \u00e4r behoven olika var i landet vi bor.<\/p>\n\n\n\n<p>Har man sn\u00f6rika vintrar s\u00e5 \u00e4r det mest l\u00e4mpligt att g\u00f6ra en vinterhage med viltst\u00e4ngsel som har sm\u00e5 rutor nedtill.<\/p>\n\n\n\n<p>F\u00f6r att l\u00e4ra killingar att g\u00e5 p\u00e5 eltr\u00e5d kan man s\u00e4tta upp en tr\u00e5d veckorna innan man sl\u00e4pper ut dem p\u00e5 betet p\u00e5 v\u00e5ren s\u00e5 d\u00e5 l\u00e4r de sig r\u00e4tt fort att man f\u00e5r en st\u00f6t n\u00e4r man r\u00f6r vid den och oftast g\u00e5r det l\u00e4ttare att h\u00e5lla killingarna inne i sommarhagen om man g\u00f6r s\u00e5.<\/p>\n\n\n\n<p>Getter stannar d\u00e4r dom har det dom beh\u00f6ver\/vill ha \u2013 tillr\u00e4ckligt med foder och stimulans.<\/p>\n\n\n\n<p><strong>Foder<\/strong><\/p>\n\n\n\n<p>Getter beh\u00f6ver sommartid ett bete, g\u00e4rna med sly.&nbsp; Under vintern r\u00e4cker det med h\u00f6\/h\u00f6silage. Saltsten med koppar ska finnas \u00e5ret om.<\/p>\n\n\n\n<p>Normalt sett beh\u00f6ver inte getter n\u00e5got kraftfoder\/tillskott. Men om man vill ge dem n\u00e5got kraftfoder, kan vara bra att locka med, s\u00e5 \u00e4r det hels\u00e4d som g\u00e4ller och d\u00e5 korn eller havre. Kn\u00e4ckebr\u00f6d, mor\u00f6tter, \u00e4pplen \u00e4r ocks\u00e5 n\u00e5got som getter oftast uppskattar i sm\u00e5 m\u00e4ngder som godis.<\/p>\n\n\n\n<p>Och beroende p\u00e5 var i landet man bor, s\u00e5 kan E-selen beh\u00f6va ges innan killning och d\u00e5 ger man det n\u00e5gra g\u00e5nger innan killning.<\/p>\n\n\n\n<p>Rent vatten, kontrollera var dag att de har vatten!<\/p>\n\n\n\n<p>T\u00e4nk p\u00e5 att h\u00e5lla getterna inomhus f\u00f6rsta tiden n\u00e4r de kommer hem till dig, b\u00e5de f\u00f6r att du och dina getter ska kunna f\u00e5 kontakt med varandra och passa p\u00e5 att ta ett tr\u00e4ckprov f\u00f6r att kontrollera att det inte finns n\u00e5gra magparasiter som du beh\u00f6ver avmaska f\u00f6r innan du sl\u00e4pper ut dem i dina hagar!<\/p>\n\n\n\n<p>Har ni fr\u00e5gor, funderingar, p\u00e5 vad som kan beh\u00f6vas innan getterna kommer till sitt nya hem s\u00e5 fr\u00e5ga genbanken ni k\u00f6per djuren av eller h\u00f6r av er till f\u00f6reningen!<\/p>\n\n\n\n<p>\/\/ Sara och Linn, genbanksansvariga f\u00f6r lappgeten<\/p>\n\n\n\n<figure class=\"wp-block-gallery has-nested-images columns-default is-cropped wp-block-gallery-1 is-layout-flex wp-block-gallery-is-layout-flex\">\n<figure class=\"wp-block-image size-large\"><img loading=\"lazy\" decoding=\"async\" width=\"1024\" height=\"1024\" data-id=\"518\" src=\"https:\/\/www.allmogegeten.se\/wp-content\/uploads\/2025\/07\/IMG_20210821_220404_151-1024x1024.webp\" alt=\"\" class=\"wp-image-518\" srcset=\"https:\/\/www.allmogegeten.se\/wp-content\/uploads\/2025\/07\/IMG_20210821_220404_151-1024x1024.webp 1024w, https:\/\/www.allmogegeten.se\/wp-content\/uploads\/2025\/07\/IMG_20210821_220404_151-300x300.webp 300w, https:\/\/www.allmogegeten.se\/wp-content\/uploads\/2025\/07\/IMG_20210821_220404_151-150x150.webp 150w, https:\/\/www.allmogegeten.se\/wp-content\/uploads\/2025\/07\/IMG_20210821_220404_151-768x768.webp 768w, https:\/\/www.allmogegeten.se\/wp-content\/uploads\/2025\/07\/IMG_20210821_220404_151.webp 1440w\" sizes=\"auto, (max-width: 1024px) 100vw, 1024px\" \/><\/figure>\n<\/figure>\n","protected":false},"excerpt":{"rendered":"<p>Vad ska man d\u00e5 t\u00e4nka p\u00e5, vad beh\u00f6ver de, hur ska de bo? Fr\u00e5gorna kan vara m\u00e5nga eller f\u00e5. Vi hade ett webinar i maj<\/p>\n","protected":false},"author":2,"featured_media":0,"parent":0,"menu_order":0,"comment_status":"closed","ping_status":"closed","template":"","meta":{"footnotes":""},"class_list":["post-517","page","type-page","status-publish","hentry"],"_links":{"self":[{"href":"https:\/\/www.allmogegeten.se\/index.php\/wp-json\/wp\/v2\/pages\/517","targetHints":{"allow":["GET"]}}],"collection":[{"href":"https:\/\/www.allmogegeten.se\/index.php\/wp-json\/wp\/v2\/pages"}],"about":[{"href":"https:\/\/www.allmogegeten.se\/index.php\/wp-json\/wp\/v2\/types\/page"}],"author":[{"embeddable":true,"href":"https:\/\/www.allmogegeten.se\/index.php\/wp-json\/wp\/v2\/users\/2"}],"replies":[{"embeddable":true,"href":"https:\/\/www.allmogegeten.se\/index.php\/wp-json\/wp\/v2\/comments?post=517"}],"version-history":[{"count":1,"href":"https:\/\/www.allmogegeten.se\/index.php\/wp-json\/wp\/v2\/pages\/517\/revisions"}],"predecessor-version":[{"id":520,"href":"https:\/\/www.allmogegeten.se\/index.php\/wp-json\/wp\/v2\/pages\/517\/revisions\/520"}],"wp:attachment":[{"href":"https:\/\/www.allmogegeten.se\/index.php\/wp-json\/wp\/v2\/media?parent=517"}],"curies":[{"name":"wp","href":"https:\/\/api.w.org\/{rel}","templated":true}]}}