{"id":533,"date":"2025-08-30T22:08:42","date_gmt":"2025-08-30T20:08:42","guid":{"rendered":"https:\/\/www.allmogegeten.se\/?page_id=533"},"modified":"2025-09-04T17:07:43","modified_gmt":"2025-09-04T15:07:43","slug":"genbanker-och-bockar-ett-fortydligande","status":"publish","type":"page","link":"https:\/\/www.allmogegeten.se\/index.php\/genbanker-och-bockar-ett-fortydligande\/","title":{"rendered":"Genbanker och bockar, ett f\u00f6rtydligande"},"content":{"rendered":"\n<p><\/p>\n\n\n\n<p style=\"font-size:16px\">H\u00e4r f\u00f6rs\u00f6ker vi klarg\u00f6ra n\u00e5gra saker runt bockar och GENBANKER inom raserna.<\/p>\n\n\n\n<p style=\"font-size:16px\">Det kommer inl\u00e4gg i olika grupper p\u00e5 FB och \u00e4ven mail om att vuxna bockar \u00e4r till salu eller utl\u00e5ning och vi, genbanksansvariga, \u00e4r d\u00e4r och skriver\/svarar att vi inte f\u00f6respr\u00e5kar utl\u00e5ning av bockar mellan g\u00e5rdar och ibland skriver vi tillochmed att de inte b\u00f6r g\u00e5 mer i avel.<\/p>\n\n\n\n<p style=\"font-size:16px\">Varf\u00f6r g\u00f6r vi d\u00e5 detta??<\/p>\n\n\n\n<p style=\"font-size:16px\">F\u00f6rst och fr\u00e4mst vill vi bredda aveln, vi vill undvika att samma bock g\u00e5r runt hos getter inom samma n\u00e4romr\u00e5de. Varf\u00f6r? Jo, f\u00f6r att det kommer att sluta med att alla \u00e4r sl\u00e4kt med varandra och d\u00e5 f\u00e5r vi problem med att hitta avelsbockar senare. Det vore b\u00e5de l\u00e4ttare och trevligare om man kan k\u00f6ra ett samarbete med genbanker inom samma n\u00e4romr\u00e5de eller? Det borde g\u00f6ra aveln lite l\u00e4ttare f\u00f6r alla.<\/p>\n\n\n\n<p style=\"font-size:16px\">Vi tittar \u00e4ven p\u00e5 hur m\u00e5nga avkommor det finns p\u00e5 var bock, om killingarna \u00e4r registrerade. Och h\u00e4r f\u00e5r vi \u00e4ven titta p\u00e5 hur ser det ut runt om, kanske just den bocken \u00e4r en tvilling till en annan bock som g\u00e5tt mycket i avel och d\u00e5 g\u00f6r det ju situationen lite annorlunda, vi f\u00f6rs\u00f6ker titta p\u00e5 helheten inom aveln, inte bara p\u00e5 enskilda djur. Vissa nu avlidna bockar har det avlats mycket p\u00e5 och h\u00e4r pratar vi runt 20-25 avkommor per bock och h\u00e4r kan ni ju sj\u00e4lva t\u00e4nka er att om m\u00e5nga av dess avkommor \u00e4r bockar som det avlas p\u00e5 s\u00e5 sprids samma gener vidare och det blir till slut sn\u00e4vt med att hitta avelsbockar som kanske inte \u00e4r n\u00e4ra sl\u00e4kt.<\/p>\n\n\n\n<p style=\"font-size:16px\">En bock som kan passa bra i en genbanksbes\u00e4ttning i sig, kanske inte \u00e4r den b\u00e4sta att v\u00e4lja \u00e4nd\u00e5 utifr\u00e5n HELA genbankens perspektiv. Det \u00e4r d\u00e4rf\u00f6r v\u00e5ra r\u00e5d ibland kan vara sv\u00e5ra att f\u00f6rst\u00e5. Vi, genbanksansvariga, f\u00f6rs\u00f6ker utg\u00e5 fr\u00e5n hela genbanken n\u00e4r vi r\u00e5der kring avel och inte bara fr\u00e5n den enda bes\u00e4ttningen som ska ha bocken. Givetvis kan inte alla genbanksbes\u00e4ttningar ha den breda bilden och det g\u00f6r ingenting att den d\u00e4rf\u00f6r inte \u00e4r med i ber\u00e4kningarna. Ser vi n\u00e5got som kan bli of\u00f6rdelaktigt s\u00e5 s\u00e4ger vi till. Finns det en v\u00e4ldigt viktig bock kan den kanske till och med beh\u00f6va g\u00e5 i flera genbanker och ibland kan en mer n\u00e4rbesl\u00e4ktad bock bara b\u00e4ttre \u00e4n en mer avl\u00e4gsen.<\/p>\n\n\n\n<p style=\"font-size:16px\">Sen finns det vissa linjer som \u00e4r underrepresenterade och dessa, n\u00e4r vi hittar dem, vill vi g\u00e4rna hitta s\u00e5 bra avelsdjur till som m\u00f6jligt. S\u00e5 vi tar g\u00e4rna emot f\u00f6rfr\u00e5gningar och funderingar, men vi kommer ocks\u00e5 att vara \u00e4rliga och s\u00e4ga som det \u00e4r om det \u00e4r s\u00e5 att just den linjen er bock tex kommer ifr\u00e5n inte borde avlas mer p\u00e5. MEN det vi ger \u00e4r bara rekommendationer och det sett utifr\u00e5n rasens b\u00e4sta. Sen kan det \u00e4ven vara s\u00e5 att en bock som ses som ytterst v\u00e4rdefull kan g\u00e5 till olika genbanker f\u00f6r h\u00e4r kan det vara bra att sprida generna. <\/p>\n\n\n\n<p style=\"font-size:16px\">Att man kan ha sv\u00e5rt f\u00f6r att komma till beslutet att det kanske \u00e4r dags att slakta sin bock det kan vi f\u00f6rst\u00e5. Men \u00e4ven h\u00e4r b\u00f6r man ha t\u00e4nkt till innan man skaffar sig djur. Kan\/vill man inte slakta sj\u00e4lv b\u00f6r man ha n\u00e5gon i sin n\u00e4rhet som man kan be om hj\u00e4lp. Denna hj\u00e4lp \u00e4r \u00e4ven bra att ha om ens djur skadar sig s\u00e5 illa s\u00e5 man m\u00e5ste avliva det. M\u00e5nga av oss bor kanske s\u00e5 att veterin\u00e4rer inte finns i n\u00e4rheten och \u00e4n mindre ett slakteri s\u00e5 detta \u00e4r en fr\u00e5ga av vikt som man b\u00f6r ha t\u00e4nkt \u00f6ver.<\/p>\n\n\n\n<p style=\"font-size:16px\">\u00c4r man med i bevarandet, har en genbank, m\u00e5ste man vara beredd p\u00e5 att ha en egen bock. Antingen k\u00f6per man in en bockkilling och slaktar den efter bet\u00e4ckning eller s\u00e5 v\u00e4ljer man att beh\u00e5lla den, l\u00e5ta den g\u00e5 kvar i getgruppen eller skaffar en bock till eller en kastrat som s\u00e4llskap till bocken. En bock ska INTE g\u00e5 ensam. &nbsp;<\/p>\n\n\n\n<p style=\"font-size:16px\">Har man sv\u00e5rt f\u00f6r att f\u00f6rst\u00e5 detta s\u00e5 ta g\u00e4rna en fundering om vad det inneb\u00e4r att vara genbank. Hoppas ni alla genbanker inom Allmogegetter f\u00f6rst\u00e5r att vi bara vill v\u00e4l och att vi arbetar f\u00f6r rasernas b\u00e4sta.<\/p>\n\n\n\n<p style=\"font-size:16px\">\/\/ Genbanksansvariga f\u00f6r G\u00f6ingeget, J\u00e4mtget och Lappget<\/p>\n\n\n<div class=\"wp-block-image is-style-rounded\">\n<figure class=\"aligncenter size-large is-resized\"><img decoding=\"async\" src=\"https:\/\/www.allmogegeten.se\/wp-content\/uploads\/2025\/08\/Odin.jpg\" alt=\"\" style=\"width:749px;height:auto\"\/><\/figure>\n<\/div>","protected":false},"excerpt":{"rendered":"<p>H\u00e4r f\u00f6rs\u00f6ker vi klarg\u00f6ra n\u00e5gra saker runt bockar och GENBANKER inom raserna. Det kommer inl\u00e4gg i olika grupper p\u00e5 FB och \u00e4ven mail om att<\/p>\n","protected":false},"author":2,"featured_media":0,"parent":0,"menu_order":0,"comment_status":"closed","ping_status":"closed","template":"","meta":{"footnotes":""},"class_list":["post-533","page","type-page","status-publish","hentry"],"_links":{"self":[{"href":"https:\/\/www.allmogegeten.se\/index.php\/wp-json\/wp\/v2\/pages\/533","targetHints":{"allow":["GET"]}}],"collection":[{"href":"https:\/\/www.allmogegeten.se\/index.php\/wp-json\/wp\/v2\/pages"}],"about":[{"href":"https:\/\/www.allmogegeten.se\/index.php\/wp-json\/wp\/v2\/types\/page"}],"author":[{"embeddable":true,"href":"https:\/\/www.allmogegeten.se\/index.php\/wp-json\/wp\/v2\/users\/2"}],"replies":[{"embeddable":true,"href":"https:\/\/www.allmogegeten.se\/index.php\/wp-json\/wp\/v2\/comments?post=533"}],"version-history":[{"count":4,"href":"https:\/\/www.allmogegeten.se\/index.php\/wp-json\/wp\/v2\/pages\/533\/revisions"}],"predecessor-version":[{"id":545,"href":"https:\/\/www.allmogegeten.se\/index.php\/wp-json\/wp\/v2\/pages\/533\/revisions\/545"}],"wp:attachment":[{"href":"https:\/\/www.allmogegeten.se\/index.php\/wp-json\/wp\/v2\/media?parent=533"}],"curies":[{"name":"wp","href":"https:\/\/api.w.org\/{rel}","templated":true}]}}