{"id":6,"date":"2021-09-19T13:13:00","date_gmt":"2021-09-19T11:13:00","guid":{"rendered":"https:\/\/www.allmogegeten.se\/?page_id=6"},"modified":"2025-12-29T19:47:30","modified_gmt":"2025-12-29T18:47:30","slug":"om","status":"publish","type":"page","link":"https:\/\/www.allmogegeten.se\/index.php\/om\/","title":{"rendered":"Medlemskap"},"content":{"rendered":"\n<p>F\u00f6reningen Allmogegeten \u00e4r en ideell f\u00f6rening som bildades 1993 f\u00f6r att bevara v\u00e5ra sista rester av lokala allmogegetter inom levande genbanker.<br><br>F\u00f6reningen \u00e4r avelsorganisation och f\u00f6r officiella h\u00e4rstamningsregister f\u00f6r lappgetter, g\u00f6ingegetter och j\u00e4mtgetter. Samtliga raser bevaras i genbank.<br><br>Som medlem i f\u00f6reningen f\u00e5r du 4 nr\/\u00e5r av medlemstidningen Heidrun. I tidningen bjuds p\u00e5 artiklar om getter och getsk\u00f6tsel, reportage fr\u00e5n f\u00f6reningens aktiviteter, bilder p\u00e5 allmogegetter samt ett annonstorg f\u00f6r medlemmarna.<br><br>Som genbanksansluten f\u00e5r du dessutom:<\/p>\n\n\n\n<ul class=\"wp-block-list\">\n<li>m\u00f6jlighet att s\u00f6ka Jordbruksverkets milj\u00f6st\u00f6d f\u00f6r hotade husdjursraser<\/li>\n\n\n\n<li>avelsr\u00e5d och hj\u00e4lp med djurf\u00f6rmedling av genbanksansvarig<\/li>\n\n\n\n<li>best\u00e4lla h\u00e4rstamningsintyg f\u00f6r killingar du f\u00f6der upp<\/li>\n\n\n\n<li>annonsera gratis i medlemstidningen och p\u00e5 hemsidan<\/li>\n<\/ul>\n\n\n\n<h2 class=\"wp-block-heading\">Bli medlem<\/h2>\n\n\n\n<p>F\u00f6r att bli medlem i F\u00f6reningen Allmogegeten fyller du i nedanst\u00e5ende uppgifter och skickar in det. N\u00e4r du skickat in det s\u00e5 kommer det upp en bekr\u00e4ftelse p\u00e5 att det \u00e4r skickat. Betala sedan in medlemsavgiften som \u00e4r 200:-\/\u00e5r och det g\u00f6r du antingen till pg 23 63 47 &#8211; 1 eller swish 123 079 12 77, ange ditt namn och e-post.<\/p>\n\n\n<style id=\"wpforms-css-vars-342-block-f06b1adb-f0eb-46f2-885d-88288e2f9102\">\n\t\t\t\t#wpforms-342.wpforms-block-f06b1adb-f0eb-46f2-885d-88288e2f9102 {\n\t\t\t\t--wpforms-field-size-input-height: 43px;\n--wpforms-field-size-input-spacing: 15px;\n--wpforms-field-size-font-size: 16px;\n--wpforms-field-size-line-height: 19px;\n--wpforms-field-size-padding-h: 14px;\n--wpforms-field-size-checkbox-size: 16px;\n--wpforms-field-size-sublabel-spacing: 5px;\n--wpforms-field-size-icon-size: 1;\n--wpforms-label-size-font-size: 16px;\n--wpforms-label-size-line-height: 19px;\n--wpforms-label-size-sublabel-font-size: 14px;\n--wpforms-label-size-sublabel-line-height: 17px;\n--wpforms-button-size-font-size: 17px;\n--wpforms-button-size-height: 41px;\n--wpforms-button-size-padding-h: 15px;\n--wpforms-button-size-margin-top: 10px;\n\t\t\t}\n\t\t\t<\/style><div class=\"wpforms-container wpforms-container-full wpforms-block wpforms-block-f06b1adb-f0eb-46f2-885d-88288e2f9102 wpforms-render-modern\" id=\"wpforms-342\"><form id=\"wpforms-form-342\" class=\"wpforms-validate wpforms-form wpforms-ajax-form\" data-formid=\"342\" method=\"post\" enctype=\"multipart\/form-data\" action=\"\/index.php\/wp-json\/wp\/v2\/pages\/6\" data-token=\"ade8e891b17a8fcfe23dcc8bcb9c0077\" data-token-time=\"1776337928\"><noscript class=\"wpforms-error-noscript\">Aktivera JavaScript i din webbl\u00e4sare f\u00f6r att fylla i formul\u00e4ret.<\/noscript><div id=\"wpforms-error-noscript\" style=\"display: none;\">Aktivera JavaScript i din webbl\u00e4sare f\u00f6r att fylla i formul\u00e4ret.<\/div><div class=\"wpforms-field-container\"><div id=\"wpforms-342-field_4-container\" class=\"wpforms-field wpforms-field-text\" data-field-id=\"4\"><label class=\"wpforms-field-label\" for=\"wpforms-342-field_4\">Namn: <span class=\"wpforms-required-label\" aria-hidden=\"true\">*<\/span><\/label><input type=\"text\" id=\"wpforms-342-field_4\" class=\"wpforms-field-medium wpforms-field-required\" name=\"wpforms[fields][4]\" aria-errormessage=\"wpforms-342-field_4-error\" required><\/div><div id=\"wpforms-342-field_5-container\" class=\"wpforms-field wpforms-field-text\" data-field-id=\"5\"><label class=\"wpforms-field-label\" for=\"wpforms-342-field_5\">Adress: <span class=\"wpforms-required-label\" aria-hidden=\"true\">*<\/span><\/label><input type=\"text\" id=\"wpforms-342-field_5\" class=\"wpforms-field-medium wpforms-field-required\" name=\"wpforms[fields][5]\" aria-errormessage=\"wpforms-342-field_5-error\" required><\/div><div id=\"wpforms-342-field_6-container\" class=\"wpforms-field wpforms-field-text\" data-field-id=\"6\"><label class=\"wpforms-field-label\" for=\"wpforms-342-field_6\">Postnummer: <span class=\"wpforms-required-label\" aria-hidden=\"true\">*<\/span><\/label><input type=\"text\" id=\"wpforms-342-field_6\" class=\"wpforms-field-medium wpforms-field-required\" name=\"wpforms[fields][6]\" aria-errormessage=\"wpforms-342-field_6-error\" required><\/div><div id=\"wpforms-342-field_7-container\" class=\"wpforms-field wpforms-field-text\" data-field-id=\"7\"><label class=\"wpforms-field-label\" for=\"wpforms-342-field_7\">Postort: <span class=\"wpforms-required-label\" aria-hidden=\"true\">*<\/span><\/label><input type=\"text\" id=\"wpforms-342-field_7\" class=\"wpforms-field-medium wpforms-field-required\" name=\"wpforms[fields][7]\" aria-errormessage=\"wpforms-342-field_7-error\" required><\/div><div id=\"wpforms-342-field_2-container\" class=\"wpforms-field wpforms-field-email\" data-field-id=\"2\"><label class=\"wpforms-field-label\" for=\"wpforms-342-field_2\">E-post <span class=\"wpforms-required-label\" aria-hidden=\"true\">*<\/span><\/label><input type=\"email\" id=\"wpforms-342-field_2\" class=\"wpforms-field-medium wpforms-field-required\" name=\"wpforms[fields][2]\" spellcheck=\"false\" aria-errormessage=\"wpforms-342-field_2-error\" required><\/div>\t\t<div id=\"wpforms-342-field_1-container\"\n\t\t\tclass=\"wpforms-field wpforms-field-text\"\n\t\t\tdata-field-type=\"text\"\n\t\t\tdata-field-id=\"1\"\n\t\t\t>\n\t\t\t<label class=\"wpforms-field-label\" for=\"wpforms-342-field_1\" >E-post Adress: ih\u00e5g<\/label>\n\t\t\t<input type=\"text\" id=\"wpforms-342-field_1\" class=\"wpforms-field-medium\" name=\"wpforms[fields][1]\" >\n\t\t<\/div>\n\t\t<div id=\"wpforms-342-field_9-container\" class=\"wpforms-field wpforms-field-text\" data-field-id=\"9\"><label class=\"wpforms-field-label\" for=\"wpforms-342-field_9\">Telefonnummer: <span class=\"wpforms-required-label\" aria-hidden=\"true\">*<\/span><\/label><input type=\"text\" id=\"wpforms-342-field_9\" class=\"wpforms-field-medium wpforms-field-required\" name=\"wpforms[fields][9]\" aria-errormessage=\"wpforms-342-field_9-error\" required><\/div><div id=\"wpforms-342-field_10-container\" class=\"wpforms-field wpforms-field-checkbox\" data-field-id=\"10\"><fieldset><legend class=\"wpforms-field-label\">Jag f\u00f6rst\u00e5r att: <span class=\"wpforms-required-label\" aria-hidden=\"true\">*<\/span><\/legend><ul id=\"wpforms-342-field_10\" class=\"wpforms-field-required\"><li class=\"choice-1 depth-1\"><input type=\"checkbox\" id=\"wpforms-342-field_10_1\" name=\"wpforms[fields][10][]\" value=\"medlemskap INTE inneb\u00e4r att jag automatiskt blir en genbank. F\u00f6r att bli genbank m\u00e5ste jag ans\u00f6ka om det via genbanksansvarige, f\u00f6r den ras jag \u00f6nskar bli genbank f\u00f6r, efter jag har blivit medlem och har k\u00f6pt mina getter med genbanks-\/h\u00e4rstamningsintyg.\" aria-errormessage=\"wpforms-342-field_10_1-error\" required ><label class=\"wpforms-field-label-inline\" for=\"wpforms-342-field_10_1\">medlemskap INTE inneb\u00e4r att jag automatiskt blir en genbank. F\u00f6r att bli genbank m\u00e5ste jag ans\u00f6ka om det via genbanksansvarige, f\u00f6r den ras jag \u00f6nskar bli genbank f\u00f6r, efter jag har blivit medlem och har k\u00f6pt mina getter med genbanks-\/h\u00e4rstamningsintyg.<\/label><\/li><\/ul><\/fieldset><\/div><div id=\"wpforms-342-field_11-container\" class=\"wpforms-field wpforms-field-radio\" data-field-id=\"11\"><fieldset><legend class=\"wpforms-field-label\">Kom ih\u00e5g <span class=\"wpforms-required-label\" aria-hidden=\"true\">*<\/span><\/legend><ul id=\"wpforms-342-field_11\" class=\"wpforms-field-required\"><li class=\"choice-1 depth-1\"><input type=\"radio\" id=\"wpforms-342-field_11_1\" name=\"wpforms[fields][11]\" value=\"Att betala in medlemsavgiften, 200:-, till pg 236347-1 eller Swish 123 079 12 77 och ange ditt namn och e-post! N\u00e4r betalningen har registrerats kommer ditt erh\u00e5ller du ditt medlemsnummer i ett v\u00e4lkomstbrev.\" aria-errormessage=\"wpforms-342-field_11_1-error\" required ><label class=\"wpforms-field-label-inline\" for=\"wpforms-342-field_11_1\">Att betala in medlemsavgiften, 200:-, till pg 236347-1 eller Swish 123 079 12 77 och ange ditt namn och e-post! N\u00e4r betalningen har registrerats kommer ditt erh\u00e5ller du ditt medlemsnummer i ett v\u00e4lkomstbrev.<\/label><\/li><\/ul><\/fieldset><\/div><script>\n\t\t\t\t( function() {\n\t\t\t\t\tconst style = document.createElement( 'style' );\n\t\t\t\t\tstyle.appendChild( document.createTextNode( '#wpforms-342-field_1-container { position: absolute !important; overflow: hidden !important; display: inline !important; height: 1px !important; width: 1px !important; z-index: -1000 !important; padding: 0 !important; } #wpforms-342-field_1-container input { visibility: hidden; } #wpforms-conversational-form-page #wpforms-342-field_1-container label { counter-increment: none; }' ) );\n\t\t\t\t\tdocument.head.appendChild( style );\n\t\t\t\t\tdocument.currentScript?.remove();\n\t\t\t\t} )();\n\t\t\t<\/script><\/div><!-- .wpforms-field-container --><div class=\"wpforms-submit-container\" ><input type=\"hidden\" name=\"wpforms[id]\" value=\"342\"><input type=\"hidden\" name=\"page_title\" value=\"\"><input type=\"hidden\" name=\"page_url\" value=\"https:\/\/www.allmogegeten.se\/index.php\/wp-json\/wp\/v2\/pages\/6\"><input type=\"hidden\" name=\"url_referer\" value=\"\"><button type=\"submit\" name=\"wpforms[submit]\" id=\"wpforms-submit-342\" class=\"wpforms-submit\" data-alt-text=\"Skickar \u2026\" data-submit-text=\"Skicka\" aria-live=\"assertive\" value=\"wpforms-submit\">Skicka<\/button><img loading=\"lazy\" decoding=\"async\" src=\"https:\/\/www.allmogegeten.se\/wp-content\/plugins\/wpforms-lite\/assets\/images\/submit-spin.svg\" class=\"wpforms-submit-spinner\" style=\"display: none;\" width=\"26\" height=\"26\" alt=\"Laddar\"><\/div><\/form><\/div>  <!-- .wpforms-container -->\n\n\n<h2 class=\"wp-block-heading\">Vill ni bli familjemedlem? <\/h2>\n\n\n\n<p>Max en familjemedlem per ordinarie medlem. Familjemedlem har r\u00f6str\u00e4tt vid \u00e5rsm\u00f6tet, men f\u00e5r ingen egen tidning.<\/p>\n\n\n\n<p>Familjemedlemskap: 100 kr\/\u00e5r.<\/p>\n\n\n\n<p>Fyll i nedan och skicka in! <\/p>\n\n\n<style id=\"wpforms-css-vars-365-block-e4070388-8feb-45ad-ae39-a70cb8962cc0\">\n\t\t\t\t#wpforms-365.wpforms-block-e4070388-8feb-45ad-ae39-a70cb8962cc0 {\n\t\t\t\t--wpforms-field-size-input-height: 43px;\n--wpforms-field-size-input-spacing: 15px;\n--wpforms-field-size-font-size: 16px;\n--wpforms-field-size-line-height: 19px;\n--wpforms-field-size-padding-h: 14px;\n--wpforms-field-size-checkbox-size: 16px;\n--wpforms-field-size-sublabel-spacing: 5px;\n--wpforms-field-size-icon-size: 1;\n--wpforms-label-size-font-size: 16px;\n--wpforms-label-size-line-height: 19px;\n--wpforms-label-size-sublabel-font-size: 14px;\n--wpforms-label-size-sublabel-line-height: 17px;\n--wpforms-button-size-font-size: 17px;\n--wpforms-button-size-height: 41px;\n--wpforms-button-size-padding-h: 15px;\n--wpforms-button-size-margin-top: 10px;\n\t\t\t}\n\t\t\t<\/style><div class=\"wpforms-container wpforms-container-full wpforms-block wpforms-block-e4070388-8feb-45ad-ae39-a70cb8962cc0 wpforms-render-modern\" id=\"wpforms-365\"><form id=\"wpforms-form-365\" class=\"wpforms-validate wpforms-form wpforms-ajax-form\" data-formid=\"365\" method=\"post\" enctype=\"multipart\/form-data\" action=\"\/index.php\/wp-json\/wp\/v2\/pages\/6\" data-token=\"6c1acce74a9bae9da4dbb88af0939342\" data-token-time=\"1776337928\"><noscript class=\"wpforms-error-noscript\">Aktivera JavaScript i din webbl\u00e4sare f\u00f6r att fylla i formul\u00e4ret.<\/noscript><div id=\"wpforms-error-noscript\" style=\"display: none;\">Aktivera JavaScript i din webbl\u00e4sare f\u00f6r att fylla i formul\u00e4ret.<\/div><div class=\"wpforms-field-container\">\t\t<div id=\"wpforms-365-field_6-container\"\n\t\t\tclass=\"wpforms-field wpforms-field-text\"\n\t\t\tdata-field-type=\"text\"\n\t\t\tdata-field-id=\"6\"\n\t\t\t>\n\t\t\t<label class=\"wpforms-field-label\" for=\"wpforms-365-field_6\" >Ordinarie medlem: ordinarie<\/label>\n\t\t\t<input type=\"text\" id=\"wpforms-365-field_6\" class=\"wpforms-field-medium\" name=\"wpforms[fields][6]\" >\n\t\t<\/div>\n\t\t<div id=\"wpforms-365-field_1-container\" class=\"wpforms-field wpforms-field-text\" data-field-id=\"1\"><label class=\"wpforms-field-label\" for=\"wpforms-365-field_1\">Namn p\u00e5 ordinarie medlem: <span class=\"wpforms-required-label\" aria-hidden=\"true\">*<\/span><\/label><input type=\"text\" id=\"wpforms-365-field_1\" class=\"wpforms-field-medium wpforms-field-required\" name=\"wpforms[fields][1]\" aria-errormessage=\"wpforms-365-field_1-error\" required><\/div><div id=\"wpforms-365-field_2-container\" class=\"wpforms-field wpforms-field-text\" data-field-id=\"2\"><label class=\"wpforms-field-label\" for=\"wpforms-365-field_2\">Ordinarie medlems medlemsnummer: <span class=\"wpforms-required-label\" aria-hidden=\"true\">*<\/span><\/label><input type=\"text\" id=\"wpforms-365-field_2\" class=\"wpforms-field-medium wpforms-field-required\" name=\"wpforms[fields][2]\" aria-errormessage=\"wpforms-365-field_2-error\" required><\/div><div id=\"wpforms-365-field_3-container\" class=\"wpforms-field wpforms-field-text\" data-field-id=\"3\"><label class=\"wpforms-field-label\" for=\"wpforms-365-field_3\">Namn p\u00e5 familjemedlem: <span class=\"wpforms-required-label\" aria-hidden=\"true\">*<\/span><\/label><input type=\"text\" id=\"wpforms-365-field_3\" class=\"wpforms-field-medium wpforms-field-required\" name=\"wpforms[fields][3]\" aria-errormessage=\"wpforms-365-field_3-error\" required><\/div><div id=\"wpforms-365-field_4-container\" class=\"wpforms-field wpforms-field-text\" data-field-id=\"4\"><label class=\"wpforms-field-label\" for=\"wpforms-365-field_4\">Adress till familjemedlem: <span class=\"wpforms-required-label\" aria-hidden=\"true\">*<\/span><\/label><input type=\"text\" id=\"wpforms-365-field_4\" class=\"wpforms-field-medium wpforms-field-required\" name=\"wpforms[fields][4]\" aria-errormessage=\"wpforms-365-field_4-error\" required><\/div><div id=\"wpforms-365-field_5-container\" class=\"wpforms-field wpforms-field-text\" data-field-id=\"5\"><label class=\"wpforms-field-label\" for=\"wpforms-365-field_5\">Postnummer &amp; postort till familjemedlem: <span class=\"wpforms-required-label\" aria-hidden=\"true\">*<\/span><\/label><input type=\"text\" id=\"wpforms-365-field_5\" class=\"wpforms-field-medium wpforms-field-required\" name=\"wpforms[fields][5]\" aria-errormessage=\"wpforms-365-field_5-error\" required><\/div><script>\n\t\t\t\t( function() {\n\t\t\t\t\tconst style = document.createElement( 'style' );\n\t\t\t\t\tstyle.appendChild( document.createTextNode( '#wpforms-342-field_1-container,#wpforms-365-field_6-container { position: absolute !important; overflow: hidden !important; display: inline !important; height: 1px !important; width: 1px !important; z-index: -1000 !important; padding: 0 !important; } #wpforms-342-field_1-container,#wpforms-365-field_6-container input { visibility: hidden; } #wpforms-conversational-form-page #wpforms-342-field_1-container,#wpforms-365-field_6-container label { counter-increment: none; }' ) );\n\t\t\t\t\tdocument.head.appendChild( style );\n\t\t\t\t\tdocument.currentScript?.remove();\n\t\t\t\t} )();\n\t\t\t<\/script><\/div><!-- .wpforms-field-container --><div class=\"wpforms-submit-container\" ><input type=\"hidden\" name=\"wpforms[id]\" value=\"365\"><input type=\"hidden\" name=\"page_title\" value=\"\"><input type=\"hidden\" name=\"page_url\" value=\"https:\/\/www.allmogegeten.se\/index.php\/wp-json\/wp\/v2\/pages\/6\"><input type=\"hidden\" name=\"url_referer\" value=\"\"><button type=\"submit\" name=\"wpforms[submit]\" id=\"wpforms-submit-365\" class=\"wpforms-submit\" data-alt-text=\"Skickar \u2026\" data-submit-text=\"Skicka\" aria-live=\"assertive\" value=\"wpforms-submit\">Skicka<\/button><img loading=\"lazy\" decoding=\"async\" src=\"https:\/\/www.allmogegeten.se\/wp-content\/plugins\/wpforms-lite\/assets\/images\/submit-spin.svg\" class=\"wpforms-submit-spinner\" style=\"display: none;\" width=\"26\" height=\"26\" alt=\"Laddar\"><\/div><\/form><\/div>  <!-- .wpforms-container -->","protected":false},"excerpt":{"rendered":"<p>F\u00f6reningen Allmogegeten \u00e4r en ideell f\u00f6rening som bildades 1993 f\u00f6r att bevara v\u00e5ra sista rester av lokala allmogegetter inom levande genbanker. F\u00f6reningen \u00e4r avelsorganisation och<\/p>\n","protected":false},"author":1,"featured_media":0,"parent":0,"menu_order":0,"comment_status":"closed","ping_status":"closed","template":"","meta":{"footnotes":""},"class_list":["post-6","page","type-page","status-publish","hentry"],"_links":{"self":[{"href":"https:\/\/www.allmogegeten.se\/index.php\/wp-json\/wp\/v2\/pages\/6","targetHints":{"allow":["GET"]}}],"collection":[{"href":"https:\/\/www.allmogegeten.se\/index.php\/wp-json\/wp\/v2\/pages"}],"about":[{"href":"https:\/\/www.allmogegeten.se\/index.php\/wp-json\/wp\/v2\/types\/page"}],"author":[{"embeddable":true,"href":"https:\/\/www.allmogegeten.se\/index.php\/wp-json\/wp\/v2\/users\/1"}],"replies":[{"embeddable":true,"href":"https:\/\/www.allmogegeten.se\/index.php\/wp-json\/wp\/v2\/comments?post=6"}],"version-history":[{"count":16,"href":"https:\/\/www.allmogegeten.se\/index.php\/wp-json\/wp\/v2\/pages\/6\/revisions"}],"predecessor-version":[{"id":664,"href":"https:\/\/www.allmogegeten.se\/index.php\/wp-json\/wp\/v2\/pages\/6\/revisions\/664"}],"wp:attachment":[{"href":"https:\/\/www.allmogegeten.se\/index.php\/wp-json\/wp\/v2\/media?parent=6"}],"curies":[{"name":"wp","href":"https:\/\/api.w.org\/{rel}","templated":true}]}}