{"id":667,"date":"2026-01-05T21:16:07","date_gmt":"2026-01-05T20:16:07","guid":{"rendered":"https:\/\/www.allmogegeten.se\/?page_id=667"},"modified":"2026-01-05T21:16:07","modified_gmt":"2026-01-05T20:16:07","slug":"trackprov-och-parasiter-skitviktigt-eller","status":"publish","type":"page","link":"https:\/\/www.allmogegeten.se\/index.php\/trackprov-och-parasiter-skitviktigt-eller\/","title":{"rendered":"Tr\u00e4ckprov och parasiter, skitviktigt eller..?"},"content":{"rendered":"\n<p class=\"has-text-align-center\" style=\"font-size:18px\"><strong>Varf\u00f6r ska man ta tr\u00e4ckprov?<\/strong><\/p>\n\n\n\n<p style=\"font-size:16px\">Tr\u00e4ckprov tar man f\u00f6r att f\u00e5 en uppfattning om man har tarmparasiter p\u00e5 sina getter och man f\u00e5r d\u00e5 dessa identifierad och kan d\u00e5 bed\u00f6ma smittl\u00e4get och f\u00e5 reda p\u00e5 om man b\u00f6r avmaska sina djur eller inte.<\/p>\n\n\n\n<p style=\"font-size:16px\">Man b\u00f6r INTE avmaska djuren utan att ha tagit ett tr\u00e4ckprov f\u00f6rst! Man b\u00f6r konsultera en veterin\u00e4r och f\u00e5 r\u00e4tt avmaskningsmedel utskrivet f\u00f6r att undvika att resistens uppst\u00e5r i flocken.<\/p>\n\n\n\n<p class=\"has-text-align-center\" style=\"font-size:18px\"><strong>Hur tar man tr\u00e4ckprov?<\/strong><\/p>\n\n\n\n<p style=\"font-size:16px\">Man samlar f\u00e4rskt tr\u00e4ck direkt fr\u00e5n djuret eller fr\u00e5n marken. Viktigt att det \u00e4r f\u00e4rskt! Man b\u00f6r provta flera individer samtidigt, minst 6 djur. Har man f\u00e4rre djur \u00e4n s\u00e5 s\u00e5 tar man p\u00e5 alla djur. Man kan best\u00e4lla provtagningskit via b\u00e5de ex v Vidilab och SVA och d\u00e5 medf\u00f6ljer tydliga instruktioner.<\/p>\n\n\n\n<p class=\"has-text-align-center\" style=\"font-size:18px\"><strong>N\u00e4r b\u00f6r man ta tr\u00e4ckprov?<\/strong><\/p>\n\n\n\n<p style=\"font-size:16px\">Man tar tr\u00e4ckprov p\u00e5 v\u00e5ren p\u00e5 de vuxna djuren, efter killningen och f\u00f6re betessl\u00e4pp. Killingarna kan sedan provtas innan byte av bete eller avv\u00e4njning. &nbsp;Vid ink\u00f6p av nya djur s\u00e5 kan man h\u00f6ra med s\u00e4ljaren om tr\u00e4ckprov tagits och be om att f\u00e5 se det. Men n\u00e4r man tar in nya djur \u00e4r det viktigt att ha dem i karant\u00e4n f\u00f6rsta tiden och d\u00e5 kan man sj\u00e4lv ta ett tr\u00e4ckprov och skicka in f\u00f6r att f\u00e5r svar.<\/p>\n\n\n\n<p class=\"has-text-align-center\" style=\"font-size:18px\"><strong>Hur och n\u00e4r ska man behandla?<\/strong><\/p>\n\n\n\n<p style=\"font-size:16px\">N\u00e4r man sedan f\u00e5r svaret fr\u00e5n tr\u00e4ckproven och det visar p\u00e5 att det finns magparasiter i bes\u00e4ttningen tar man kontakt med en veterin\u00e4r som d\u00e5 avg\u00f6r om det finns behov av avmaskning.<\/p>\n\n\n\n<p style=\"font-size:16px\">Har man f\u00e5tt in stora magmasken, Haemonchus Contortus, i sin bes\u00e4ttning s\u00e5 \u00e4r det rekommenderbart att man efter ca 14 dagar efter avmaskning tar ett nytt tr\u00e4ckprov p\u00e5 sina djur och beg\u00e4r d\u00e5 ett s\u00e5 kallat PCR-analys som visar DNA-f\u00f6rekomst fr\u00e5n stora magmasken. D\u00e5 f\u00e5r man ett svar p\u00e5 om avmaskningen har tagit eller inte. Viktigt \u00e4r att man har en dialog med veterin\u00e4r.<\/p>\n\n\n\n<p><\/p>\n\n\n\n<p class=\"has-text-align-center\" style=\"font-size:16px\">Under h\u00f6sten 2025 bj\u00f6d f\u00f6reningen in Bitte Ljungstr\u00f6m, seniorexpert och parasitolog fr\u00e5n Vidilab, som h\u00f6ll en digital f\u00f6rel\u00e4sning i \u00e4mnet \u201dParasitologi-ett skitviktigt \u00e4mne\u201d f\u00f6r f\u00f6reningens medlemmar.<\/p>\n\n\n\n<p class=\"has-text-align-center\" style=\"font-size:16px\">Denna f\u00f6rel\u00e4sning finns att se i efterhand h\u00e4r p\u00e5 hemsidan f\u00f6r alla medlemmar men det kr\u00e4vs ett l\u00f6senord och har ni inte det s\u00e5 maila till <a href=\"mailto:lappget@allmogegeten.se\">lappget@allmogegeten.se<\/a> och uppge ert medlemsnummer s\u00e5 skickar vi ut det.<\/p>\n\n\n\n<p class=\"has-text-align-center\" style=\"font-size:16px\"><\/p>\n\n\n\n<p><\/p>\n","protected":false},"excerpt":{"rendered":"<p>Varf\u00f6r ska man ta tr\u00e4ckprov? Tr\u00e4ckprov tar man f\u00f6r att f\u00e5 en uppfattning om man har tarmparasiter p\u00e5 sina getter och man f\u00e5r d\u00e5 dessa<\/p>\n","protected":false},"author":2,"featured_media":0,"parent":0,"menu_order":0,"comment_status":"closed","ping_status":"closed","template":"","meta":{"footnotes":""},"class_list":["post-667","page","type-page","status-publish","hentry"],"_links":{"self":[{"href":"https:\/\/www.allmogegeten.se\/index.php\/wp-json\/wp\/v2\/pages\/667","targetHints":{"allow":["GET"]}}],"collection":[{"href":"https:\/\/www.allmogegeten.se\/index.php\/wp-json\/wp\/v2\/pages"}],"about":[{"href":"https:\/\/www.allmogegeten.se\/index.php\/wp-json\/wp\/v2\/types\/page"}],"author":[{"embeddable":true,"href":"https:\/\/www.allmogegeten.se\/index.php\/wp-json\/wp\/v2\/users\/2"}],"replies":[{"embeddable":true,"href":"https:\/\/www.allmogegeten.se\/index.php\/wp-json\/wp\/v2\/comments?post=667"}],"version-history":[{"count":1,"href":"https:\/\/www.allmogegeten.se\/index.php\/wp-json\/wp\/v2\/pages\/667\/revisions"}],"predecessor-version":[{"id":669,"href":"https:\/\/www.allmogegeten.se\/index.php\/wp-json\/wp\/v2\/pages\/667\/revisions\/669"}],"wp:attachment":[{"href":"https:\/\/www.allmogegeten.se\/index.php\/wp-json\/wp\/v2\/media?parent=667"}],"curies":[{"name":"wp","href":"https:\/\/api.w.org\/{rel}","templated":true}]}}