{"id":678,"date":"2026-01-07T12:01:29","date_gmt":"2026-01-07T11:01:29","guid":{"rendered":"https:\/\/www.allmogegeten.se\/?page_id=678"},"modified":"2026-02-08T09:48:55","modified_gmt":"2026-02-08T08:48:55","slug":"nu-finns-det-t-shirts-att-kopa-med-foreningens-logga","status":"publish","type":"page","link":"https:\/\/www.allmogegeten.se\/index.php\/nu-finns-det-t-shirts-att-kopa-med-foreningens-logga\/","title":{"rendered":"Medlemsartiklar"},"content":{"rendered":"\n<p style=\"font-size:18px\"><strong>T-shirts med f\u00f6reningens logga! <\/strong><\/p>\n\n\n\n<p style=\"font-size:16px\">Vi forts\u00e4tter det nya \u00e5ret med fler nyheter!<\/p>\n\n\n\n<p style=\"font-size:16px\">Vi har tv\u00e5 olika modeller och b\u00e5da finns i storlekarna S-XXL<\/p>\n\n\n\n<p style=\"font-size:16px\">Clique New Classic-T, vikt 160g\/m2. Pris: 250:- + frakt 60:-<\/p>\n\n\n\n<p style=\"font-size:16px\">Clique Premium Long-T, vikt 180g\/m2. Pris: 275:- + frakt 60:-<\/p>\n\n\n\n<p style=\"font-size:16px\">Personen p\u00e5 bilderna har storlek S och \u00e4r ca170 cm l\u00e5ng.<\/p>\n\n\n\n<p style=\"font-size:16px\">Best\u00e4ll genom att skicka ett mail med namn, adress, medlemsnummer och \u00f6nskad storlek till <a href=\"mailto:sara@allmogegeten.se\">sara@allmogegeten.se<\/a> , betala sen via pg 23 63 47\u20131 eller Swish 123 079 12 77. &nbsp;Vi skickar n\u00e4r pengarna kommit in.<\/p>\n\n\n\n<p class=\"has-text-align-center\"><em><strong>Clique New Classic-T:<\/strong><\/em><\/p>\n\n\n<div class=\"wp-block-image\">\n<figure class=\"aligncenter size-large is-resized\"><img loading=\"lazy\" decoding=\"async\" width=\"768\" height=\"1024\" src=\"https:\/\/www.allmogegeten.se\/wp-content\/uploads\/2026\/02\/Anna-kort-768x1024.jpg\" alt=\"\" class=\"wp-image-894\" style=\"aspect-ratio:0.750019998400128;width:480px;height:auto\" srcset=\"https:\/\/www.allmogegeten.se\/wp-content\/uploads\/2026\/02\/Anna-kort-768x1024.jpg 768w, https:\/\/www.allmogegeten.se\/wp-content\/uploads\/2026\/02\/Anna-kort-225x300.jpg 225w, https:\/\/www.allmogegeten.se\/wp-content\/uploads\/2026\/02\/Anna-kort-1152x1536.jpg 1152w, https:\/\/www.allmogegeten.se\/wp-content\/uploads\/2026\/02\/Anna-kort.jpg 1536w\" sizes=\"auto, (max-width: 768px) 100vw, 768px\" \/><\/figure>\n<\/div>\n\n<div class=\"wp-block-image\">\n<figure class=\"aligncenter size-large is-resized\"><img loading=\"lazy\" decoding=\"async\" width=\"768\" height=\"1024\" src=\"https:\/\/www.allmogegeten.se\/wp-content\/uploads\/2026\/02\/Anna-kortb-768x1024.jpg\" alt=\"\" class=\"wp-image-895\" style=\"aspect-ratio:0.7500100333105911;width:482px;height:auto\" srcset=\"https:\/\/www.allmogegeten.se\/wp-content\/uploads\/2026\/02\/Anna-kortb-768x1024.jpg 768w, https:\/\/www.allmogegeten.se\/wp-content\/uploads\/2026\/02\/Anna-kortb-225x300.jpg 225w, https:\/\/www.allmogegeten.se\/wp-content\/uploads\/2026\/02\/Anna-kortb-1152x1536.jpg 1152w, https:\/\/www.allmogegeten.se\/wp-content\/uploads\/2026\/02\/Anna-kortb.jpg 1536w\" sizes=\"auto, (max-width: 768px) 100vw, 768px\" \/><\/figure>\n<\/div>\n\n\n<p class=\"has-text-align-center\"><em><strong>Clique Premium Long-T:<\/strong><\/em><\/p>\n\n\n<div class=\"wp-block-image\">\n<figure class=\"aligncenter size-large is-resized\"><img loading=\"lazy\" decoding=\"async\" width=\"768\" height=\"1024\" src=\"https:\/\/www.allmogegeten.se\/wp-content\/uploads\/2026\/02\/Anna-lang-768x1024.jpg\" alt=\"\" class=\"wp-image-896\" style=\"aspect-ratio:0.750012007108208;width:485px;height:auto\" srcset=\"https:\/\/www.allmogegeten.se\/wp-content\/uploads\/2026\/02\/Anna-lang-768x1024.jpg 768w, https:\/\/www.allmogegeten.se\/wp-content\/uploads\/2026\/02\/Anna-lang-225x300.jpg 225w, https:\/\/www.allmogegeten.se\/wp-content\/uploads\/2026\/02\/Anna-lang-1152x1536.jpg 1152w, https:\/\/www.allmogegeten.se\/wp-content\/uploads\/2026\/02\/Anna-lang.jpg 1536w\" sizes=\"auto, (max-width: 768px) 100vw, 768px\" \/><\/figure>\n<\/div>\n\n<div class=\"wp-block-image\">\n<figure class=\"aligncenter size-large is-resized\"><img loading=\"lazy\" decoding=\"async\" width=\"768\" height=\"1024\" src=\"https:\/\/www.allmogegeten.se\/wp-content\/uploads\/2026\/02\/Anna-langb-768x1024.jpg\" alt=\"\" class=\"wp-image-897\" style=\"aspect-ratio:0.7500237710373681;width:486px;height:auto\" srcset=\"https:\/\/www.allmogegeten.se\/wp-content\/uploads\/2026\/02\/Anna-langb-768x1024.jpg 768w, https:\/\/www.allmogegeten.se\/wp-content\/uploads\/2026\/02\/Anna-langb-225x300.jpg 225w, https:\/\/www.allmogegeten.se\/wp-content\/uploads\/2026\/02\/Anna-langb-1152x1536.jpg 1152w, https:\/\/www.allmogegeten.se\/wp-content\/uploads\/2026\/02\/Anna-langb.jpg 1536w\" sizes=\"auto, (max-width: 768px) 100vw, 768px\" \/><\/figure>\n<\/div>","protected":false},"excerpt":{"rendered":"<p>T-shirts med f\u00f6reningens logga! Vi forts\u00e4tter det nya \u00e5ret med fler nyheter! Vi har tv\u00e5 olika modeller och b\u00e5da finns i storlekarna S-XXL Clique New<\/p>\n","protected":false},"author":2,"featured_media":0,"parent":0,"menu_order":0,"comment_status":"closed","ping_status":"closed","template":"","meta":{"footnotes":""},"class_list":["post-678","page","type-page","status-publish","hentry"],"_links":{"self":[{"href":"https:\/\/www.allmogegeten.se\/index.php\/wp-json\/wp\/v2\/pages\/678","targetHints":{"allow":["GET"]}}],"collection":[{"href":"https:\/\/www.allmogegeten.se\/index.php\/wp-json\/wp\/v2\/pages"}],"about":[{"href":"https:\/\/www.allmogegeten.se\/index.php\/wp-json\/wp\/v2\/types\/page"}],"author":[{"embeddable":true,"href":"https:\/\/www.allmogegeten.se\/index.php\/wp-json\/wp\/v2\/users\/2"}],"replies":[{"embeddable":true,"href":"https:\/\/www.allmogegeten.se\/index.php\/wp-json\/wp\/v2\/comments?post=678"}],"version-history":[{"count":8,"href":"https:\/\/www.allmogegeten.se\/index.php\/wp-json\/wp\/v2\/pages\/678\/revisions"}],"predecessor-version":[{"id":898,"href":"https:\/\/www.allmogegeten.se\/index.php\/wp-json\/wp\/v2\/pages\/678\/revisions\/898"}],"wp:attachment":[{"href":"https:\/\/www.allmogegeten.se\/index.php\/wp-json\/wp\/v2\/media?parent=678"}],"curies":[{"name":"wp","href":"https:\/\/api.w.org\/{rel}","templated":true}]}}