{"id":695,"date":"2026-01-07T12:13:13","date_gmt":"2026-01-07T11:13:13","guid":{"rendered":"https:\/\/www.allmogegeten.se\/?page_id=695"},"modified":"2026-02-21T21:41:44","modified_gmt":"2026-02-21T20:41:44","slug":"marknaden","status":"publish","type":"page","link":"https:\/\/www.allmogegeten.se\/index.php\/marknaden\/","title":{"rendered":"Marknaden"},"content":{"rendered":"\n<p>H\u00e4r p\u00e5 v\u00e5r nya sida Marknaden finner ni l\u00e4nkar vidare till Annonssidan &#8211; gratis s\u00e4ljannons f\u00f6r livdjur och klubbartiklar som finns att k\u00f6pa. <\/p>\n\n\n\n<p><a href=\"https:\/\/www.allmogegeten.se\/index.php\/annonser\/\">Annonser<\/a><\/p>\n\n\n\n<p><a href=\"https:\/\/www.allmogegeten.se\/index.php\/nu-finns-det-t-shirts-att-kopa-med-foreningens-logga\/\" data-type=\"page\" data-id=\"678\">Klubbartiklar<\/a><\/p>\n\n\n\n<p><\/p>\n","protected":false},"excerpt":{"rendered":"<p>H\u00e4r p\u00e5 v\u00e5r nya sida Marknaden finner ni l\u00e4nkar vidare till Annonssidan &#8211; gratis s\u00e4ljannons f\u00f6r livdjur och klubbartiklar som finns att k\u00f6pa. Annonser Klubbartiklar<\/p>\n","protected":false},"author":2,"featured_media":0,"parent":0,"menu_order":0,"comment_status":"closed","ping_status":"closed","template":"","meta":{"footnotes":""},"class_list":["post-695","page","type-page","status-publish","hentry"],"_links":{"self":[{"href":"https:\/\/www.allmogegeten.se\/index.php\/wp-json\/wp\/v2\/pages\/695","targetHints":{"allow":["GET"]}}],"collection":[{"href":"https:\/\/www.allmogegeten.se\/index.php\/wp-json\/wp\/v2\/pages"}],"about":[{"href":"https:\/\/www.allmogegeten.se\/index.php\/wp-json\/wp\/v2\/types\/page"}],"author":[{"embeddable":true,"href":"https:\/\/www.allmogegeten.se\/index.php\/wp-json\/wp\/v2\/users\/2"}],"replies":[{"embeddable":true,"href":"https:\/\/www.allmogegeten.se\/index.php\/wp-json\/wp\/v2\/comments?post=695"}],"version-history":[{"count":3,"href":"https:\/\/www.allmogegeten.se\/index.php\/wp-json\/wp\/v2\/pages\/695\/revisions"}],"predecessor-version":[{"id":908,"href":"https:\/\/www.allmogegeten.se\/index.php\/wp-json\/wp\/v2\/pages\/695\/revisions\/908"}],"wp:attachment":[{"href":"https:\/\/www.allmogegeten.se\/index.php\/wp-json\/wp\/v2\/media?parent=695"}],"curies":[{"name":"wp","href":"https:\/\/api.w.org\/{rel}","templated":true}]}}