{"id":739,"date":"2026-01-17T10:40:38","date_gmt":"2026-01-17T09:40:38","guid":{"rendered":"https:\/\/www.allmogegeten.se\/?page_id=739"},"modified":"2026-05-08T08:39:27","modified_gmt":"2026-05-08T06:39:27","slug":"till-salu-jamtget","status":"publish","type":"page","link":"https:\/\/www.allmogegeten.se\/index.php\/till-salu-jamtget\/","title":{"rendered":"Till Salu &#8211; J\u00e4mtget"},"content":{"rendered":"\n<p style=\"font-size:16px;font-style:italic;font-weight:400\">T\u00e4nk p\u00e5 att det kan finnas fler djur till f\u00f6rs\u00e4ljning \u00e4n vad som visas p\u00e5 denna sida! V\u00e4nd dig d\u00e4rf\u00f6r alltid till <a href=\"mailto: jamtget@allmogegeten.se\">genbanksansvarig<\/a> innan k\u00f6p av djur, de kan finnas p\u00e5 n\u00e4rmre h\u00e5ll \u00e4n vad som visas h\u00e4r, det kan finnas linjer som \u00e4r extra viktiga att bevara. V\u00e4lkomna att kontakta genbanksansvarig!  <\/p>\n\n\n\n<p class=\"has-text-align-center\">********************<\/p>\n\n\n\n<p class=\"has-text-align-center\" style=\"font-style:italic;font-weight:300\"><strong>Riktpriser<\/strong><\/p>\n\n\n\n<p class=\"has-text-align-center\" style=\"font-style:italic;font-weight:300\">Det \u00e4r fritt f\u00f6r varje djur\u00e4gare att sj\u00e4lv best\u00e4mma vad man vill ha betalt n\u00e4r man s\u00e4ljer sina genbanksdjur. \u00c5rsm\u00f6tet har tagit fram f\u00f6ljande rekommenderande riktpriser som en v\u00e4gledning: <\/p>\n\n\n\n<p class=\"has-text-align-center\" style=\"font-style:italic;font-weight:300\"><strong>Bockkilling: <\/strong>1 000:-  <strong>Getkilling: <\/strong>1 500:-  <strong>Vuxet avelsdjur (oavsett k\u00f6n): <\/strong>2 000:-<\/p>\n\n\n\n<p style=\"font-size:16px\"><\/p>\n\n\n\n<p style=\"font-size:16px\">2026-02-01_________________________________________________________<br><\/p>\n\n\n\n<p style=\"font-size:16px\"><strong>J\u00e4mtgetsbock<\/strong><\/p>\n\n\n\n<p style=\"font-size:16px\">En J\u00e4mtbock, f\u00f6dd 2024, Lundane Fj\u00e4llets Sture.<br><strong>Far:<\/strong> S\u00f6derg\u00e5rdens Ruben<br><strong>Mor:<\/strong> R\u00e5dsparkens Undra<\/p>\n\n\n\n<p style=\"font-size:16px\"><em>Namn: Helen Bj\u00f6rklund G-1176, Veddige, Halland<br>Telefon: 0702168977<br>E-post:&nbsp;<a href=\"mailto:helen_bjorklund@telia.com\">helen_bjorklund@telia.com<\/a><\/em><\/p>\n\n\n\n<p style=\"font-size:16px\">2026-02-09___________________________________________________________<\/p>\n\n\n\n<p style=\"font-size:16px\"><strong>3 j\u00e4mtgetter s\u00f6ker nytt hem!<\/strong><\/p>\n\n\n\n<p style=\"font-size:16px\">Svedjornas Nanna -23, Gammelg\u00e5rdens Embla -25 &amp; S\u00f6t\u00e5sens Bob -15 .<br>Bob \u00e4r Nannas farfar och kastrerad sedan m\u00e5nga \u00e5r och en oerh\u00f6rt sn\u00e4ll bock. <br>S\u00f6ker i f\u00f6rsta hand nytt boende som grupp! Skicka mail!<\/p>\n\n\n\n<p style=\"font-size:16px\"><em>Namn: Kerstin Lundquist G-911, Bollebygds kommun, V\u00e4sterg\u00f6tland<br>E-post:&nbsp;<a href=\"mailto:kerstin@svedjorna.se\">kerstin@svedjorna.se<\/a><\/em><\/p>\n\n\n\n<p style=\"font-size:16px\"><br>2026-03-20________________________________________________________<\/p>\n\n\n\n<p style=\"font-size:16px\"><strong>Flock p\u00e5 5 getter s\u00e4ljes till nytt hem<\/strong><\/p>\n\n\n\n<p style=\"font-size:16px\">Tidl\u00f6sas Sigrid, f\u00f6dd 2016<br><strong>Far:<\/strong> Blecktorps Sven<br><strong>Mor:<\/strong> Tidl\u00f6sas Sigrun<\/p>\n\n\n\n<p style=\"font-size:16px\">Perstorps Linea, f\u00f6dd 2019<br><strong>Far:<\/strong> Sk\u00e5nes Djurparks Sven<br><strong>Mor:<\/strong> Perstorps Estelle<\/p>\n\n\n\n<p style=\"font-size:16px\">Hannag\u00e5rdens Liv, f\u00f6dd 2023<br><strong>Far:<\/strong> Bergmanstorpets Cornelius Fudge<br><strong>Mor:<\/strong> Perstorps Linea<\/p>\n\n\n\n<p style=\"font-size:16px\">Hannag\u00e5rdens Iris, f\u00f6dd 2023<br><strong>Far:<\/strong> Bergmanstorpets Cornelius Fudge<br><strong>Mor:<\/strong> Perstorps Estelle<\/p>\n\n\n\n<p style=\"font-size:16px\">Hannag\u00e5rdens M\u00e5nfina, f\u00f6dd 2024<br><strong>Far:<\/strong> Hannag\u00e5rdens Sigismund<br><strong>Mor:<\/strong> Perstorps Linea<\/p>\n\n\n\n<p style=\"font-size:16px\">Trevliga sn\u00e4lla djur. Ring g\u00e4rna f\u00f6r mer info. <\/p>\n\n\n\n<p style=\"font-size:16px\"><em>Namn: Joakim Gullberg, G-1205, Visseltofta, Sk\u00e5ne <br>Telefon: 0768197874<br>E-post:<\/em> <a href=\"mailto:jocke_titan@hotmail.com\"><em>jocke_titan@hotmail.com<\/em><\/a><\/p>\n\n\n\n<p style=\"font-size:16px\">2026-04-07____________________________________________________________<\/p>\n\n\n\n<p style=\"font-size:16px\"><strong>J\u00e4mtbock<\/strong><\/p>\n\n\n\n<p style=\"font-size:16px\"><strong>Nordmark Skogsg\u00e5rds Elof<\/strong> J-719-24-07<br>J\u00e4mtbock till salu, riktpris, intyg finns.<br>Beh\u00f6ver flytta senast 30\/4, finns i v\u00e4stra V\u00e4rmland.<\/p>\n\n\n\n<p style=\"font-size:16px\"><em>Namn: Per Gustafsson, G-1428, T\u00f6cksfors, V\u00e4rmland<br>Telefon: 0703821023<br>E-post:&nbsp;<a href=\"mailto:info@asensgardsbruk.se\">info@asensgardsbruk.se<\/a><\/em><\/p>\n\n\n\n<p style=\"font-size:16px\">2026-04-22_____________________________________________________________<\/p>\n\n\n\n<p style=\"font-size:16px\"><strong>J\u00e4mtget<\/strong>:&nbsp;<strong>en bock, tre getter och tv\u00e5 killingar<\/strong><\/p>\n\n\n\n<p style=\"font-size:16px\">Getterna: <\/p>\n\n\n\n<p style=\"font-size:16px\">&#8211; D\u00f6bergs Elly (5 \u00e5r), med en getkilling f\u00f6dd mars -26<br>&#8211; D\u00f6bergs Gnutta (7 \u00e5r), med en bockkilling f\u00f6dd mars -26<br>&#8211; D\u00f6bergs Rufs, (5\u00e5r)<\/p>\n\n\n\n<p style=\"font-size:16px\">Bocken: <\/p>\n\n\n\n<p style=\"font-size:16px\">&#8211; Hylletorps g\u00e5rd Humle (1 \u00e5r), \u00e4r far till \u00e5rets killingar. <br>S\u00e4ljes i grupp eller var f\u00f6r sig. <br>Pris enligt f\u00f6reningens riktprislista<\/p>\n\n\n\n<p style=\"font-size:16px\"><em>Namn: Stefan Jansson, G-691, Askersund, N\u00e4rke<br>Telefon: 076-8191203<br>E-post:&nbsp;<a href=\"mailto:doberg.brevlada@telia.com\">doberg.brevlada@telia.com<\/a><\/em><\/p>\n\n\n\n<p style=\"font-size:16px\">26-04-24_________________________________________________________________<\/p>\n\n\n\n<p style=\"font-size:16px\"><strong>2 getkillingar<\/strong><\/p>\n\n\n\n<p style=\"font-size:16px\">En f\u00f6dd 18\/3-26, vit med bruna tecken. <br><strong>Far:<\/strong> Augustendals Lennart, genbanksnr: 13-23-02<br><strong>Mor:<\/strong> Besmans Galadriel, genbanksnr: 693-13-03<\/p>\n\n\n\n<p style=\"font-size:16px\">En f\u00f6dd 7\/4-26, vit med svarta tecken.<br><strong>Far:<\/strong> Augustensdals Lennart, genbanksnr: 13-23-02<br><strong>Mor:<\/strong> Besmans Celebrian, genbanksnr: 693-23-04<\/p>\n\n\n\n<p style=\"font-size:16px\">De kan l\u00e4mna sin mor tidigast n\u00e4r de \u00e4r 3 m\u00e5n gamla. <\/p>\n\n\n\n<p style=\"font-size:16px\"><em>Namn: Annika, G-693, Hemse, Gotland <br>Telefon: 070-9492697<br>E-post: <a href=\"mailto:skvupp@outlook.com\">skvupp@outlook.com<\/a><\/em><\/p>\n\n\n\n<p style=\"font-size:16px\">26-04-29__________________________________________________________________<\/p>\n\n\n\n<p style=\"font-size:16px\"><strong>J\u00e4mtbockar<\/strong><\/p>\n\n\n\n<p style=\"font-size:16px\">Lilla Bortomtas Yoda &amp; Dobby<br>1 st brun\/vit bock f\u00f6dd 7 april<br>1 st gr\u00e5\/brun\/vit bock f\u00f6dd 7 april <\/p>\n\n\n\n<p style=\"font-size:16px\"><br><strong>Far:<\/strong>&nbsp;Get2Gether Bregott<br><strong>Mor:<\/strong>&nbsp;Oxbergs Sira<\/p>\n\n\n\n<p style=\"font-size:16px\"><em>Namn: Rose-Marie Eklund, G-1410, Ransta, V\u00e4stmanland<br>Telefon: 0739907189<br>E-post:&nbsp;<a href=\"mailto:rosi.eklund@gmail.com\">rosi.eklund@gmail.com<\/a><\/em><\/p>\n\n\n\n<p style=\"font-size:16px\">___________________________________________________________________________<\/p>\n\n\n\n<p><\/p>\n","protected":false},"excerpt":{"rendered":"<p>T\u00e4nk p\u00e5 att det kan finnas fler djur till f\u00f6rs\u00e4ljning \u00e4n vad som visas p\u00e5 denna sida! V\u00e4nd dig d\u00e4rf\u00f6r alltid till genbanksansvarig innan k\u00f6p<\/p>\n","protected":false},"author":2,"featured_media":0,"parent":0,"menu_order":0,"comment_status":"closed","ping_status":"closed","template":"","meta":{"footnotes":""},"class_list":["post-739","page","type-page","status-publish","hentry"],"_links":{"self":[{"href":"https:\/\/www.allmogegeten.se\/index.php\/wp-json\/wp\/v2\/pages\/739","targetHints":{"allow":["GET"]}}],"collection":[{"href":"https:\/\/www.allmogegeten.se\/index.php\/wp-json\/wp\/v2\/pages"}],"about":[{"href":"https:\/\/www.allmogegeten.se\/index.php\/wp-json\/wp\/v2\/types\/page"}],"author":[{"embeddable":true,"href":"https:\/\/www.allmogegeten.se\/index.php\/wp-json\/wp\/v2\/users\/2"}],"replies":[{"embeddable":true,"href":"https:\/\/www.allmogegeten.se\/index.php\/wp-json\/wp\/v2\/comments?post=739"}],"version-history":[{"count":32,"href":"https:\/\/www.allmogegeten.se\/index.php\/wp-json\/wp\/v2\/pages\/739\/revisions"}],"predecessor-version":[{"id":960,"href":"https:\/\/www.allmogegeten.se\/index.php\/wp-json\/wp\/v2\/pages\/739\/revisions\/960"}],"wp:attachment":[{"href":"https:\/\/www.allmogegeten.se\/index.php\/wp-json\/wp\/v2\/media?parent=739"}],"curies":[{"name":"wp","href":"https:\/\/api.w.org\/{rel}","templated":true}]}}