{"id":746,"date":"2026-01-17T11:06:08","date_gmt":"2026-01-17T10:06:08","guid":{"rendered":"https:\/\/www.allmogegeten.se\/?page_id=746"},"modified":"2026-01-17T16:06:02","modified_gmt":"2026-01-17T15:06:02","slug":"nagra-saker-att-tanka-pa-vid-kop-av-getter","status":"publish","type":"page","link":"https:\/\/www.allmogegeten.se\/index.php\/nagra-saker-att-tanka-pa-vid-kop-av-getter\/","title":{"rendered":"N\u00e5gra saker att t\u00e4nka p\u00e5 vid k\u00f6p av getter"},"content":{"rendered":"\n<p class=\"has-text-align-center\" style=\"font-size:16px\">Nedan f\u00f6ljer en enkel checklista med punkter som du b\u00f6r kontrollera n\u00e4r du k\u00f6per allmogegetter. <\/p>\n\n\n\n<div class=\"wp-block-group is-vertical is-content-justification-center is-layout-flex wp-container-core-group-is-layout-4b2eccd6 wp-block-group-is-layout-flex\">\n<p style=\"font-size:16px\"><strong>\u00d6vergripande intryck:<\/strong><\/p>\n\n\n\n<div class=\"wp-block-group is-nowrap is-layout-flex wp-container-core-group-is-layout-ad2f72ca wp-block-group-is-layout-flex\">\n<p style=\"font-size:16px\"><strong>[ ]<\/strong> Boendemilj\u00f6\/hygien<\/p>\n\n\n\n<p style=\"font-size:16px\"><strong>[ ]<\/strong> H\u00e4lsostatus p\u00e5 \u00f6vriga djur i gruppen<\/p>\n<\/div>\n<\/div>\n\n\n\n<p class=\"has-text-align-center\" style=\"font-size:16px\"><strong>Vuxen bock:<\/strong><\/p>\n\n\n\n<div class=\"wp-block-group is-content-justification-center is-nowrap is-layout-flex wp-container-core-group-is-layout-94bc23d7 wp-block-group-is-layout-flex\">\n<div class=\"wp-block-group is-vertical is-layout-flex wp-container-core-group-is-layout-8cf370e7 wp-block-group-is-layout-flex\">\n<p style=\"font-size:16px\"><strong>[ ]<\/strong> Testiklar<\/p>\n\n\n\n<p style=\"font-size:16px\"><strong>[ ] <\/strong>Horn<\/p>\n\n\n\n<p style=\"font-size:16px\"><strong>[ ]<\/strong> Bett<\/p>\n\n\n\n<p style=\"font-size:16px\"><strong>[ ]<\/strong> Avvikande proportioner\/exteri\u00f6rt<\/p>\n\n\n\n<p style=\"font-size:16px\"><strong>[ ]<\/strong> Kl\u00f6var<\/p>\n\n\n\n<p style=\"font-size:16px\"><strong>[ ]<\/strong> Ragg<\/p>\n\n\n\n<p style=\"font-size:16px\"><strong>[ ]<\/strong> Temperament\/lynne<\/p>\n\n\n\n<p style=\"font-size:16px\"><strong>[ ] <\/strong>Hull<\/p>\n<\/div>\n<\/div>\n\n\n\n<p class=\"has-text-align-center\" style=\"font-size:16px\"><strong>Vuxen get:<\/strong><\/p>\n\n\n\n<div class=\"wp-block-group is-content-justification-center is-nowrap is-layout-flex wp-container-core-group-is-layout-94bc23d7 wp-block-group-is-layout-flex\">\n<div class=\"wp-block-group is-vertical is-layout-flex wp-container-core-group-is-layout-8cf370e7 wp-block-group-is-layout-flex\">\n<p class=\"has-text-align-center\" style=\"font-size:16px\"><strong>[ ]<\/strong> Juver\/spenar<\/p>\n\n\n\n<p class=\"has-text-align-center\" style=\"font-size:16px\"><strong>[ ]<\/strong> Bett<\/p>\n\n\n\n<p class=\"has-text-align-center\" style=\"font-size:16px\"><strong>[ ]<\/strong> Avvikande proportioner\/exteri\u00f6rt<\/p>\n\n\n\n<p class=\"has-text-align-center\" style=\"font-size:16px\"><strong>[ ]<\/strong> Kl\u00f6var<\/p>\n\n\n\n<p class=\"has-text-align-center\" style=\"font-size:16px\"><strong>[ ]<\/strong> Ragg<\/p>\n\n\n\n<p class=\"has-text-align-center\" style=\"font-size:16px\"><strong>[ ]<\/strong> Hull<\/p>\n<\/div>\n<\/div>\n\n\n\n<p class=\"has-text-align-center\" style=\"font-size:16px\"><strong>Killing:<\/strong><\/p>\n\n\n\n<div class=\"wp-block-group is-content-justification-center is-nowrap is-layout-flex wp-container-core-group-is-layout-94bc23d7 wp-block-group-is-layout-flex\">\n<div class=\"wp-block-group is-vertical is-content-justification-left is-layout-flex wp-container-core-group-is-layout-c0ca7d81 wp-block-group-is-layout-flex\">\n<p style=\"font-size:16px\"><strong>[ ] <\/strong>Testiklar\/juver\/spenar<\/p>\n\n\n\n<p style=\"font-size:16px\"><strong>[ ] <\/strong>Horn\/horn\u00e4mne<\/p>\n\n\n\n<p style=\"font-size:16px\"><strong>[ ]<\/strong> Bett<\/p>\n\n\n\n<p style=\"font-size:16px\"><strong>[ ] <\/strong>Avvikande proportioner\/exteri\u00f6rt<\/p>\n\n\n\n<p style=\"font-size:16px\"><strong>[ ]<\/strong> Kl\u00f6var<\/p>\n<\/div>\n<\/div>\n\n\n\n<figure class=\"wp-block-gallery has-nested-images columns-default is-cropped wp-block-gallery-1 is-layout-flex wp-block-gallery-is-layout-flex\">\n<figure class=\"wp-block-image size-large is-style-rounded\"><img loading=\"lazy\" decoding=\"async\" width=\"1024\" height=\"681\" data-id=\"66\" src=\"https:\/\/www.allmogegeten.se\/wp-content\/uploads\/2021\/09\/truls-1024x681.jpg\" alt=\"\" class=\"wp-image-66\" srcset=\"https:\/\/www.allmogegeten.se\/wp-content\/uploads\/2021\/09\/truls-1024x681.jpg 1024w, https:\/\/www.allmogegeten.se\/wp-content\/uploads\/2021\/09\/truls-300x199.jpg 300w, https:\/\/www.allmogegeten.se\/wp-content\/uploads\/2021\/09\/truls-768x511.jpg 768w, https:\/\/www.allmogegeten.se\/wp-content\/uploads\/2021\/09\/truls-1536x1021.jpg 1536w, https:\/\/www.allmogegeten.se\/wp-content\/uploads\/2021\/09\/truls-2048x1362.jpg 2048w\" sizes=\"auto, (max-width: 1024px) 100vw, 1024px\" \/><\/figure>\n<\/figure>\n","protected":false},"excerpt":{"rendered":"<p>Nedan f\u00f6ljer en enkel checklista med punkter som du b\u00f6r kontrollera n\u00e4r du k\u00f6per allmogegetter. \u00d6vergripande intryck: [ ] Boendemilj\u00f6\/hygien [ ] H\u00e4lsostatus p\u00e5 \u00f6vriga<\/p>\n","protected":false},"author":2,"featured_media":0,"parent":0,"menu_order":0,"comment_status":"closed","ping_status":"closed","template":"","meta":{"footnotes":""},"class_list":["post-746","page","type-page","status-publish","hentry"],"_links":{"self":[{"href":"https:\/\/www.allmogegeten.se\/index.php\/wp-json\/wp\/v2\/pages\/746","targetHints":{"allow":["GET"]}}],"collection":[{"href":"https:\/\/www.allmogegeten.se\/index.php\/wp-json\/wp\/v2\/pages"}],"about":[{"href":"https:\/\/www.allmogegeten.se\/index.php\/wp-json\/wp\/v2\/types\/page"}],"author":[{"embeddable":true,"href":"https:\/\/www.allmogegeten.se\/index.php\/wp-json\/wp\/v2\/users\/2"}],"replies":[{"embeddable":true,"href":"https:\/\/www.allmogegeten.se\/index.php\/wp-json\/wp\/v2\/comments?post=746"}],"version-history":[{"count":6,"href":"https:\/\/www.allmogegeten.se\/index.php\/wp-json\/wp\/v2\/pages\/746\/revisions"}],"predecessor-version":[{"id":787,"href":"https:\/\/www.allmogegeten.se\/index.php\/wp-json\/wp\/v2\/pages\/746\/revisions\/787"}],"wp:attachment":[{"href":"https:\/\/www.allmogegeten.se\/index.php\/wp-json\/wp\/v2\/media?parent=746"}],"curies":[{"name":"wp","href":"https:\/\/api.w.org\/{rel}","templated":true}]}}