{"id":830,"date":"2026-01-28T20:44:18","date_gmt":"2026-01-28T19:44:18","guid":{"rendered":"https:\/\/www.allmogegeten.se\/?page_id=830"},"modified":"2026-01-28T21:24:59","modified_gmt":"2026-01-28T20:24:59","slug":"foreningen-allmogegetens-avelsprogram-jamtget","status":"publish","type":"page","link":"https:\/\/www.allmogegeten.se\/index.php\/foreningen-allmogegetens-avelsprogram-jamtget\/","title":{"rendered":"F\u00f6reningen Allmogegetens avelsprogram f\u00f6r j\u00e4mtget"},"content":{"rendered":"\n<p style=\"font-size:16px\"><strong>Rasens namn: <\/strong>J\u00e4mtget<\/p>\n\n\n\n<p style=\"font-size:16px\"><strong>Avelsprogrammets syfte:<\/strong> Bevarande av utrotningshotad ras<\/p>\n\n\n\n<p style=\"font-size:16px\"><strong>Geografiskt omr\u00e5de:<\/strong> Sverige<\/p>\n\n\n\n<p><strong>Rasbeskrivning<\/strong><\/p>\n\n\n\n<p style=\"font-size:16px\"><strong>Ursprung:<\/strong> F\u00e4bodmilj\u00f6 i J\u00e4mtland.<\/p>\n\n\n\n<p style=\"font-size:16px\"><strong>Tillvaratagande:<\/strong> Oviken 1951, Asp\u00e5s 1991, Fr\u00f6s\u00f6n 1995 och Ringvattnet 2005.<\/p>\n\n\n\n<p style=\"font-size:16px\"><strong>Founders:<\/strong> Asp\u00e5s Labraaten, Asp\u00e5s Nora, Asp\u00e5s Pinetta, Asp\u00e5s Gammelgeten, Asp\u00e5s Flora, Asp\u00e5s Storb\u00f6cken, Asp\u00e5s Penny, Asp\u00e5s \u00c4ngla, Asp\u00e5s Sk\u00e4llgeta, Sk\u00e5nes Djurparks Sigge, Sk\u00e5nes Djurparks Urik, Sk\u00e5nes Djurparks Rut, Sk\u00e5nes Djurparks Stefan, Sk\u00e5nes Djurparks Maj, Sk\u00e5nes Djurparks April, Sk\u00e5nes Djurparks Isack, Sk\u00e5nes Djurparks Ada-Lisa, Sk\u00e5nes Djurparks Svea, Sk\u00e5nes Djurparks Bettan, Ringvattnets Valle, Ringvattnets Vilma och Fr\u00f6s\u00f6ns Silva<\/p>\n\n\n\n<p style=\"font-size:16px\"><strong>K\u00e4nnetecken:<\/strong> Vikt och mankh\u00f6jd varierar. Vikt: get ca 35-65 kg, bock ca 50-100 kg. Mankh\u00f6jd: get ca 55-70 cm, bock ca 60-80 cm.<\/p>\n\n\n\n<p style=\"font-size:16px\">Hittills dokumenterade grundf\u00e4rger \u00e4r olika nyanser av brunt (49 %), viltf\u00e4rg (24 %), svart (18 %), gr\u00e5 (6 %) och vit (3 %). Enf\u00e4rgade djur f\u00f6rekommer, men olika grad av vitfl\u00e4ckighet \u00e4r vanligt. Viltteckning med markeringar p\u00e5 bl a ben, rygg och vid \u00f6gonen \u00e4r vanligt och f\u00f6rekommer i olika f\u00e4rgst\u00e4llningar. Samtliga djur \u00e4r behornade. \u201dKlockor\u201d f\u00f6rekommer hos enstaka djur.<\/p>\n\n\n\n<p style=\"font-size:16px\"><strong>Antal:<\/strong> Den 31 december 2021 fanns det 678 registrerade djur (124 bockar och 554 getter) i 118 bes\u00e4ttningar l. Tendensen \u00e4r svagt \u00f6kande.<\/p>\n\n\n\n<p><strong>Anv\u00e4ndningsomr\u00e5de<\/strong><\/p>\n\n\n\n<p style=\"font-size:16px\">Allmogegetterna har sitt ursprung i det sj\u00e4lvhush\u00e5llande samh\u00e4llet d\u00e4r de i f\u00f6rsta hand h\u00f6lls som resurssn\u00e5la producenter av skinn, mj\u00f6lk, ragg och horn. De fick ofta beta marker som annars var sv\u00e5rutnyttjade och vinterfodret bestod till stor del av torkat l\u00f6v och ris fr\u00e5n barrtr\u00e4d.<\/p>\n\n\n\n<p style=\"font-size:16px\">F\u00f6r att bevara s\u00e5 m\u00e5nga som m\u00f6jligt av deras lantrasegenskaper b\u00f6r de \u00e4ven idag h\u00e5llas p\u00e5 s\u00e5dant s\u00e4tt att kraven som st\u00e4lls p\u00e5 dem liknar de krav som en g\u00e5ng format dem. Det anv\u00e4ndningsomr\u00e5de som idag \u00e4r mest likt det ursprungliga \u00e4r att h\u00e5lla dem som husbehovsgetter och v\u00e4nja dem vid hantering och handmj\u00f6lkning. K\u00f6ttet fr\u00e5n \u00f6verskottsdjur \u00e4r en resurs som b\u00f6r tas tillvara. Allmogegetterna \u00e4r mycket goda betesdjur och f\u00f6redrar l\u00f6v framf\u00f6r gr\u00e4s. Detta, tillsammans med deras l\u00e4ttf\u00f6ddhet och r\u00f6rlighet, g\u00f6r dem v\u00e4l l\u00e4mpade f\u00f6r slybete p\u00e5 igenv\u00e4xande marker.<\/p>\n\n\n\n<p><strong>Avelsm\u00e5l<\/strong><\/p>\n\n\n\n<p style=\"font-size:16px\">M\u00e5let \u00e4r att bevara rasen som of\u00f6r\u00e4dlad lantras, med s\u00e5 stor bibeh\u00e5llen genetisk variation som m\u00f6jligt. Att till\u00e5ta yttre egenskaper att variera inom en bred rasram \u00e4r viktigt. S\u00e4rskilt viktiga inre egenskaper \u00e4r klimatisk h\u00e4rdighet, lokal anpassning, motst\u00e5ndskraft mot sjukdomar, l\u00e4tta f\u00f6dslar, l\u00e4ttf\u00f6ddhet, rimlig produktion, hanterbarhet samt h\u00e5llbarhet. En f\u00f6ruts\u00e4ttning f\u00f6r att kunna ta h\u00e4nsyn till s\u00e5 m\u00e5nga egenskaper \u00e4r att man inte st\u00e4ller m\u00e5let f\u00f6r n\u00e5gon enskild egenskap allt f\u00f6r h\u00f6gt i f\u00f6rh\u00e5llande till de andra.<\/p>\n\n\n\n<p style=\"font-size:16px\">F\u00f6r att uppfylla avelsm\u00e5len ska vi:<\/p>\n\n\n\n<p style=\"font-size:16px\">\u00b7 se till att s\u00e5 m\u00e5nga handjur och hondjur som m\u00f6jligt f\u00e5r avkomma.<\/p>\n\n\n\n<p style=\"font-size:16px\">\u00b7 f\u00f6respr\u00e5ka h\u00e5llande av egen bock.<\/p>\n\n\n\n<p style=\"font-size:16px\">\u00b7 h\u00e5lla proportionen mellan olika founders genetiska bidrag s\u00e5 j\u00e4mn som m\u00f6jligt.<\/p>\n\n\n\n<p style=\"font-size:16px\">\u00b7 erbjuda avelsr\u00e5dgivning och livdjursf\u00f6rmedling.<\/p>\n\n\n\n<p style=\"font-size:16px\">\u00b7 \u00e5rligen f\u00f6lja upp sjukdomar, medf\u00f6dda defekter och f\u00f6rlossningssv\u00e5righeter.<\/p>\n\n\n\n<p style=\"font-size:16px\">\u00b7 inte avla p\u00e5 djur som uppvisar defekter som \u00e4r eller kan vara \u00e4rftliga.<\/p>\n\n\n\n<p style=\"font-size:16px\">\u00b7 rekommendera djur\u00e4gare att h\u00e5lla den ras som har sitt uppkomstomr\u00e5de n\u00e4rmast deras geografiska omr\u00e5de.<\/p>\n\n\n\n<p style=\"font-size:16px\">\u00b7 bevara viktiga egenskaper och traditionell kunskap genom att s\u00e5 l\u00e5ngt som m\u00f6jligt anv\u00e4nda och utfodra djuren p\u00e5 det s\u00e4tt som format rasen.<\/p>\n\n\n\n<p style=\"font-size:16px\">\u00b7 undvika ensidiga avelsm\u00e5l och genom f\u00f6rsiktig selektion sl\u00e5 vakt om rasens viktigaste egenskaper.<\/p>\n\n\n\n<p><strong>Uppf\u00f6ljning av avelsm\u00e5len<\/strong><\/p>\n\n\n\n<p style=\"font-size:16px\">F\u00f6r att kontrollera tillst\u00e5ndet i rasen och s\u00e4kerst\u00e4lla ett l\u00e5ngsiktigt, h\u00e5llbart in situ-bevarande f\u00f6ljs avelsm\u00e5len upp genom att varje bes\u00e4ttning l\u00e4mnar en \u00e5rlig rapport d\u00e4r f\u00f6r\u00e4ndringar i djurmaterialet s\u00e5som f\u00f6dda och d\u00f6da djur rapporteras. \u00c4ven uppgifter om d\u00f6dsorsaker samt killningsf\u00f6rlopp, d\u00e4r eventuella komplikationer och medf\u00f6dda defekter rapporteras. Dessutom inneh\u00e5ller rapporten fr\u00e5gor om h\u00e4lsol\u00e4get i bes\u00e4ttningen. Rapporten inneh\u00e5ller ocks\u00e5 en frivillig del med uppgifter om h\u00e5llandes\u00e4tt, utfodring och anv\u00e4ndning. Uppgifterna i rapporten anv\u00e4nds f\u00f6r att planera avelsarbetet och f\u00f6r att sammanst\u00e4lla \u00e5rlig statistik, som publiceras i medlemstidningen.<\/p>\n\n\n\n<p style=\"font-size:16px\">Stamboken analyseras \u00e5rligen f\u00f6r att f\u00f6lja upp founderrepresentation, ta fram inavelsber\u00e4kningar mm.<\/p>\n\n\n\n<p><strong>Avelsdjur<\/strong><\/p>\n\n\n\n<p style=\"font-size:16px\">Som avelsdjur r\u00e4knas djur vars h\u00e4rstamning kan f\u00f6ljas till founder-djuren. Avelsdjur ska vara fria fr\u00e5n medf\u00f6dda defekter och inte uppvisa synliga tecken p\u00e5 inkorsning av annan ras. Djur\u00e4garen v\u00e4ljer ut sina avelsdjur och avg\u00f6r sj\u00e4lv hur de ska bet\u00e4ckas.<\/p>\n\n\n\n<p style=\"font-size:16px\">F\u00f6reningen kan f\u00f6rbjuda eller begr\u00e4nsa anv\u00e4ndningen av djur och avelsmaterial fr\u00e5n dem om det \u00e4ventyrar bevarandet eller den genetiska m\u00e5ngfalden inom rasen. Ex. om ett stambokf\u00f6rt djur senare visar sig ha korsningsinslag och avkomma efter detta eller djur som \u00e4r kraftigt \u00f6veranv\u00e4nda i avel.<\/p>\n\n\n\n<p style=\"font-size:16px\">Djur som visat sig ned\u00e4rva letalanlag, defekter eller andra egenskaper som medf\u00f6r lidande f\u00f6r avkomman eller negativt p\u00e5verkar avkommans naturliga beteende eller som med stor sannolikhet ned\u00e4rver s\u00e5dana anlag, defekter eller egenskaper ska tas ur avel. Djur som med stor sannolikhet ned\u00e4rver disposition f\u00f6r h\u00f6g frekvens konstaterade sjukdomsfall, f\u00f6rlossningssv\u00e5righeter eller d\u00f6dlighet hos avkomma i samband med f\u00f6dsel ska inte anv\u00e4ndas i avel.<\/p>\n\n\n\n<p style=\"font-size:16px\">F\u00f6r att minimera korsningsrisken rekommenderar vi att man endast h\u00e5ller en getras i bes\u00e4ttningen. Om misstanke om inkorsning f\u00f6religger, p\u00e5 grund av att flera raser h\u00e5lls i bes\u00e4ttningen eller att avkomman avviker kraftigt fr\u00e5n rasbeskrivningen, kr\u00e4vs DNA-verifierad h\u00e4rstamning f\u00f6r att djuret ska kunna f\u00f6ras in i stamboken. Detta ombes\u00f6rjs och bekostas av uppf\u00f6daren.<\/p>\n\n\n\n<p><strong>Stamboken<\/strong><\/p>\n\n\n\n<p style=\"font-size:16px\">Stamboken (genbanksregistret) best\u00e5r av en avdelning. I den f\u00f6rs avelsdjur vars f\u00f6r\u00e4ldrar samt far- och morf\u00f6r\u00e4ldrar \u00e4r inf\u00f6rda i stamboken, undantaget founders d\u00e4r detta krav av naturliga sk\u00e4l inte g\u00e5r att till\u00e4mpa eftersom uppgifter om f\u00f6r\u00e4ldrar saknas. Avelsv\u00e4rdering till\u00e4mpas ej.<\/p>\n\n\n\n<p style=\"font-size:16px\">Djur som f\u00f6rs in i stamboken ska vara identifierade genom m\u00e4rkning med SE-nummer och individnummer enligt SJVFS 2021:13. Ans\u00f6kan om stambokf\u00f6ring g\u00f6rs av uppf\u00f6daren p\u00e5 s\u00e4rskild blankett d\u00e4r denne intygar att h\u00e4rstamningen och \u00f6vriga uppgifter \u00e4r korrekta.<\/p>\n\n\n\n<p style=\"font-size:16px\">I stamboken registreras djuren med ett unikt stamboksnummer (genbanksnummer) som best\u00e5r av f\u00f6delsebes\u00e4ttningens nummer, f\u00f6delse\u00e5r och l\u00f6pnummer, ett unikt namn med g\u00e5rdsprefix samt djurets m\u00e4rknummer (SE+individnummer). Dessutom anges f\u00f6delsedata, f\u00e4rg och eventuella andra k\u00e4nnetecken, uppf\u00f6dare, \u00e4gare samt h\u00e4rstamningsuppgifter som kan f\u00f6ljas hela v\u00e4gen tillbaka till ursprungsdjuren (founders).<\/p>\n\n\n\n<p style=\"font-size:16px\"><em>\u00a0\u00a0\u00a0\u00a0\u00a0\u00a0\u00a0\u00a0\u00a0\u00a0\u00a0\u00a0\u00a0\u00a0\u00a0                                                                                                                          F\u00f6reningen Allmogegeten 2023-10-21<\/em><\/p>\n\n\n\n<p style=\"font-size:16px\"><\/p>\n\n\n<div class=\"wp-block-image\">\n<figure class=\"aligncenter size-large\"><img decoding=\"async\" src=\"https:\/\/www.allmogegeten.se\/wp-content\/uploads\/2021\/09\/allmogegeten.png\" alt=\"\"\/><\/figure>\n<\/div>","protected":false},"excerpt":{"rendered":"<p>Rasens namn: J\u00e4mtget Avelsprogrammets syfte: Bevarande av utrotningshotad ras Geografiskt omr\u00e5de: Sverige Rasbeskrivning Ursprung: F\u00e4bodmilj\u00f6 i J\u00e4mtland. Tillvaratagande: Oviken 1951, Asp\u00e5s 1991, Fr\u00f6s\u00f6n 1995 och<\/p>\n","protected":false},"author":2,"featured_media":0,"parent":0,"menu_order":0,"comment_status":"closed","ping_status":"closed","template":"","meta":{"footnotes":""},"class_list":["post-830","page","type-page","status-publish","hentry"],"_links":{"self":[{"href":"https:\/\/www.allmogegeten.se\/index.php\/wp-json\/wp\/v2\/pages\/830","targetHints":{"allow":["GET"]}}],"collection":[{"href":"https:\/\/www.allmogegeten.se\/index.php\/wp-json\/wp\/v2\/pages"}],"about":[{"href":"https:\/\/www.allmogegeten.se\/index.php\/wp-json\/wp\/v2\/types\/page"}],"author":[{"embeddable":true,"href":"https:\/\/www.allmogegeten.se\/index.php\/wp-json\/wp\/v2\/users\/2"}],"replies":[{"embeddable":true,"href":"https:\/\/www.allmogegeten.se\/index.php\/wp-json\/wp\/v2\/comments?post=830"}],"version-history":[{"count":2,"href":"https:\/\/www.allmogegeten.se\/index.php\/wp-json\/wp\/v2\/pages\/830\/revisions"}],"predecessor-version":[{"id":840,"href":"https:\/\/www.allmogegeten.se\/index.php\/wp-json\/wp\/v2\/pages\/830\/revisions\/840"}],"wp:attachment":[{"href":"https:\/\/www.allmogegeten.se\/index.php\/wp-json\/wp\/v2\/media?parent=830"}],"curies":[{"name":"wp","href":"https:\/\/api.w.org\/{rel}","templated":true}]}}