{"id":861,"date":"2026-01-29T11:26:00","date_gmt":"2026-01-29T10:26:00","guid":{"rendered":"https:\/\/www.allmogegeten.se\/?page_id=861"},"modified":"2026-01-29T11:26:00","modified_gmt":"2026-01-29T10:26:00","slug":"faos-hotkategorier","status":"publish","type":"page","link":"https:\/\/www.allmogegeten.se\/index.php\/faos-hotkategorier\/","title":{"rendered":"FAO:s hotkategorier"},"content":{"rendered":"\n<p>Olika organisationer har olika kategorier f\u00f6r att beskriva hotl\u00e4get f\u00f6r en art eller en ras. FAO: s definitioner \u00e4r anpassade till globala f\u00f6rh\u00e5llanden och de \u00e4r l\u00e4tta att f\u00f6rst\u00e5 och anv\u00e4nda.<\/p>\n\n\n\n<p style=\"font-size:16px\"><strong>Utd\u00f6d:<\/strong> En ras \u00e4r utd\u00f6d n\u00e4r det inte l\u00e4ngre finns en m\u00f6jlighet att \u00e5terskapa rasen. Situationen uppkommer n\u00e4r inga handjur eller hondjur i avel finns kvar. I verkligheten kan en ras vara utrotad innan f\u00f6rlusten av det sista levande djuret, gameten eller embryot har f\u00f6rsvunnit.<\/p>\n\n\n\n<p style=\"font-size:16px\"><strong>Kritiskt (critical):<\/strong> L\u00e4get f\u00f6r rasen betecknas som kritiskt om det totala antalet honor i avel \u00e4r 100 eller f\u00e4rre eller om det totala antalet handjur i avel \u00e4r fem eller f\u00e4rre eller om den totala populationen best\u00e5r av 120 djur eller f\u00e4rre och \u00e4r minskande och procentandelen av antal honor i avel j\u00e4mf\u00f6rt med antal handjur i avel \u00e4r under 80 procent.<\/p>\n\n\n\n<p style=\"font-size:16px\"><strong>Kritiskt- bevarad (critical \u2013 maintained):<\/strong> Kategorin omfattar raser f\u00f6r vilka l\u00e4get \u00e4r kritiskt men d\u00e4r aktiva bevarandeprogram finns eller populationen bevaras av kommersiella f\u00f6retag eller forskningsinstitutioner.<\/p>\n\n\n\n<p style=\"font-size:16px\"><strong>Hotad (endangered):<\/strong> En ras \u00e4r hotad om det totala antalet hondjur i avel \u00e4r fler \u00e4n 100 men h\u00f6gst 1000 eller det totala antalet handjur i avel \u00e4r minst fem men h\u00f6gst 20 eller om hela populationen best\u00e5r av minst 80 och mest 100 individer och \u00e4r i \u00f6kande och den procentuella f\u00f6rdelningen av honor i avel j\u00e4mf\u00f6rt med handjur i avel \u00e4r \u00f6ver 80 % eller hela populationen \u00e4r fler \u00e4n 1000 men h\u00f6gst 1200 individer och i minskande och den procentuella f\u00f6rdelningen av honor i avel j\u00e4mf\u00f6rt med handjur i avel \u00e4r 80 % eller l\u00e4gre.<\/p>\n\n\n\n<p style=\"font-size:16px\"><strong>Hotad- bevarad (endangered \u2013 maintained):<\/strong> Till kategorin f\u00f6rs hotade raser f\u00f6r vilka bevarandeprogram finns eller populationen bevaras av kommersiella f\u00f6retag eller forskningsinstitutioner.<\/p>\n\n\n\n<p style=\"font-size:16px\"><strong>Inte i fara (not at risk): <\/strong>En ras betecknas vara utom fara om ingen av de andra hotkategorierna st\u00e4mmer p\u00e5 rasen i fr\u00e5ga. Det totala antalet hon- respektive handjur \u00e4r fler \u00e4n 1000 respektive 20 eller om den totala populationen \u00e4r fler \u00e4n 1200 individer och populationsstorleken \u00f6kar.<\/p>\n\n\n\n<p><\/p>\n","protected":false},"excerpt":{"rendered":"<p>Olika organisationer har olika kategorier f\u00f6r att beskriva hotl\u00e4get f\u00f6r en art eller en ras. FAO: s definitioner \u00e4r anpassade till globala f\u00f6rh\u00e5llanden och de<\/p>\n","protected":false},"author":2,"featured_media":0,"parent":0,"menu_order":0,"comment_status":"closed","ping_status":"closed","template":"","meta":{"footnotes":""},"class_list":["post-861","page","type-page","status-publish","hentry"],"_links":{"self":[{"href":"https:\/\/www.allmogegeten.se\/index.php\/wp-json\/wp\/v2\/pages\/861","targetHints":{"allow":["GET"]}}],"collection":[{"href":"https:\/\/www.allmogegeten.se\/index.php\/wp-json\/wp\/v2\/pages"}],"about":[{"href":"https:\/\/www.allmogegeten.se\/index.php\/wp-json\/wp\/v2\/types\/page"}],"author":[{"embeddable":true,"href":"https:\/\/www.allmogegeten.se\/index.php\/wp-json\/wp\/v2\/users\/2"}],"replies":[{"embeddable":true,"href":"https:\/\/www.allmogegeten.se\/index.php\/wp-json\/wp\/v2\/comments?post=861"}],"version-history":[{"count":1,"href":"https:\/\/www.allmogegeten.se\/index.php\/wp-json\/wp\/v2\/pages\/861\/revisions"}],"predecessor-version":[{"id":863,"href":"https:\/\/www.allmogegeten.se\/index.php\/wp-json\/wp\/v2\/pages\/861\/revisions\/863"}],"wp:attachment":[{"href":"https:\/\/www.allmogegeten.se\/index.php\/wp-json\/wp\/v2\/media?parent=861"}],"curies":[{"name":"wp","href":"https:\/\/api.w.org\/{rel}","templated":true}]}}