{"id":881,"date":"2026-02-06T10:13:20","date_gmt":"2026-02-06T09:13:20","guid":{"rendered":"https:\/\/www.allmogegeten.se\/?page_id=881"},"modified":"2026-02-06T10:13:20","modified_gmt":"2026-02-06T09:13:20","slug":"lappgeten-sveriges-mest-hotade-getras","status":"publish","type":"page","link":"https:\/\/www.allmogegeten.se\/index.php\/lappgeten-sveriges-mest-hotade-getras\/","title":{"rendered":"Lappgeten &#8211; Sveriges mest hotade getras"},"content":{"rendered":"\n<p style=\"font-size:16px\">Sommaren 2025 fick jag en f\u00f6rfr\u00e5gan fr\u00e5n Silvermuseet i Arjeplog om att h\u00e5lla ett f\u00f6redrag om lappgeten under Sameveckan som inf\u00f6ll vecka 40. Silvermuseet hade flera f\u00f6rel\u00e4sningar och aktiviteter med samiskt tema under denna vecka, jag tackade ja och valde att fokusera p\u00e5 historiken runt lappgeten. <\/p>\n\n\n\n<p style=\"font-size:16px\">H\u00e4r nedan kan ni se denna f\u00f6rel\u00e4sning som spelades in. <\/p>\n\n\n\n<p style=\"font-size:16px\">\/\/ Sara Str\u00f6mgren, en av tv\u00e5 genbanksansvarig f\u00f6r lappgeten<\/p>\n\n\n\n<figure class=\"wp-block-embed is-type-video is-provider-youtube wp-block-embed-youtube wp-embed-aspect-16-9 wp-has-aspect-ratio\"><div class=\"wp-block-embed__wrapper\">\n<iframe loading=\"lazy\" title=\"Lappgeten -  Sveriges mest hotade getras\" width=\"780\" height=\"439\" src=\"https:\/\/www.youtube.com\/embed\/ktG5-thPN5c?feature=oembed\" frameborder=\"0\" allow=\"accelerometer; autoplay; clipboard-write; encrypted-media; gyroscope; picture-in-picture; web-share\" referrerpolicy=\"strict-origin-when-cross-origin\" allowfullscreen><\/iframe>\n<\/div><\/figure>\n","protected":false},"excerpt":{"rendered":"<p>Sommaren 2025 fick jag en f\u00f6rfr\u00e5gan fr\u00e5n Silvermuseet i Arjeplog om att h\u00e5lla ett f\u00f6redrag om lappgeten under Sameveckan som inf\u00f6ll vecka 40. Silvermuseet hade<\/p>\n","protected":false},"author":2,"featured_media":0,"parent":0,"menu_order":0,"comment_status":"closed","ping_status":"closed","template":"","meta":{"footnotes":""},"class_list":["post-881","page","type-page","status-publish","hentry"],"_links":{"self":[{"href":"https:\/\/www.allmogegeten.se\/index.php\/wp-json\/wp\/v2\/pages\/881","targetHints":{"allow":["GET"]}}],"collection":[{"href":"https:\/\/www.allmogegeten.se\/index.php\/wp-json\/wp\/v2\/pages"}],"about":[{"href":"https:\/\/www.allmogegeten.se\/index.php\/wp-json\/wp\/v2\/types\/page"}],"author":[{"embeddable":true,"href":"https:\/\/www.allmogegeten.se\/index.php\/wp-json\/wp\/v2\/users\/2"}],"replies":[{"embeddable":true,"href":"https:\/\/www.allmogegeten.se\/index.php\/wp-json\/wp\/v2\/comments?post=881"}],"version-history":[{"count":1,"href":"https:\/\/www.allmogegeten.se\/index.php\/wp-json\/wp\/v2\/pages\/881\/revisions"}],"predecessor-version":[{"id":883,"href":"https:\/\/www.allmogegeten.se\/index.php\/wp-json\/wp\/v2\/pages\/881\/revisions\/883"}],"wp:attachment":[{"href":"https:\/\/www.allmogegeten.se\/index.php\/wp-json\/wp\/v2\/media?parent=881"}],"curies":[{"name":"wp","href":"https:\/\/api.w.org\/{rel}","templated":true}]}}